{"id":5721,"date":"2024-10-16T10:06:07","date_gmt":"2024-10-16T16:06:07","guid":{"rendered":"https:\/\/libreriahistoriasdebolsillo.com\/?post_type=product&#038;p=5721"},"modified":"2025-02-12T14:26:47","modified_gmt":"2025-02-12T20:26:47","slug":"la-isla-de-la-mujer-dormida","status":"publish","type":"product","link":"https:\/\/libreriahistoriasdebolsillo.com\/index.php\/producto\/la-isla-de-la-mujer-dormida\/","title":{"rendered":"La isla de la mujer dormida"},"content":{"rendered":"<p>Abril de\u00a0<b>1937<\/b>. Mientras en Espa\u00f1a transcurre la\u00a0<b>Guerra Civil<\/b>, el marino mercante Miguel Jord\u00e1n Kyriazis es enviado por el bando sublevado para atacar de modo clandestino el tr\u00e1fico naval que desde la Uni\u00f3n Sovi\u00e9tica transporta ayuda militar para la Rep\u00fablica. En la base de operaciones, una peque\u00f1a isla del mar Egeo, la vida del corsario espa\u00f1ol se cruzar\u00e1 en turbio tri\u00e1ngulo con la de los propietarios, el bar\u00f3n Katelios y su esposa: una seductora mujer madura que busca, con fr\u00eda desesperaci\u00f3n, el modo de escapar a su destino.<\/p>\n","protected":false},"excerpt":{"rendered":"<p>Arturo P\u00e9rez-Reverte<\/p>\n<p>256 p\u00e1ginas<\/p>\n","protected":false},"featured_media":5722,"template":"","meta":{"_joinchat":[]},"product_brand":[],"product_cat":[56,70],"product_tag":[34],"class_list":{"0":"post-5721","1":"product","2":"type-product","3":"status-publish","4":"has-post-thumbnail","6":"product_cat-historica","7":"product_cat-novedades","8":"product_tag-penguin-random-house","10":"first","11":"outofstock","12":"shipping-taxable","13":"purchasable","14":"product-type-simple"},"_links":{"self":[{"href":"https:\/\/libreriahistoriasdebolsillo.com\/index.php\/wp-json\/wp\/v2\/product\/5721","targetHints":{"allow":["GET"]}}],"collection":[{"href":"https:\/\/libreriahistoriasdebolsillo.com\/index.php\/wp-json\/wp\/v2\/product"}],"about":[{"href":"https:\/\/libreriahistoriasdebolsillo.com\/index.php\/wp-json\/wp\/v2\/types\/product"}],"wp:featuredmedia":[{"embeddable":true,"href":"https:\/\/libreriahistoriasdebolsillo.com\/index.php\/wp-json\/wp\/v2\/media\/5722"}],"wp:attachment":[{"href":"https:\/\/libreriahistoriasdebolsillo.com\/index.php\/wp-json\/wp\/v2\/media?parent=5721"}],"wp:term":[{"taxonomy":"product_brand","embeddable":true,"href":"https:\/\/libreriahistoriasdebolsillo.com\/index.php\/wp-json\/wp\/v2\/product_brand?post=5721"},{"taxonomy":"product_cat","embeddable":true,"href":"https:\/\/libreriahistoriasdebolsillo.com\/index.php\/wp-json\/wp\/v2\/product_cat?post=5721"},{"taxonomy":"product_tag","embeddable":true,"href":"https:\/\/libreriahistoriasdebolsillo.com\/index.php\/wp-json\/wp\/v2\/product_tag?post=5721"}],"curies":[{"name":"wp","href":"https:\/\/api.w.org\/{rel}","templated":true}]}}