{"id":5725,"date":"2024-10-16T10:12:00","date_gmt":"2024-10-16T16:12:00","guid":{"rendered":"https:\/\/libreriahistoriasdebolsillo.com\/?post_type=product&#038;p=5725"},"modified":"2025-02-12T14:28:07","modified_gmt":"2025-02-12T20:28:07","slug":"la-sociedad-de-los-autores-desconocidos","status":"publish","type":"product","link":"https:\/\/libreriahistoriasdebolsillo.com\/index.php\/producto\/la-sociedad-de-los-autores-desconocidos\/","title":{"rendered":"La sociedad de los autores desconocidos"},"content":{"rendered":"<p>En este\u00a0<b>bullet<\/b>\u00a0<b>journal<\/b>\u00a0encontrar\u00e1s una colecci\u00f3n de\u00a0<b>preguntas<\/b>\u00a0de todo tipo en las que podr\u00e1s regresar en el tiempo a\u00a0<b>redescubrir<\/b>\u00a0un poco de lo que has vivido, pero tambi\u00e9n\u00a0<b>reflexionar<\/b>\u00a0sobre tu presente y so\u00f1ar con el futuro. La idea es que juntos contemos la historia de tu vida y construyamos una\u00a0<b>cercan\u00eda especial<\/b>\u00a0entre t\u00fa y yo.<\/p>\n<p>Conf\u00eda en m\u00ed, no estar\u00e1s solo. Vamos a\u00a0<b>divertirnos<\/b>\u00a0mucho.<\/p>\n<p>&#8211;<b>El\u00e1n<\/b><\/p>\n","protected":false},"excerpt":{"rendered":"<p>El\u00e1n<\/p>\n<p>216 p\u00e1ginas<\/p>\n","protected":false},"featured_media":5726,"template":"","meta":{"_joinchat":[]},"product_brand":[],"product_cat":[41,70],"product_tag":[34],"class_list":{"0":"post-5725","1":"product","2":"type-product","3":"status-publish","4":"has-post-thumbnail","6":"product_cat-desarrollo-humano","7":"product_cat-novedades","8":"product_tag-penguin-random-house","10":"first","11":"outofstock","12":"shipping-taxable","13":"purchasable","14":"product-type-simple"},"_links":{"self":[{"href":"https:\/\/libreriahistoriasdebolsillo.com\/index.php\/wp-json\/wp\/v2\/product\/5725","targetHints":{"allow":["GET"]}}],"collection":[{"href":"https:\/\/libreriahistoriasdebolsillo.com\/index.php\/wp-json\/wp\/v2\/product"}],"about":[{"href":"https:\/\/libreriahistoriasdebolsillo.com\/index.php\/wp-json\/wp\/v2\/types\/product"}],"wp:featuredmedia":[{"embeddable":true,"href":"https:\/\/libreriahistoriasdebolsillo.com\/index.php\/wp-json\/wp\/v2\/media\/5726"}],"wp:attachment":[{"href":"https:\/\/libreriahistoriasdebolsillo.com\/index.php\/wp-json\/wp\/v2\/media?parent=5725"}],"wp:term":[{"taxonomy":"product_brand","embeddable":true,"href":"https:\/\/libreriahistoriasdebolsillo.com\/index.php\/wp-json\/wp\/v2\/product_brand?post=5725"},{"taxonomy":"product_cat","embeddable":true,"href":"https:\/\/libreriahistoriasdebolsillo.com\/index.php\/wp-json\/wp\/v2\/product_cat?post=5725"},{"taxonomy":"product_tag","embeddable":true,"href":"https:\/\/libreriahistoriasdebolsillo.com\/index.php\/wp-json\/wp\/v2\/product_tag?post=5725"}],"curies":[{"name":"wp","href":"https:\/\/api.w.org\/{rel}","templated":true}]}}