{"id":5727,"date":"2024-10-16T10:16:05","date_gmt":"2024-10-16T16:16:05","guid":{"rendered":"https:\/\/libreriahistoriasdebolsillo.com\/?post_type=product&#038;p=5727"},"modified":"2025-02-18T11:54:09","modified_gmt":"2025-02-18T17:54:09","slug":"navidad-en-hogwarts-tapa-dura","status":"publish","type":"product","link":"https:\/\/libreriahistoriasdebolsillo.com\/index.php\/producto\/navidad-en-hogwarts-tapa-dura\/","title":{"rendered":"Navidad en Hogwarts (Tapa dura)"},"content":{"rendered":"<p><b>El primer \u00e1lbum ilustrado navide\u00f1o del mundo m\u00e1gico de Harry Potter, en un precioso formato regalo con ilustraciones totalmente nuevas.<\/b><\/p>\n<p>\u00abSe acercaba la Navidad. Una ma\u00f1ana de mediados de diciembre,<\/p>\n<p>Hogwarts apareci\u00f3 cubierto por alrededor de un metro de nieve.\u00bb<\/p>\n<p>Ha llegado la Navidad a Hogwarts: el campo de quidditch est\u00e1 nevado y el Gran Comedor est\u00e1 decorado con velas, mu\u00e9rdago y abetos de navidad. Harry, Ron y Hermione est\u00e1n a punto de abrir sus regalos al calor de la chimenea de la sala com\u00fan de Gryffindor.<\/p>\n<p>\u00bfEst\u00e1s listo para pasar unas navidades m\u00e1gicas en Hogwarts?<\/p>\n<p>Texto extra\u00eddo de la novela original de J.K. Rowling, Harry Potter y la piedra filosofal<\/p>\n<p>Las tiernas ilustraciones de Ziyi Yao rebosan magia y encantar\u00e1n a los m\u00e1s peque\u00f1os.<\/p>\n<p>El regalo ideal para disfrutar en familia del cl\u00e1sico en un formato de lujo: con acabados premium y a todo color.<\/p>\n","protected":false},"excerpt":{"rendered":"<p>J.K. Rowling<\/p>\n<p>&nbsp;<\/p>\n","protected":false},"featured_media":5728,"template":"","meta":{"_joinchat":[]},"product_brand":[],"product_cat":[39,70],"product_tag":[34],"class_list":{"0":"post-5727","1":"product","2":"type-product","3":"status-publish","4":"has-post-thumbnail","6":"product_cat-fantasia","7":"product_cat-novedades","8":"product_tag-penguin-random-house","10":"first","11":"outofstock","12":"shipping-taxable","13":"purchasable","14":"product-type-simple"},"_links":{"self":[{"href":"https:\/\/libreriahistoriasdebolsillo.com\/index.php\/wp-json\/wp\/v2\/product\/5727","targetHints":{"allow":["GET"]}}],"collection":[{"href":"https:\/\/libreriahistoriasdebolsillo.com\/index.php\/wp-json\/wp\/v2\/product"}],"about":[{"href":"https:\/\/libreriahistoriasdebolsillo.com\/index.php\/wp-json\/wp\/v2\/types\/product"}],"wp:featuredmedia":[{"embeddable":true,"href":"https:\/\/libreriahistoriasdebolsillo.com\/index.php\/wp-json\/wp\/v2\/media\/5728"}],"wp:attachment":[{"href":"https:\/\/libreriahistoriasdebolsillo.com\/index.php\/wp-json\/wp\/v2\/media?parent=5727"}],"wp:term":[{"taxonomy":"product_brand","embeddable":true,"href":"https:\/\/libreriahistoriasdebolsillo.com\/index.php\/wp-json\/wp\/v2\/product_brand?post=5727"},{"taxonomy":"product_cat","embeddable":true,"href":"https:\/\/libreriahistoriasdebolsillo.com\/index.php\/wp-json\/wp\/v2\/product_cat?post=5727"},{"taxonomy":"product_tag","embeddable":true,"href":"https:\/\/libreriahistoriasdebolsillo.com\/index.php\/wp-json\/wp\/v2\/product_tag?post=5727"}],"curies":[{"name":"wp","href":"https:\/\/api.w.org\/{rel}","templated":true}]}}