{"id":5738,"date":"2024-10-16T16:14:03","date_gmt":"2024-10-16T22:14:03","guid":{"rendered":"https:\/\/libreriahistoriasdebolsillo.com\/?post_type=product&#038;p=5738"},"modified":"2025-08-26T15:30:40","modified_gmt":"2025-08-26T21:30:40","slug":"rayuela-2","status":"publish","type":"product","link":"https:\/\/libreriahistoriasdebolsillo.com\/index.php\/producto\/rayuela-2\/","title":{"rendered":"Rayuela"},"content":{"rendered":"<p>En\u00a0<i><b>Rayuela<\/b><\/i>\u00a0(1963),\u00a0<b>Julio Cort\u00e1zar<\/b>\u00a0supo condensar sus obsesiones est\u00e9ticas,\u00a0<b>literarias<\/b>\u00a0y vitales a partir de un mosaico diverso, profundo, inagotable que, a su vez, refleja de forma maravillosa lo m\u00e1s esencial de su \u00e9poca. El amor turbulento de\u00a0<b>Oliveira<\/b>\u00a0y La Maga, los amigos del\u00a0<b>Club de la Serpiente<\/b>, las impredecibles caminatas por Par\u00eds \u2014la ciudad que promete el cielo pero puede conducir al\u00a0<b>infierno<\/b>\u2014, encuentran su contracara en la aventura protagonizada por Oliveira, Talita y Traveler en\u00a0<b>Buenos Aires<\/b>.<\/p>\n<p>Rayuela es un libro \u00fanico, abierto a m\u00faltiples lecturas, l\u00fadico,\u00a0<b>complejo<\/b>, lleno de riesgo y humor, de una originalidad sin precedentes y un talento innato para influir en las futuras generaciones.<\/p>\n","protected":false},"excerpt":{"rendered":"<p>Julio Cort\u00e1zar<\/p>\n<p>600 p\u00e1ginas<\/p>\n","protected":false},"featured_media":5739,"template":"","meta":{"_joinchat":[]},"product_brand":[],"product_cat":[33],"product_tag":[34],"class_list":{"0":"post-5738","1":"product","2":"type-product","3":"status-publish","4":"has-post-thumbnail","6":"product_cat-ficcion-general","7":"product_tag-penguin-random-house","9":"first","10":"outofstock","11":"shipping-taxable","12":"purchasable","13":"product-type-simple"},"_links":{"self":[{"href":"https:\/\/libreriahistoriasdebolsillo.com\/index.php\/wp-json\/wp\/v2\/product\/5738","targetHints":{"allow":["GET"]}}],"collection":[{"href":"https:\/\/libreriahistoriasdebolsillo.com\/index.php\/wp-json\/wp\/v2\/product"}],"about":[{"href":"https:\/\/libreriahistoriasdebolsillo.com\/index.php\/wp-json\/wp\/v2\/types\/product"}],"wp:featuredmedia":[{"embeddable":true,"href":"https:\/\/libreriahistoriasdebolsillo.com\/index.php\/wp-json\/wp\/v2\/media\/5739"}],"wp:attachment":[{"href":"https:\/\/libreriahistoriasdebolsillo.com\/index.php\/wp-json\/wp\/v2\/media?parent=5738"}],"wp:term":[{"taxonomy":"product_brand","embeddable":true,"href":"https:\/\/libreriahistoriasdebolsillo.com\/index.php\/wp-json\/wp\/v2\/product_brand?post=5738"},{"taxonomy":"product_cat","embeddable":true,"href":"https:\/\/libreriahistoriasdebolsillo.com\/index.php\/wp-json\/wp\/v2\/product_cat?post=5738"},{"taxonomy":"product_tag","embeddable":true,"href":"https:\/\/libreriahistoriasdebolsillo.com\/index.php\/wp-json\/wp\/v2\/product_tag?post=5738"}],"curies":[{"name":"wp","href":"https:\/\/api.w.org\/{rel}","templated":true}]}}