{"id":5748,"date":"2024-10-22T09:44:29","date_gmt":"2024-10-22T15:44:29","guid":{"rendered":"https:\/\/libreriahistoriasdebolsillo.com\/?post_type=product&#038;p=5748"},"modified":"2025-02-18T11:58:43","modified_gmt":"2025-02-18T17:58:43","slug":"la-kings-2-la-torre-de-los-campeones","status":"publish","type":"product","link":"https:\/\/libreriahistoriasdebolsillo.com\/index.php\/producto\/la-kings-2-la-torre-de-los-campeones\/","title":{"rendered":"La kings 2. La torre de los campeones"},"content":{"rendered":"<p>Un a\u00f1o despu\u00e9s de la creaci\u00f3n del Kings League Kampus y de haber conocido a sus flamantes jugadores n\u00famero 12, la Kings ha roto todas las barreras. Su fama ya es internacional y nadie quiere perderse ni un partido de las j\u00f3venes promesas.<\/p>\n<p>Erik, Garz\u00f3n, Mae y compa\u00f1\u00eda siguen enamorando al p\u00fablico, tanto en el campo como fuera de \u00e9l.<\/p>\n<p>De pronto, en un fren\u00e9tico partido de Saiyans vs. El Barrio&#8230;\u00a0<b><u>\u00a1FLASH!<\/u><\/b>\u00a0Una gran pantalla aparece de la nada, se enciende y una misteriosa silueta negra se proyecta en ella.<\/p>\n<p>PARECE QUE SE ACERCA EL FINAL DE LA KINGS&#8230;,\u00a1y los \u00fanicos que pueden evitarlo son los alumnos del KLK!<\/p>\n","protected":false},"excerpt":{"rendered":"<p>160 p\u00e1ginas<\/p>\n","protected":false},"featured_media":5749,"template":"","meta":{"_joinchat":[]},"product_brand":[],"product_cat":[52,70],"product_tag":[34],"class_list":{"0":"post-5748","1":"product","2":"type-product","3":"status-publish","4":"has-post-thumbnail","6":"product_cat-juvenil","7":"product_cat-novedades","8":"product_tag-penguin-random-house","10":"first","11":"outofstock","12":"shipping-taxable","13":"purchasable","14":"product-type-simple"},"_links":{"self":[{"href":"https:\/\/libreriahistoriasdebolsillo.com\/index.php\/wp-json\/wp\/v2\/product\/5748","targetHints":{"allow":["GET"]}}],"collection":[{"href":"https:\/\/libreriahistoriasdebolsillo.com\/index.php\/wp-json\/wp\/v2\/product"}],"about":[{"href":"https:\/\/libreriahistoriasdebolsillo.com\/index.php\/wp-json\/wp\/v2\/types\/product"}],"wp:featuredmedia":[{"embeddable":true,"href":"https:\/\/libreriahistoriasdebolsillo.com\/index.php\/wp-json\/wp\/v2\/media\/5749"}],"wp:attachment":[{"href":"https:\/\/libreriahistoriasdebolsillo.com\/index.php\/wp-json\/wp\/v2\/media?parent=5748"}],"wp:term":[{"taxonomy":"product_brand","embeddable":true,"href":"https:\/\/libreriahistoriasdebolsillo.com\/index.php\/wp-json\/wp\/v2\/product_brand?post=5748"},{"taxonomy":"product_cat","embeddable":true,"href":"https:\/\/libreriahistoriasdebolsillo.com\/index.php\/wp-json\/wp\/v2\/product_cat?post=5748"},{"taxonomy":"product_tag","embeddable":true,"href":"https:\/\/libreriahistoriasdebolsillo.com\/index.php\/wp-json\/wp\/v2\/product_tag?post=5748"}],"curies":[{"name":"wp","href":"https:\/\/api.w.org\/{rel}","templated":true}]}}