{"id":5754,"date":"2024-10-22T09:52:06","date_gmt":"2024-10-22T15:52:06","guid":{"rendered":"https:\/\/libreriahistoriasdebolsillo.com\/?post_type=product&#038;p=5754"},"modified":"2025-02-18T11:57:57","modified_gmt":"2025-02-18T17:57:57","slug":"querida-mama-me-dueles","status":"publish","type":"product","link":"https:\/\/libreriahistoriasdebolsillo.com\/index.php\/producto\/querida-mama-me-dueles\/","title":{"rendered":"Querida mam\u00e1: me dueles"},"content":{"rendered":"<p><b>Marta Segrelles, psic\u00f3loga y autora de\u00a0<i>Abraza a la ni\u00f1a que fuiste<\/i>, vuelve con un libro muy especial para sanar las heridas de la infancia que m\u00e1s huella dejan: las que est\u00e1n en presentes en la relaci\u00f3n con nuestra madre.<\/b><\/p>\n<p><b>Da voz a la ni\u00f1a que fuiste en tu relaci\u00f3n madre-hija y haz las paces con tu presente.<\/b><\/p>\n<p>\u00bfTu relaci\u00f3n con tu madre no es la que te gustar\u00eda tener? \u00bfEn alg\u00fan momento te has sentido sola en su compa\u00f1\u00eda? \u00bfCrees que eres una mala hija porque necesitas alejarte de ella o hablar del malestar que a veces te provoca? Si has respondido que s\u00ed a alguna de estas preguntas,\u00a0<b>este libro es para ti.<\/b><\/p>\n<p>Con compasi\u00f3n y empat\u00eda, historias personales y recursos pr\u00e1cticos, Marta Segrelles, psic\u00f3loga referente en el trabajo del trauma y el apego y en la terapia con la ni\u00f1a interior, te acompa\u00f1a en\u00a0<b>un viaje al pasado para explorar la relaci\u00f3n con tu madre: un v\u00ednculo \u00fanico que deja una gran huella<\/b>. Con este libro aprender\u00e1s a abrazar tu historia para entenderte mejor hoy y darte como adulta aquello que, como ni\u00f1a, una vez necesitaste y no tuviste.<\/p>\n<p><b>Porque nunca hubo nada malo en ti.<\/b><\/p>\n<p><b><u>\u00bfQu\u00e9 encontrar\u00e1s en este libro?<\/u><\/b><\/p>\n<p>&#8211;<b>Relatos personales<\/b>\u00a0basados en casos reales de consulta y experiencias de la autora.<br \/>\n&#8211;<b>Materiales gr\u00e1ficos, esquemas e ilustraciones<\/b>\u00a0para facilitar la compresi\u00f3n de los conceptos.<br \/>\n&#8211;<b>Ejercicios pr\u00e1cticos y sencillos\u00a0<\/b>para reflexionar sobre tu relaci\u00f3n madre-hija, reconocer experiencias que te marcaron y\u00a0<b>reconectar con tu ni\u00f1a interior, esa parte de ti m\u00e1s vulnerable y sensible.<\/b><\/p>\n<p>\u00ab<b>Hablar de las heridas maternas no es nada f\u00e1cil, porque son heridas muy profundas y que nos cuesta mucho reconocer.\u00a0<\/b>\u00bfC\u00f3mo va a ser f\u00e1cil asumir el da\u00f1o y aceptar el dolor que proviene de la persona que, seg\u00fan la sociedad, m\u00e1s nos quiere en el mundo; aquella que nos ha dado la vida y\u00a0<b>que deber\u00eda cuidarnos y querernos contra viento y marea?<\/b><\/p>\n<p>Con este libro\u00a0<b>no llegaremos a conclusiones ni te voy a decir lo que tienes que hacer.\u00a0<\/b>No te voy a pedir que la perdones, ni que cortes el contacto o te distancies; ni que la quieras m\u00e1s porque \u00abmadre solo hay una\u00bb. Nada de eso. Quiero hablarte del dolor que sufres y ayudarte a saber c\u00f3mo atravesarlo.<\/p>\n<p><b>No es necesario haber vivido situaciones graves y extremas para que sepas de lo que hablo.<\/b>\u00a0A veces sencillamente sentimos que no tenemos la peor relaci\u00f3n con nuestra madre, pero tampoco la mejor, y no sabemos bien por qu\u00e9.<\/p>\n<p><b>Este libro no va de culpar a las madres; va de acoger el dolor que sentiste cuando eras ni\u00f1a y que todav\u00eda te acompa\u00f1a. Y, sobre todo, de abrazarte. Empecemos juntas\u00bb.<\/b><br \/>\n<b>Marta Segrelles<\/b><\/p>\n","protected":false},"excerpt":{"rendered":"<p>Marta Segrelles<\/p>\n<p>280 p\u00e1ginas<\/p>\n","protected":false},"featured_media":5755,"template":"","meta":{"_joinchat":[]},"product_brand":[],"product_cat":[58,41,70],"product_tag":[34],"class_list":{"0":"post-5754","1":"product","2":"type-product","3":"status-publish","4":"has-post-thumbnail","6":"product_cat-desarrollo-humano-y-superacion","7":"product_cat-desarrollo-humano","8":"product_cat-novedades","9":"product_tag-penguin-random-house","11":"first","12":"outofstock","13":"shipping-taxable","14":"purchasable","15":"product-type-simple"},"_links":{"self":[{"href":"https:\/\/libreriahistoriasdebolsillo.com\/index.php\/wp-json\/wp\/v2\/product\/5754","targetHints":{"allow":["GET"]}}],"collection":[{"href":"https:\/\/libreriahistoriasdebolsillo.com\/index.php\/wp-json\/wp\/v2\/product"}],"about":[{"href":"https:\/\/libreriahistoriasdebolsillo.com\/index.php\/wp-json\/wp\/v2\/types\/product"}],"wp:featuredmedia":[{"embeddable":true,"href":"https:\/\/libreriahistoriasdebolsillo.com\/index.php\/wp-json\/wp\/v2\/media\/5755"}],"wp:attachment":[{"href":"https:\/\/libreriahistoriasdebolsillo.com\/index.php\/wp-json\/wp\/v2\/media?parent=5754"}],"wp:term":[{"taxonomy":"product_brand","embeddable":true,"href":"https:\/\/libreriahistoriasdebolsillo.com\/index.php\/wp-json\/wp\/v2\/product_brand?post=5754"},{"taxonomy":"product_cat","embeddable":true,"href":"https:\/\/libreriahistoriasdebolsillo.com\/index.php\/wp-json\/wp\/v2\/product_cat?post=5754"},{"taxonomy":"product_tag","embeddable":true,"href":"https:\/\/libreriahistoriasdebolsillo.com\/index.php\/wp-json\/wp\/v2\/product_tag?post=5754"}],"curies":[{"name":"wp","href":"https:\/\/api.w.org\/{rel}","templated":true}]}}