{"id":5756,"date":"2024-10-22T09:55:06","date_gmt":"2024-10-22T15:55:06","guid":{"rendered":"https:\/\/libreriahistoriasdebolsillo.com\/?post_type=product&#038;p=5756"},"modified":"2025-02-18T11:57:39","modified_gmt":"2025-02-18T17:57:39","slug":"todo-esta-jodido-ed-bolsillo","status":"publish","type":"product","link":"https:\/\/libreriahistoriasdebolsillo.com\/index.php\/producto\/todo-esta-jodido-ed-bolsillo\/","title":{"rendered":"Todo est\u00e1 jodido (Ed. bolsillo)"},"content":{"rendered":"<p><b>Nunca hemos sido m\u00e1s libres, ni m\u00e1s ricos y sanos que hoy en d\u00eda. Nunca hemos tenido tantas opciones, y mucho menos el dinero para llevarlas a cabo, como ahora.\u00a0<\/b>Sin embargo, todo parece estar irreparablemente jodido y se est\u00e1 extendiendo una sensaci\u00f3n de\u00a0<b>desesperanza<\/b>. El planeta se est\u00e1 calentando, los gobiernos est\u00e1n fallando, la econom\u00eda est\u00e1 colapsando y todo el mundo se muestra ofendido en Twitter.<\/p>\n<p>En\u00a0<i>Todo est\u00e1 j*dido<\/i>, el autor bestseller Mark Manson se adentra en esta paradoja. Con su mezcla caracter\u00edstica de humor y sinceridad, pone a prueba nuestras definiciones de felicidad, esperanza y libertad. Basado en los conocimientos de la psicolog\u00eda y la sabidur\u00eda atemporal de los grandes fil\u00f3sofos, cuestiona nuestra relaci\u00f3n con el dinero, el entretenimiento e Internet.\u00a0<b>Manson nos reta a ser m\u00e1s honestos con nosotros mismos y a conectarnos con el mundo de una manera completamente nueva. Porque a\u00fan no todo est\u00e1 jodido.<\/b><\/p>\n","protected":false},"excerpt":{"rendered":"<p>Mark Manson<\/p>\n<p>256 p\u00e1ginas<\/p>\n","protected":false},"featured_media":5757,"template":"","meta":{"_joinchat":[]},"product_brand":[],"product_cat":[41,70],"product_tag":[34],"class_list":{"0":"post-5756","1":"product","2":"type-product","3":"status-publish","4":"has-post-thumbnail","6":"product_cat-desarrollo-humano","7":"product_cat-novedades","8":"product_tag-penguin-random-house","10":"first","11":"outofstock","12":"shipping-taxable","13":"purchasable","14":"product-type-simple"},"_links":{"self":[{"href":"https:\/\/libreriahistoriasdebolsillo.com\/index.php\/wp-json\/wp\/v2\/product\/5756","targetHints":{"allow":["GET"]}}],"collection":[{"href":"https:\/\/libreriahistoriasdebolsillo.com\/index.php\/wp-json\/wp\/v2\/product"}],"about":[{"href":"https:\/\/libreriahistoriasdebolsillo.com\/index.php\/wp-json\/wp\/v2\/types\/product"}],"wp:featuredmedia":[{"embeddable":true,"href":"https:\/\/libreriahistoriasdebolsillo.com\/index.php\/wp-json\/wp\/v2\/media\/5757"}],"wp:attachment":[{"href":"https:\/\/libreriahistoriasdebolsillo.com\/index.php\/wp-json\/wp\/v2\/media?parent=5756"}],"wp:term":[{"taxonomy":"product_brand","embeddable":true,"href":"https:\/\/libreriahistoriasdebolsillo.com\/index.php\/wp-json\/wp\/v2\/product_brand?post=5756"},{"taxonomy":"product_cat","embeddable":true,"href":"https:\/\/libreriahistoriasdebolsillo.com\/index.php\/wp-json\/wp\/v2\/product_cat?post=5756"},{"taxonomy":"product_tag","embeddable":true,"href":"https:\/\/libreriahistoriasdebolsillo.com\/index.php\/wp-json\/wp\/v2\/product_tag?post=5756"}],"curies":[{"name":"wp","href":"https:\/\/api.w.org\/{rel}","templated":true}]}}