{"id":5758,"date":"2024-10-22T09:58:01","date_gmt":"2024-10-22T15:58:01","guid":{"rendered":"https:\/\/libreriahistoriasdebolsillo.com\/?post_type=product&#038;p=5758"},"modified":"2025-02-18T11:57:24","modified_gmt":"2025-02-18T17:57:24","slug":"el-batallon-de-san-patricio","status":"publish","type":"product","link":"https:\/\/libreriahistoriasdebolsillo.com\/index.php\/producto\/el-batallon-de-san-patricio\/","title":{"rendered":"El batall\u00f3n de San Patricio"},"content":{"rendered":"<p>\u00c9sta es la\u00a0<b>historia real<\/b>\u00a0de John Riley y de sus hombres irlandeses que, en 1846, peleaban en las filas de los<b>\u00a0Estados Unidos\u00a0<\/b>durante la guerra fronteriza con\u00a0<b>M\u00e9xico<\/b>. Ellos, que hab\u00edan escapado del hambre y de la opresi\u00f3n en su\u00a0<b>Irlanda natal<\/b>, no pudieron permanecer sumisos ante la carnicer\u00eda que su ej\u00e9rcito comet\u00eda para\u00a0<b>expulsar a los mexicanos<\/b>\u00a0de sus tierras. \u00c9sta es la leyenda de unos\u00a0<b>desertores\u00a0<\/b>que se cambiaron de bando para combatir la injusticia y formaron el Batall\u00f3n de San Patricio, una unidad de artiller\u00eda del ej\u00e9rcito de la\u00a0<b>Rep\u00fablica mexicana.<\/b><\/p>\n<p>\u00c9sta es la recreaci\u00f3n de la infamia cometida contra Riley y los suyos, juzgados por\u00a0<b>alta traici\u00f3n,<\/b>\u00a0condenados y marcados a fuego en la mejilla con una D, de desertores, y tambi\u00e9n es una apasionante novela de\u00a0<b>perdedores<\/b>, con toda la \u00e9pica y el rigor hist\u00f3rico de Pino Cacucci.<\/p>\n","protected":false},"excerpt":{"rendered":"<p>Pino Cacucci<\/p>\n<p>256 p\u00e1ginas<\/p>\n","protected":false},"featured_media":5759,"template":"","meta":{"_joinchat":[]},"product_brand":[],"product_cat":[56,70],"product_tag":[34],"class_list":{"0":"post-5758","1":"product","2":"type-product","3":"status-publish","4":"has-post-thumbnail","6":"product_cat-historica","7":"product_cat-novedades","8":"product_tag-penguin-random-house","10":"first","11":"outofstock","12":"shipping-taxable","13":"purchasable","14":"product-type-simple"},"_links":{"self":[{"href":"https:\/\/libreriahistoriasdebolsillo.com\/index.php\/wp-json\/wp\/v2\/product\/5758","targetHints":{"allow":["GET"]}}],"collection":[{"href":"https:\/\/libreriahistoriasdebolsillo.com\/index.php\/wp-json\/wp\/v2\/product"}],"about":[{"href":"https:\/\/libreriahistoriasdebolsillo.com\/index.php\/wp-json\/wp\/v2\/types\/product"}],"wp:featuredmedia":[{"embeddable":true,"href":"https:\/\/libreriahistoriasdebolsillo.com\/index.php\/wp-json\/wp\/v2\/media\/5759"}],"wp:attachment":[{"href":"https:\/\/libreriahistoriasdebolsillo.com\/index.php\/wp-json\/wp\/v2\/media?parent=5758"}],"wp:term":[{"taxonomy":"product_brand","embeddable":true,"href":"https:\/\/libreriahistoriasdebolsillo.com\/index.php\/wp-json\/wp\/v2\/product_brand?post=5758"},{"taxonomy":"product_cat","embeddable":true,"href":"https:\/\/libreriahistoriasdebolsillo.com\/index.php\/wp-json\/wp\/v2\/product_cat?post=5758"},{"taxonomy":"product_tag","embeddable":true,"href":"https:\/\/libreriahistoriasdebolsillo.com\/index.php\/wp-json\/wp\/v2\/product_tag?post=5758"}],"curies":[{"name":"wp","href":"https:\/\/api.w.org\/{rel}","templated":true}]}}