{"id":5760,"date":"2024-10-22T10:00:30","date_gmt":"2024-10-22T16:00:30","guid":{"rendered":"https:\/\/libreriahistoriasdebolsillo.com\/?post_type=product&#038;p=5760"},"modified":"2026-03-13T17:19:56","modified_gmt":"2026-03-13T23:19:56","slug":"la-empleada-3-la-empleada-te-vigila","status":"publish","type":"product","link":"https:\/\/libreriahistoriasdebolsillo.com\/index.php\/producto\/la-empleada-3-la-empleada-te-vigila\/","title":{"rendered":"La empleada 3. La empleada te vigila"},"content":{"rendered":"<p><b>Vuelve la empleada que ha revolucionado el thriller. Una nueva y adictiva novela de la serie m\u00e1s viral del momento.<\/b><\/p>\n<p>Yo sol\u00eda trabajar limpiando las casas de otras personas, ahora apenas puedo creerme que este sea mi hogar. La encantadora cocina, la calle tranquila, el enorme jard\u00edn en el que los ni\u00f1os pueden jugar. Mi marido y yo hemos ahorrado durante a\u00f1os para que mis hijos tengan la vida que se merecen.<\/p>\n<p>Aunque siento algo de recelo hacia nuestra vecina, la se\u00f1ora Lowell, veo su invitaci\u00f3n a cenar como una oportunidad para hacer amigos. Cuando su doncella abre la puerta con un delantal blanco y el pelo recogido en un mo\u00f1o tirante, s\u00e9 exactamente c\u00f3mo se siente. Pero su g\u00e9lida mirada me produce escalofr\u00edos&#8230;<\/p>\n<p>La doncella de los Lowell no es lo \u00fanico extra\u00f1o de nuestra calle. Estoy convencida de que alguien nos observa. Y cuando conozco a la mujer que vive enfrente, sus palabras me dejan petrificada: \u00abTen cuidado con tus vecinos\u00bb.<\/p>\n<p><b>\u00bfComet\u00ed un terrible error mud\u00e1ndome aqu\u00ed con mi familia?<\/b><\/p>\n<p>Pensaba que hab\u00eda dejado atr\u00e1s mis secretos oscuros. Pero \u00bfpodr\u00eda ser este apacible barrio residencial el sitio m\u00e1s peligroso de todos?<\/p>\n<p><b>**N\u00famero 1 en las listas de best sellers de\u00a0<i>The New York Times, Publishers Weekly,<\/i>\u00a0Amazon Charts, Audible y Kindle en Estados Unidos y el Reino Unido**<\/b><\/p>\n","protected":false},"excerpt":{"rendered":"<p>Freida McFadden<\/p>\n<p>368 p\u00e1ginas<\/p>\n","protected":false},"featured_media":7086,"template":"","meta":{"_joinchat":[]},"product_brand":[],"product_cat":[37,70],"product_tag":[34],"class_list":{"0":"post-5760","1":"product","2":"type-product","3":"status-publish","4":"has-post-thumbnail","6":"product_cat-misterio-y-thriller","7":"product_cat-novedades","8":"product_tag-penguin-random-house","10":"first","11":"instock","12":"shipping-taxable","13":"purchasable","14":"product-type-simple"},"_links":{"self":[{"href":"https:\/\/libreriahistoriasdebolsillo.com\/index.php\/wp-json\/wp\/v2\/product\/5760","targetHints":{"allow":["GET"]}}],"collection":[{"href":"https:\/\/libreriahistoriasdebolsillo.com\/index.php\/wp-json\/wp\/v2\/product"}],"about":[{"href":"https:\/\/libreriahistoriasdebolsillo.com\/index.php\/wp-json\/wp\/v2\/types\/product"}],"wp:featuredmedia":[{"embeddable":true,"href":"https:\/\/libreriahistoriasdebolsillo.com\/index.php\/wp-json\/wp\/v2\/media\/7086"}],"wp:attachment":[{"href":"https:\/\/libreriahistoriasdebolsillo.com\/index.php\/wp-json\/wp\/v2\/media?parent=5760"}],"wp:term":[{"taxonomy":"product_brand","embeddable":true,"href":"https:\/\/libreriahistoriasdebolsillo.com\/index.php\/wp-json\/wp\/v2\/product_brand?post=5760"},{"taxonomy":"product_cat","embeddable":true,"href":"https:\/\/libreriahistoriasdebolsillo.com\/index.php\/wp-json\/wp\/v2\/product_cat?post=5760"},{"taxonomy":"product_tag","embeddable":true,"href":"https:\/\/libreriahistoriasdebolsillo.com\/index.php\/wp-json\/wp\/v2\/product_tag?post=5760"}],"curies":[{"name":"wp","href":"https:\/\/api.w.org\/{rel}","templated":true}]}}