{"id":5762,"date":"2024-10-22T10:02:39","date_gmt":"2024-10-22T16:02:39","guid":{"rendered":"https:\/\/libreriahistoriasdebolsillo.com\/?post_type=product&#038;p=5762"},"modified":"2025-02-18T11:57:06","modified_gmt":"2025-02-18T17:57:06","slug":"mexico-en-la-frontera-del-caos","status":"publish","type":"product","link":"https:\/\/libreriahistoriasdebolsillo.com\/index.php\/producto\/mexico-en-la-frontera-del-caos\/","title":{"rendered":"M\u00e9xico en la frontera del caos"},"content":{"rendered":"<p><b>EDICI\u00d3N<\/b>\u00a0<b>DE<\/b>\u00a0<b>A<\/b><b>NIVERSARIO<\/b><\/p>\n<p><b>NUEVO PR\u00d3LOGO<\/b>\u00a0<b>sobre L\u00f3pez Obrador,<\/b>\u00a0<b>Claudia Sheinbaum<\/b>\u00a0<b>y el regreso del<\/b>\u00a0<b>viejo PRI<\/b><\/p>\n<p>En los\u00a0<b>a\u00f1os 90<\/b>, era f\u00e1cil ver que el torbellino del\u00a0<b>TLC<\/b>, el levantamiento\u00a0<b>zapatista<\/b>\u00a0y el asesinato de\u00a0<b>Colosio\u00a0<\/b>acercaban la transici\u00f3n democr\u00e1tica en M\u00e9xico, cosa que ocurri\u00f3. Pero muy pocos observaron las graves tendencias que subyac\u00edan en ese\u00a0<b>torbellino<\/b>\u2026<\/p>\n<p><b>Andr\u00e9s Oppenheimer<\/b>\u00a0fue, tal vez, el \u00fanico periodista que en su momento logr\u00f3 verlo y explicarlo, justamente en este libro. Detect\u00f3 que la\u00a0<b>idiosincrasia priista<\/b>\u00a0segu\u00eda fuerte y resurgir\u00eda, que las violencias buscar\u00edan otros escenarios, que sin reformulaciones\u00a0<b>econ\u00f3micas<\/b>\u00a0los problemas de fondo rebrotar\u00edan y que, por lo tanto, el escenario estar\u00eda listo para que surgieran ciertos tipos de\u00a0<b>liderazgos pol\u00edticos<\/b>\u00a0harto peligrosos. En todo acert\u00f3.<\/p>\n<p>La cuesti\u00f3n es que esas din\u00e1micas persisten. Con la diferencia de que ahora los riesgos y las complejidades para atajarlos son mayores. Leer esta obra, por tanto, se convierte en un imperativo para\u00a0<b>recordar<\/b>\u00a0y\u00a0<b>reaccionar<\/b>\u00a0antes de que sea demasiado tarde. Porque, con esta reedici\u00f3n, Oppenheimer nos recuerda que\u00a0<b>M\u00e9xico<\/b>, de nuevo, se encuentra en la frontera del caos\u2026<\/p>\n<p><b>Para desgracia de M\u00e9xico, la otrora<\/b>\u00a0<b>\u201cdictadura perfecta\u201d se convirti\u00f3 bajo L\u00f3pez<\/b>\u00a0<b>Obrador en una \u201cdictadura<\/b>\u00a0<b>imperfecta\u201d\u2026<\/b><\/p>\n","protected":false},"excerpt":{"rendered":"<p>Andres Openheimer<\/p>\n<p>384 p\u00e1ginas<\/p>\n","protected":false},"featured_media":5763,"template":"","meta":{"_joinchat":[]},"product_brand":[],"product_cat":[41,70,64],"product_tag":[34],"class_list":{"0":"post-5762","1":"product","2":"type-product","3":"status-publish","4":"has-post-thumbnail","6":"product_cat-desarrollo-humano","7":"product_cat-novedades","8":"product_cat-periodismo","9":"product_tag-penguin-random-house","11":"first","12":"outofstock","13":"shipping-taxable","14":"purchasable","15":"product-type-simple"},"_links":{"self":[{"href":"https:\/\/libreriahistoriasdebolsillo.com\/index.php\/wp-json\/wp\/v2\/product\/5762","targetHints":{"allow":["GET"]}}],"collection":[{"href":"https:\/\/libreriahistoriasdebolsillo.com\/index.php\/wp-json\/wp\/v2\/product"}],"about":[{"href":"https:\/\/libreriahistoriasdebolsillo.com\/index.php\/wp-json\/wp\/v2\/types\/product"}],"wp:featuredmedia":[{"embeddable":true,"href":"https:\/\/libreriahistoriasdebolsillo.com\/index.php\/wp-json\/wp\/v2\/media\/5763"}],"wp:attachment":[{"href":"https:\/\/libreriahistoriasdebolsillo.com\/index.php\/wp-json\/wp\/v2\/media?parent=5762"}],"wp:term":[{"taxonomy":"product_brand","embeddable":true,"href":"https:\/\/libreriahistoriasdebolsillo.com\/index.php\/wp-json\/wp\/v2\/product_brand?post=5762"},{"taxonomy":"product_cat","embeddable":true,"href":"https:\/\/libreriahistoriasdebolsillo.com\/index.php\/wp-json\/wp\/v2\/product_cat?post=5762"},{"taxonomy":"product_tag","embeddable":true,"href":"https:\/\/libreriahistoriasdebolsillo.com\/index.php\/wp-json\/wp\/v2\/product_tag?post=5762"}],"curies":[{"name":"wp","href":"https:\/\/api.w.org\/{rel}","templated":true}]}}