{"id":5764,"date":"2024-10-22T10:05:00","date_gmt":"2024-10-22T16:05:00","guid":{"rendered":"https:\/\/libreriahistoriasdebolsillo.com\/?post_type=product&#038;p=5764"},"modified":"2025-03-03T17:26:41","modified_gmt":"2025-03-03T23:26:41","slug":"toma-el-control","status":"publish","type":"product","link":"https:\/\/libreriahistoriasdebolsillo.com\/index.php\/producto\/toma-el-control\/","title":{"rendered":"\u00a1Toma el control!"},"content":{"rendered":"<p><b>UN LIBRO DE DALE CARNEGIE<\/b><\/p>\n<p><b>Durante casi cien a\u00f1os, la sabidur\u00eda de<\/b>\u00a0<i><b>C\u00f3mo ganar amigos e influir sobre las personas<\/b><\/i><b>\u00a0de Dale Carnegie ayud\u00f3 a lectores de todo el mundo a alcanzar una vida m\u00e1s satisfactoria y feliz. Ahora,<\/b>\u00a0<i><b>\u00a1Toma el control!<\/b><\/i><b>\u00a0combina d\u00e9cadasde ese cl\u00e1sico con una mirada moderna y actual que te cuenta todo lo que necesitas saber sobre el arte de las relaciones humanas.<\/b><\/p>\n<p>\u00bfC\u00f3mo utilizamos el poder de la\u00a0<b>mente<\/b>\u00a0para lidiar con el estr\u00e9s y la ansiedad, ganar perspectiva sobre\u00a0<b>emociones negativas\u00a0<\/b>y construir resiliencia? Una vez que entendemos nuestra\u00a0<b>vida interior<\/b>, \u00bfc\u00f3mo creamos relaciones\u00a0<b>enriquecedoras<\/b>, gratificantes y duraderas? \u00bfC\u00f3mo tratamos con personas dif\u00edciles y gestionamos conflictos? Luego de dominar nuestros\u00a0<b>pensamientos y v\u00ednculos<\/b>, \u00bfc\u00f3mo vivimos con valent\u00eda e intenci\u00f3n para sacar lo mejor de nosotros mismos y de los dem\u00e1s?<\/p>\n<p><b>Joe Hart<\/b>\u00a0y\u00a0<b>Michael Crom<\/b>, CEO y consejero de\u00a0<b>Dale Carnegie &amp;<\/b>\u00a0<b>Associates<\/b>, responden estas preguntas en un manual innovador de desarrollo personal con las estrategias adecuadas para desbloquear tu\u00a0<b>m\u00e1ximo potencial<\/b>\u00a0y crear la vida que deseas.<\/p>\n","protected":false},"excerpt":{"rendered":"<p>Dale Carnegie, Joe Hart, Michael Crom<\/p>\n<p>240 p\u00e1ginas<\/p>\n","protected":false},"featured_media":5765,"template":"","meta":{"_joinchat":[]},"product_brand":[],"product_cat":[58,41,70],"product_tag":[34],"class_list":{"0":"post-5764","1":"product","2":"type-product","3":"status-publish","4":"has-post-thumbnail","6":"product_cat-desarrollo-humano-y-superacion","7":"product_cat-desarrollo-humano","8":"product_cat-novedades","9":"product_tag-penguin-random-house","11":"first","12":"outofstock","13":"shipping-taxable","14":"purchasable","15":"product-type-simple"},"_links":{"self":[{"href":"https:\/\/libreriahistoriasdebolsillo.com\/index.php\/wp-json\/wp\/v2\/product\/5764","targetHints":{"allow":["GET"]}}],"collection":[{"href":"https:\/\/libreriahistoriasdebolsillo.com\/index.php\/wp-json\/wp\/v2\/product"}],"about":[{"href":"https:\/\/libreriahistoriasdebolsillo.com\/index.php\/wp-json\/wp\/v2\/types\/product"}],"wp:featuredmedia":[{"embeddable":true,"href":"https:\/\/libreriahistoriasdebolsillo.com\/index.php\/wp-json\/wp\/v2\/media\/5765"}],"wp:attachment":[{"href":"https:\/\/libreriahistoriasdebolsillo.com\/index.php\/wp-json\/wp\/v2\/media?parent=5764"}],"wp:term":[{"taxonomy":"product_brand","embeddable":true,"href":"https:\/\/libreriahistoriasdebolsillo.com\/index.php\/wp-json\/wp\/v2\/product_brand?post=5764"},{"taxonomy":"product_cat","embeddable":true,"href":"https:\/\/libreriahistoriasdebolsillo.com\/index.php\/wp-json\/wp\/v2\/product_cat?post=5764"},{"taxonomy":"product_tag","embeddable":true,"href":"https:\/\/libreriahistoriasdebolsillo.com\/index.php\/wp-json\/wp\/v2\/product_tag?post=5764"}],"curies":[{"name":"wp","href":"https:\/\/api.w.org\/{rel}","templated":true}]}}