{"id":5770,"date":"2024-10-22T10:13:27","date_gmt":"2024-10-22T16:13:27","guid":{"rendered":"https:\/\/libreriahistoriasdebolsillo.com\/?post_type=product&#038;p=5770"},"modified":"2026-03-14T13:41:42","modified_gmt":"2026-03-14T19:41:42","slug":"temporada-de-huracanes-2","status":"publish","type":"product","link":"https:\/\/libreriahistoriasdebolsillo.com\/index.php\/producto\/temporada-de-huracanes-2\/","title":{"rendered":"Temporada de huracanes"},"content":{"rendered":"<p><b>Con un ritmo y un lenguaje magistrales, Fernanda Melchor, autora de\u00a0<i>Falsa liebre\u00a0<\/i>explora en esta obra las sinrazones que subyacen a los actos m\u00e1s desesperados de barbarie pasional.<\/b><\/p>\n<p><b>Una novela cruda y desgarradora en la que el lector quedar\u00e1 envuelto, atrapado por las palabras y la atm\u00f3sfera de terrible, aunque gozosa, fatalidad.<\/b><\/p>\n<p>Un grupo de ni\u00f1os encuentra un cad\u00e1ver flotando en las aguas turbias de un canal de riego cercano a la rancher\u00eda de La Matosa. El cuerpo resulta ser de la Bruja, una mujer que hered\u00f3 dicho oficio de su madre fallecida, y a quienes los pobladores de esa zona rural respetaban y tem\u00edan.<\/p>\n<p>Tras el macabro hallazgo, las sospechas y habladur\u00edas recaer\u00e1n sobre un grupo de muchachos del pueblo, a quienes d\u00edas antes una vecina vio mientras hu\u00edan de casa de la hechicera, cargando lo que parec\u00eda ser un cuerpo inerte.<\/p>\n<p>A partir de ah\u00ed, los personajes involucrados en el crimen nos contar\u00e1n su historia mientras los lectores nos sumergimos en la vida de este lugar acosado por la miseria y el abandono, y donde convergen la violencia del erotismo m\u00e1s oscuro y las s\u00f3rdidas relaciones de poder.<\/p>\n","protected":false},"excerpt":{"rendered":"<p>Fernanda Melchor<\/p>\n<p>224 p\u00e1ginas<\/p>\n","protected":false},"featured_media":5771,"template":"","meta":{"_joinchat":[]},"product_brand":[],"product_cat":[78,33],"product_tag":[34],"class_list":{"0":"post-5770","1":"product","2":"type-product","3":"status-publish","4":"has-post-thumbnail","6":"product_cat-contemporanea","7":"product_cat-ficcion-general","8":"product_tag-penguin-random-house","10":"first","11":"outofstock","12":"shipping-taxable","13":"purchasable","14":"product-type-simple"},"_links":{"self":[{"href":"https:\/\/libreriahistoriasdebolsillo.com\/index.php\/wp-json\/wp\/v2\/product\/5770","targetHints":{"allow":["GET"]}}],"collection":[{"href":"https:\/\/libreriahistoriasdebolsillo.com\/index.php\/wp-json\/wp\/v2\/product"}],"about":[{"href":"https:\/\/libreriahistoriasdebolsillo.com\/index.php\/wp-json\/wp\/v2\/types\/product"}],"wp:featuredmedia":[{"embeddable":true,"href":"https:\/\/libreriahistoriasdebolsillo.com\/index.php\/wp-json\/wp\/v2\/media\/5771"}],"wp:attachment":[{"href":"https:\/\/libreriahistoriasdebolsillo.com\/index.php\/wp-json\/wp\/v2\/media?parent=5770"}],"wp:term":[{"taxonomy":"product_brand","embeddable":true,"href":"https:\/\/libreriahistoriasdebolsillo.com\/index.php\/wp-json\/wp\/v2\/product_brand?post=5770"},{"taxonomy":"product_cat","embeddable":true,"href":"https:\/\/libreriahistoriasdebolsillo.com\/index.php\/wp-json\/wp\/v2\/product_cat?post=5770"},{"taxonomy":"product_tag","embeddable":true,"href":"https:\/\/libreriahistoriasdebolsillo.com\/index.php\/wp-json\/wp\/v2\/product_tag?post=5770"}],"curies":[{"name":"wp","href":"https:\/\/api.w.org\/{rel}","templated":true}]}}