{"id":5772,"date":"2024-10-22T10:15:16","date_gmt":"2024-10-22T16:15:16","guid":{"rendered":"https:\/\/libreriahistoriasdebolsillo.com\/?post_type=product&#038;p=5772"},"modified":"2025-02-18T11:54:35","modified_gmt":"2025-02-18T17:54:35","slug":"el-marciano","status":"publish","type":"product","link":"https:\/\/libreriahistoriasdebolsillo.com\/index.php\/producto\/el-marciano\/","title":{"rendered":"El marciano"},"content":{"rendered":"<p><b>Seis d\u00edas atr\u00e1s el astronauta Mark Watney se convirti\u00f3 en uno de los primeros hombres en caminar por la superficie de Marte. Ahora est\u00e1 seguro de que ser\u00e1 el primer hombre en morir all\u00ed.<\/b><\/p>\n<p>La tripulaci\u00f3n de la nave en que viajaba se ve obligada a\u00a0<b>evacuar el planeta<\/b>\u00a0a causa de una tormenta de polvo, dejando atr\u00e1s a Mark despu\u00e9s de darlo por muerto. Pero \u00e9l est\u00e1 vivo, y atrapado a millones de kil\u00f3metros de cualquier ser humano, sin posibilidad de enviar se\u00f1ales a la Tierra. De todos modos, si lograra establecer conexi\u00f3n, morir\u00eda mucho antes de que el rescate llegara. Sin embargo, Mark no se da por vencido; armado con su ingenio, sus habilidades y sus conocimientos sobre bot\u00e1nica, se enfrentar\u00e1 a obst\u00e1culos aparentemente insuperables. Por suerte, el sentido del humor resultar\u00e1 ser su mayor fuente de fuerza. Obstinado en seguir con vida, incubar\u00e1\u00a0<b>un plan absolutamente demencial<\/b>\u00a0para ponerse en contacto con la NASA.<\/p>\n","protected":false},"excerpt":{"rendered":"<p>Andy Weir<\/p>\n<p>408 p\u00e1ginas<\/p>\n","protected":false},"featured_media":5773,"template":"","meta":{"_joinchat":[]},"product_brand":[],"product_cat":[40],"product_tag":[34],"class_list":{"0":"post-5772","1":"product","2":"type-product","3":"status-publish","4":"has-post-thumbnail","6":"product_cat-ciencia-ficcion","7":"product_tag-penguin-random-house","9":"first","10":"outofstock","11":"shipping-taxable","12":"purchasable","13":"product-type-simple"},"_links":{"self":[{"href":"https:\/\/libreriahistoriasdebolsillo.com\/index.php\/wp-json\/wp\/v2\/product\/5772","targetHints":{"allow":["GET"]}}],"collection":[{"href":"https:\/\/libreriahistoriasdebolsillo.com\/index.php\/wp-json\/wp\/v2\/product"}],"about":[{"href":"https:\/\/libreriahistoriasdebolsillo.com\/index.php\/wp-json\/wp\/v2\/types\/product"}],"wp:featuredmedia":[{"embeddable":true,"href":"https:\/\/libreriahistoriasdebolsillo.com\/index.php\/wp-json\/wp\/v2\/media\/5773"}],"wp:attachment":[{"href":"https:\/\/libreriahistoriasdebolsillo.com\/index.php\/wp-json\/wp\/v2\/media?parent=5772"}],"wp:term":[{"taxonomy":"product_brand","embeddable":true,"href":"https:\/\/libreriahistoriasdebolsillo.com\/index.php\/wp-json\/wp\/v2\/product_brand?post=5772"},{"taxonomy":"product_cat","embeddable":true,"href":"https:\/\/libreriahistoriasdebolsillo.com\/index.php\/wp-json\/wp\/v2\/product_cat?post=5772"},{"taxonomy":"product_tag","embeddable":true,"href":"https:\/\/libreriahistoriasdebolsillo.com\/index.php\/wp-json\/wp\/v2\/product_tag?post=5772"}],"curies":[{"name":"wp","href":"https:\/\/api.w.org\/{rel}","templated":true}]}}