{"id":5774,"date":"2024-10-22T10:17:39","date_gmt":"2024-10-22T16:17:39","guid":{"rendered":"https:\/\/libreriahistoriasdebolsillo.com\/?post_type=product&#038;p=5774"},"modified":"2025-02-18T11:54:48","modified_gmt":"2025-02-18T17:54:48","slug":"chantaje-emocional","status":"publish","type":"product","link":"https:\/\/libreriahistoriasdebolsillo.com\/index.php\/producto\/chantaje-emocional\/","title":{"rendered":"Chantaje emocional"},"content":{"rendered":"<p><b>El chantaje emocional es una poderosa forma de manipulaci\u00f3n por medio de la cual las personas a nuestro alrededor amenazan con castigarnos si no hacemos lo que quieren que hagamos.<\/b><\/p>\n<p>Los chantajistas emocionales saben cu\u00e1nto los valoramos, y conocen lo que nos hace vulnerables y nuestros secretos m\u00e1s \u00edntimos. Pueden ser nuestros padres o hermanos, nuestros jefes o compa\u00f1eros de trabajo, nuestros amigos o amantes. Sin importar cu\u00e1n importantes seamos para ellos, se valen de todo lo que saben de nosotros para conseguir lo que quieren: que siempre cedamos.<\/p>\n<p>En\u00a0<i>Chantaje emocional<\/i>, Susan Forward disecciona la anatom\u00eda de una relaci\u00f3n da\u00f1ada por la manipulaci\u00f3n para proporcionar las herramientas necesarias a quienes son objeto de chantaje para contraatacar. Con su estilo claro y sin rodeos, Susan Forward describe los pasos a seguir por los lectores, ofreci\u00e9ndoles diversas herramientas -listas, escenarios pr\u00e1cticos y t\u00e9cnicas concretas de comunicaci\u00f3n- que fortalecer\u00e1n las relaciones y romper\u00e1n el ciclo del chantaje de una vez por todas.<\/p>\n<p>\u00abForward, quien nos dio el gran bestseller\u00a0<i>Cuando el amor es odio<\/i>, nos ofrece un curso de autodefensa para cualquiera que se encuentre manipulado a trav\u00e9s de la culpa.\u00bb<\/p>\n<p><i>Library Journal<\/i><\/p>\n<p>\u00ab\u00a1Si\u00e9ntete aliviado! Susan Forward te ayuda a identificar y a corregir un patr\u00f3n destructivo y confuso sobre la forma en que nos relacionamos con aquellos que amamos.\u00bb<\/p>\n<p>Susan Jeffers, autora de\u00a0<i>Aunque tenga miedo, h\u00e1galo igual<\/i><\/p>\n","protected":false},"excerpt":{"rendered":"<p>Susan Forward<\/p>\n<p>320 p\u00e1ginas<\/p>\n","protected":false},"featured_media":5775,"template":"","meta":{"_joinchat":[]},"product_brand":[],"product_cat":[58,41],"product_tag":[34],"class_list":{"0":"post-5774","1":"product","2":"type-product","3":"status-publish","4":"has-post-thumbnail","6":"product_cat-desarrollo-humano-y-superacion","7":"product_cat-desarrollo-humano","8":"product_tag-penguin-random-house","10":"first","11":"outofstock","12":"shipping-taxable","13":"purchasable","14":"product-type-simple"},"_links":{"self":[{"href":"https:\/\/libreriahistoriasdebolsillo.com\/index.php\/wp-json\/wp\/v2\/product\/5774","targetHints":{"allow":["GET"]}}],"collection":[{"href":"https:\/\/libreriahistoriasdebolsillo.com\/index.php\/wp-json\/wp\/v2\/product"}],"about":[{"href":"https:\/\/libreriahistoriasdebolsillo.com\/index.php\/wp-json\/wp\/v2\/types\/product"}],"wp:featuredmedia":[{"embeddable":true,"href":"https:\/\/libreriahistoriasdebolsillo.com\/index.php\/wp-json\/wp\/v2\/media\/5775"}],"wp:attachment":[{"href":"https:\/\/libreriahistoriasdebolsillo.com\/index.php\/wp-json\/wp\/v2\/media?parent=5774"}],"wp:term":[{"taxonomy":"product_brand","embeddable":true,"href":"https:\/\/libreriahistoriasdebolsillo.com\/index.php\/wp-json\/wp\/v2\/product_brand?post=5774"},{"taxonomy":"product_cat","embeddable":true,"href":"https:\/\/libreriahistoriasdebolsillo.com\/index.php\/wp-json\/wp\/v2\/product_cat?post=5774"},{"taxonomy":"product_tag","embeddable":true,"href":"https:\/\/libreriahistoriasdebolsillo.com\/index.php\/wp-json\/wp\/v2\/product_tag?post=5774"}],"curies":[{"name":"wp","href":"https:\/\/api.w.org\/{rel}","templated":true}]}}