{"id":5778,"date":"2024-10-22T10:24:01","date_gmt":"2024-10-22T16:24:01","guid":{"rendered":"https:\/\/libreriahistoriasdebolsillo.com\/?post_type=product&#038;p=5778"},"modified":"2025-02-18T11:56:19","modified_gmt":"2025-02-18T17:56:19","slug":"invictor-y-mayo-en-busca-de-la-ciudad-perdida","status":"publish","type":"product","link":"https:\/\/libreriahistoriasdebolsillo.com\/index.php\/producto\/invictor-y-mayo-en-busca-de-la-ciudad-perdida\/","title":{"rendered":"Invictor y Mayo. En busca de la ciudad perdida"},"content":{"rendered":"<p><b>\u00bfQu\u00e9 puede ser m\u00e1s incre\u00edble que<\/b>\u00a0<b>llegar al sitio m\u00e1s remoto, desconocido<\/b>\u00a0<b>y fascinante del planeta Tierra?<\/b><\/p>\n<p><b>\u00a1<\/b><b>Hacerlo<\/b><b>\u00a0con amigos!<\/b><\/p>\n<p>Y as\u00ed es como inicia esta\u00a0<b>aventura \u00e9pica<\/b>. Cuando\u00a0<b>Invictor<\/b>\u00a0y\u00a0<b>Mayo<\/b>\u00a0conocen la leyenda de la Atl\u00e1ntida, saben que tienen que ir ah\u00ed a como d\u00e9 lugar, entonces inician la traves\u00eda por submarino al lado de\u00a0<b>P\u00e1nfilo<\/b>\u00a0y\u00a0<b>Flor\u00edn<\/b>, sin saber que en el camino se encontrar\u00e1n con viejos contrincantes.<\/p>\n<p>AHORA EL EQUILIBRIO DEL PLANETA CORRE\u00a0<b>RIESGO<\/b>\u00a0CON EL DESPERTARDE UN\u00a0<b>MONSTRUO MILENARIO<\/b>, \u00bfPODR\u00c1N INVICTOR Y MAYO DERROTARLO?<\/p>\n<p>\u00a1Acomp\u00e1\u00f1alos a descubrir los secretos de la\u00a0<b>Atl\u00e1ntida<\/b>\u00a0como nunca nadie lo ha hecho!<\/p>\n","protected":false},"excerpt":{"rendered":"<p>Invictor\/Mayo<\/p>\n<p>200 p\u00e1ginas<\/p>\n","protected":false},"featured_media":5779,"template":"","meta":{"_joinchat":[]},"product_brand":[],"product_cat":[54,70],"product_tag":[34],"class_list":{"0":"post-5778","1":"product","2":"type-product","3":"status-publish","4":"has-post-thumbnail","6":"product_cat-infantil","7":"product_cat-novedades","8":"product_tag-penguin-random-house","10":"first","11":"outofstock","12":"shipping-taxable","13":"purchasable","14":"product-type-simple"},"_links":{"self":[{"href":"https:\/\/libreriahistoriasdebolsillo.com\/index.php\/wp-json\/wp\/v2\/product\/5778","targetHints":{"allow":["GET"]}}],"collection":[{"href":"https:\/\/libreriahistoriasdebolsillo.com\/index.php\/wp-json\/wp\/v2\/product"}],"about":[{"href":"https:\/\/libreriahistoriasdebolsillo.com\/index.php\/wp-json\/wp\/v2\/types\/product"}],"wp:featuredmedia":[{"embeddable":true,"href":"https:\/\/libreriahistoriasdebolsillo.com\/index.php\/wp-json\/wp\/v2\/media\/5779"}],"wp:attachment":[{"href":"https:\/\/libreriahistoriasdebolsillo.com\/index.php\/wp-json\/wp\/v2\/media?parent=5778"}],"wp:term":[{"taxonomy":"product_brand","embeddable":true,"href":"https:\/\/libreriahistoriasdebolsillo.com\/index.php\/wp-json\/wp\/v2\/product_brand?post=5778"},{"taxonomy":"product_cat","embeddable":true,"href":"https:\/\/libreriahistoriasdebolsillo.com\/index.php\/wp-json\/wp\/v2\/product_cat?post=5778"},{"taxonomy":"product_tag","embeddable":true,"href":"https:\/\/libreriahistoriasdebolsillo.com\/index.php\/wp-json\/wp\/v2\/product_tag?post=5778"}],"curies":[{"name":"wp","href":"https:\/\/api.w.org\/{rel}","templated":true}]}}