{"id":5782,"date":"2024-10-22T10:29:23","date_gmt":"2024-10-22T16:29:23","guid":{"rendered":"https:\/\/libreriahistoriasdebolsillo.com\/?post_type=product&#038;p=5782"},"modified":"2025-02-18T11:55:40","modified_gmt":"2025-02-18T17:55:40","slug":"wtf-con-el-retiro","status":"publish","type":"product","link":"https:\/\/libreriahistoriasdebolsillo.com\/index.php\/producto\/wtf-con-el-retiro\/","title":{"rendered":"WTF con el retiro"},"content":{"rendered":"<p><b>La gu\u00eda m\u00e1s<\/b>\u00a0<b>cool<\/b><b>\u00a0que explica<\/b>\u00a0<b>con manzanas, memes y referencias<\/b>\u00a0<b>a la cultura pop todo lo que necesitas<\/b>\u00a0<b>saber para vivir la vejez de tus sue\u00f1os.<\/b><\/p>\n<p>El cuarto libro de la colecci\u00f3n\u00a0<b>wtf<\/b><b>\u00a0con\u2026<\/b>\u00a0aborda uno de los temas que m\u00e1s preocupan a los j\u00f3venes: qu\u00e9 va a pasar cuando nos\u00a0<b>jubilemos<\/b>\u2026 si es que nos jubilamos&#8230; No vamos a mentir, el panorama pinta\u00a0<b>muy<\/b>\u00a0<b>oscuro<\/b>\u00a0con los m\u00e1s recientes reg\u00edmenes de pensi\u00f3n. Los gobiernos ya no controlan todo como antes y los patrones (obligados por la ley) aportan un poco a los\u00a0<b>trabajadores formales<\/b>. Y aunque la ayuda se agradece, somos nosotros los que tenemos que arregl\u00e1rnoslas para asegurarnos un retiro pr\u00f3spero y sin dificultades financieras. Eso nos obliga a aportar voluntariamente a fuerza dinero de nuestro ya escaso sueldo. Encima de todo, \u00a1ni\u00a0<b>nuestrxs<\/b>\u00a0<b>perrhijxs<\/b>\u00a0nos van a poder mantener!<\/p>\n<p>Si\u00a0<b>66%<\/b>\u00a0de los j\u00f3venes no se siente preparado para el retiro y solo 2 de cada 10 ahorran para este fin, lamentablemente, se ve lejano el sue\u00f1o de una\u00a0<b>vejez<\/b>\u00a0en la playa, rodeadxs de nuestros seres queridos o viajando por el mundo. Pero, qui\u00e9n mejor para calmar nuestra amsiedad que Paulina Casso. La autora bestseller de libros de\u00a0<b>adulting<\/b>, en su misi\u00f3n por cuidar el\u00a0<b>bienestar<\/b>\u00a0de su generaci\u00f3n que desafortunadamente ya es adulta, pero quisiera no ejercer, nos salvar\u00e1 (otra vez) de la ruina cuando seamos viejitxs.<\/p>\n<p>En wtf con el retiro, aprender\u00e1s c\u00f3mo est\u00e1 el panorama del\u00a0<b>retiro en M\u00e9xico<\/b>, c\u00f3mo funciona el sistema de pensiones y las\u00a0<b>Afores<\/b>, estrategias para el inicio de tu vida laboral, qu\u00e9 es un\u00a0<b>Plan Personal de Retiro<\/b>\u00a0y por qu\u00e9 deber\u00edas contratar uno, las alternativas que hay para invertir en el futuro, c\u00f3mo planificar la vejez y c\u00f3mo retirar el dinero de tu Afore.<\/p>\n","protected":false},"excerpt":{"rendered":"<p>Paulina Casso<\/p>\n<p>264 p\u00e1ginas<\/p>\n","protected":false},"featured_media":5783,"template":"","meta":{"_joinchat":[]},"product_brand":[],"product_cat":[58,41,70],"product_tag":[34],"class_list":{"0":"post-5782","1":"product","2":"type-product","3":"status-publish","4":"has-post-thumbnail","6":"product_cat-desarrollo-humano-y-superacion","7":"product_cat-desarrollo-humano","8":"product_cat-novedades","9":"product_tag-penguin-random-house","11":"first","12":"outofstock","13":"shipping-taxable","14":"purchasable","15":"product-type-simple"},"_links":{"self":[{"href":"https:\/\/libreriahistoriasdebolsillo.com\/index.php\/wp-json\/wp\/v2\/product\/5782","targetHints":{"allow":["GET"]}}],"collection":[{"href":"https:\/\/libreriahistoriasdebolsillo.com\/index.php\/wp-json\/wp\/v2\/product"}],"about":[{"href":"https:\/\/libreriahistoriasdebolsillo.com\/index.php\/wp-json\/wp\/v2\/types\/product"}],"wp:featuredmedia":[{"embeddable":true,"href":"https:\/\/libreriahistoriasdebolsillo.com\/index.php\/wp-json\/wp\/v2\/media\/5783"}],"wp:attachment":[{"href":"https:\/\/libreriahistoriasdebolsillo.com\/index.php\/wp-json\/wp\/v2\/media?parent=5782"}],"wp:term":[{"taxonomy":"product_brand","embeddable":true,"href":"https:\/\/libreriahistoriasdebolsillo.com\/index.php\/wp-json\/wp\/v2\/product_brand?post=5782"},{"taxonomy":"product_cat","embeddable":true,"href":"https:\/\/libreriahistoriasdebolsillo.com\/index.php\/wp-json\/wp\/v2\/product_cat?post=5782"},{"taxonomy":"product_tag","embeddable":true,"href":"https:\/\/libreriahistoriasdebolsillo.com\/index.php\/wp-json\/wp\/v2\/product_tag?post=5782"}],"curies":[{"name":"wp","href":"https:\/\/api.w.org\/{rel}","templated":true}]}}