{"id":5792,"date":"2024-10-23T16:04:02","date_gmt":"2024-10-23T22:04:02","guid":{"rendered":"https:\/\/libreriahistoriasdebolsillo.com\/?post_type=product&#038;p=5792"},"modified":"2025-06-27T17:45:26","modified_gmt":"2025-06-27T23:45:26","slug":"el-perro-que-seguia-las-estrellas","status":"publish","type":"product","link":"https:\/\/libreriahistoriasdebolsillo.com\/index.php\/producto\/el-perro-que-seguia-las-estrellas\/","title":{"rendered":"El perro que segu\u00eda las estrellas"},"content":{"rendered":"<p>El amor no conoce distancias. Inspirado en una historia real. El perro que segu\u00eda las estrellas es una oda a nuestro mejor amigo y al amor incondicional como br\u00fajula en el viaje de la vida. Despu\u00e9s de una larga traves\u00eda en coche con su fiel amigo. Los fuegos artificiales asustan a Roshi; lo cual, sumado a la persecuci\u00f3n de una jaur\u00eda de perros, har\u00e1 que se pierda.<\/p>\n","protected":false},"excerpt":{"rendered":"<p>Anna S\u00f3lym<\/p>\n","protected":false},"featured_media":5793,"template":"","meta":{"_joinchat":[]},"product_brand":[],"product_cat":[78,33,70],"product_tag":[48],"class_list":{"0":"post-5792","1":"product","2":"type-product","3":"status-publish","4":"has-post-thumbnail","6":"product_cat-contemporanea","7":"product_cat-ficcion-general","8":"product_cat-novedades","9":"product_tag-vr-editoras","11":"first","12":"outofstock","13":"shipping-taxable","14":"purchasable","15":"product-type-simple"},"_links":{"self":[{"href":"https:\/\/libreriahistoriasdebolsillo.com\/index.php\/wp-json\/wp\/v2\/product\/5792","targetHints":{"allow":["GET"]}}],"collection":[{"href":"https:\/\/libreriahistoriasdebolsillo.com\/index.php\/wp-json\/wp\/v2\/product"}],"about":[{"href":"https:\/\/libreriahistoriasdebolsillo.com\/index.php\/wp-json\/wp\/v2\/types\/product"}],"wp:featuredmedia":[{"embeddable":true,"href":"https:\/\/libreriahistoriasdebolsillo.com\/index.php\/wp-json\/wp\/v2\/media\/5793"}],"wp:attachment":[{"href":"https:\/\/libreriahistoriasdebolsillo.com\/index.php\/wp-json\/wp\/v2\/media?parent=5792"}],"wp:term":[{"taxonomy":"product_brand","embeddable":true,"href":"https:\/\/libreriahistoriasdebolsillo.com\/index.php\/wp-json\/wp\/v2\/product_brand?post=5792"},{"taxonomy":"product_cat","embeddable":true,"href":"https:\/\/libreriahistoriasdebolsillo.com\/index.php\/wp-json\/wp\/v2\/product_cat?post=5792"},{"taxonomy":"product_tag","embeddable":true,"href":"https:\/\/libreriahistoriasdebolsillo.com\/index.php\/wp-json\/wp\/v2\/product_tag?post=5792"}],"curies":[{"name":"wp","href":"https:\/\/api.w.org\/{rel}","templated":true}]}}