{"id":5801,"date":"2024-10-30T12:53:33","date_gmt":"2024-10-30T18:53:33","guid":{"rendered":"https:\/\/libreriahistoriasdebolsillo.com\/?post_type=product&#038;p=5801"},"modified":"2026-02-28T13:17:15","modified_gmt":"2026-02-28T19:17:15","slug":"tu-seras-mi-muerte","status":"publish","type":"product","link":"https:\/\/libreriahistoriasdebolsillo.com\/index.php\/producto\/tu-seras-mi-muerte\/","title":{"rendered":"T\u00fa ser\u00e1s mi muerte"},"content":{"rendered":"<p><b>IVY, MATEO Y CAL SOL\u00cdAN SER<\/b>\u00a0<b>MEJORES AMIGOS&#8230; <\/b><b>Por la autora de UNO DE NOSOTROS MIENTE.<\/b><\/p>\n<p>Ahora todo lo que tienen en com\u00fan es\u00a0<b>la preparatoria<\/b>\u00a0Carlton y la casualidad de encontrarse una ma\u00f1ana cualquiera. Y, cuando eso pasa, es una ma\u00f1ana de las malas:<\/p>\n<p>Ivy acaba de perder las\u00a0<b>elecciones al consejo estudiantil<\/b>, Mateo hace malabares entre dos trabajos y a Cal lo acaban de dejar plantado otra vez. As\u00ed que deciden saltarse juntos las clases, como en los viejos tiempos.<\/p>\n<p>No son conscientes de que su mal d\u00eda se volver\u00e1 mortal.<\/p>\n<p>Nada los ha preparado para ser\u00a0<b>testigos de un asesinato<\/b>. Y es que parece que Ivy, Mateo y Cal todav\u00eda tienen cosas en com\u00fan: todos tienen una conexi\u00f3n con el chico muerto y todos ocultan algo.<\/p>\n<p>\u00bfPodr\u00eda ser que su reencuentro no fuera casualidad despu\u00e9s de todo?<\/p>\n","protected":false},"excerpt":{"rendered":"<p>Karen M. McManus<\/p>\n<p>368 p\u00e1ginas<\/p>\n","protected":false},"featured_media":5802,"template":"","meta":{"_joinchat":[]},"product_brand":[],"product_cat":[79,52,37,51],"product_tag":[34],"class_list":{"0":"post-5801","1":"product","2":"type-product","3":"status-publish","4":"has-post-thumbnail","6":"product_cat-campana-punto-naranja","7":"product_cat-juvenil","8":"product_cat-misterio-y-thriller","9":"product_cat-oferta","10":"product_tag-penguin-random-house","12":"first","13":"outofstock","14":"sale","15":"shipping-taxable","16":"purchasable","17":"product-type-simple"},"_links":{"self":[{"href":"https:\/\/libreriahistoriasdebolsillo.com\/index.php\/wp-json\/wp\/v2\/product\/5801","targetHints":{"allow":["GET"]}}],"collection":[{"href":"https:\/\/libreriahistoriasdebolsillo.com\/index.php\/wp-json\/wp\/v2\/product"}],"about":[{"href":"https:\/\/libreriahistoriasdebolsillo.com\/index.php\/wp-json\/wp\/v2\/types\/product"}],"wp:featuredmedia":[{"embeddable":true,"href":"https:\/\/libreriahistoriasdebolsillo.com\/index.php\/wp-json\/wp\/v2\/media\/5802"}],"wp:attachment":[{"href":"https:\/\/libreriahistoriasdebolsillo.com\/index.php\/wp-json\/wp\/v2\/media?parent=5801"}],"wp:term":[{"taxonomy":"product_brand","embeddable":true,"href":"https:\/\/libreriahistoriasdebolsillo.com\/index.php\/wp-json\/wp\/v2\/product_brand?post=5801"},{"taxonomy":"product_cat","embeddable":true,"href":"https:\/\/libreriahistoriasdebolsillo.com\/index.php\/wp-json\/wp\/v2\/product_cat?post=5801"},{"taxonomy":"product_tag","embeddable":true,"href":"https:\/\/libreriahistoriasdebolsillo.com\/index.php\/wp-json\/wp\/v2\/product_tag?post=5801"}],"curies":[{"name":"wp","href":"https:\/\/api.w.org\/{rel}","templated":true}]}}