{"id":5803,"date":"2024-10-30T13:01:26","date_gmt":"2024-10-30T19:01:26","guid":{"rendered":"https:\/\/libreriahistoriasdebolsillo.com\/?post_type=product&#038;p=5803"},"modified":"2026-02-10T16:15:20","modified_gmt":"2026-02-10T22:15:20","slug":"only-a-monster","status":"publish","type":"product","link":"https:\/\/libreriahistoriasdebolsillo.com\/index.php\/producto\/only-a-monster\/","title":{"rendered":"Only a monster"},"content":{"rendered":"<p><b>T<\/b><b>odas las historias tienen un h\u00e9roe y un monstruo.<\/b>\u00a0<b>E<\/b><b>n esta, ella no es la hero\u00edna&#8230;<\/b><\/p>\n<p>Joan ha descubierto una terrible verdad: tanto ella como su familia son\u00a0<b>monstruos<\/b>\u00a0con\u00a0<b>poderes extraordinarios<\/b>. Por si esto fuera poco, su\u00a0<b>compa\u00f1ero de trabajo<\/b>\u00a0no es un chico cualquiera, sino un\u00a0<b>legendario asesino<\/b>\u00a0y\u00a0<b>cazador de monstruos\u00a0<\/b>que har\u00e1 lo que haga falta para destruir a su familia.<\/p>\n<p>Para salvarse a s\u00ed misma y a sus seres queridos, Joan deber\u00e1 hacer lo que m\u00e1s teme: abrazar su monstruosidad.<\/p>\n","protected":false},"excerpt":{"rendered":"<p>Vanessa Len<\/p>\n<p>448 p\u00e1ginas<\/p>\n","protected":false},"featured_media":5804,"template":"","meta":{"_joinchat":[]},"product_brand":[],"product_cat":[79,51,76],"product_tag":[34],"class_list":{"0":"post-5803","1":"product","2":"type-product","3":"status-publish","4":"has-post-thumbnail","6":"product_cat-campana-punto-naranja","7":"product_cat-oferta","8":"product_cat-romantasy","9":"product_tag-penguin-random-house","11":"first","12":"outofstock","13":"sale","14":"shipping-taxable","15":"purchasable","16":"product-type-simple"},"_links":{"self":[{"href":"https:\/\/libreriahistoriasdebolsillo.com\/index.php\/wp-json\/wp\/v2\/product\/5803","targetHints":{"allow":["GET"]}}],"collection":[{"href":"https:\/\/libreriahistoriasdebolsillo.com\/index.php\/wp-json\/wp\/v2\/product"}],"about":[{"href":"https:\/\/libreriahistoriasdebolsillo.com\/index.php\/wp-json\/wp\/v2\/types\/product"}],"wp:featuredmedia":[{"embeddable":true,"href":"https:\/\/libreriahistoriasdebolsillo.com\/index.php\/wp-json\/wp\/v2\/media\/5804"}],"wp:attachment":[{"href":"https:\/\/libreriahistoriasdebolsillo.com\/index.php\/wp-json\/wp\/v2\/media?parent=5803"}],"wp:term":[{"taxonomy":"product_brand","embeddable":true,"href":"https:\/\/libreriahistoriasdebolsillo.com\/index.php\/wp-json\/wp\/v2\/product_brand?post=5803"},{"taxonomy":"product_cat","embeddable":true,"href":"https:\/\/libreriahistoriasdebolsillo.com\/index.php\/wp-json\/wp\/v2\/product_cat?post=5803"},{"taxonomy":"product_tag","embeddable":true,"href":"https:\/\/libreriahistoriasdebolsillo.com\/index.php\/wp-json\/wp\/v2\/product_tag?post=5803"}],"curies":[{"name":"wp","href":"https:\/\/api.w.org\/{rel}","templated":true}]}}