{"id":5807,"date":"2024-10-30T13:07:51","date_gmt":"2024-10-30T19:07:51","guid":{"rendered":"https:\/\/libreriahistoriasdebolsillo.com\/?post_type=product&#038;p=5807"},"modified":"2025-03-03T17:21:31","modified_gmt":"2025-03-03T23:21:31","slug":"babysitter","status":"publish","type":"product","link":"https:\/\/libreriahistoriasdebolsillo.com\/index.php\/producto\/babysitter\/","title":{"rendered":"Babysitter"},"content":{"rendered":"<p>Corre el a\u00f1o 1977 y Hannah y Wes Jarrett, un respetable\u00a0<b>hombre de negocios<\/b>\u00a0y miembro de una de las familias m\u00e1s poderosas de\u00a0<b>Detroit<\/b>, viven felices junto a sus hijos peque\u00f1os en su casa de las afueras, donde la criada, Ismelda, hace que todo sea m\u00e1s llevadero.Pero su vida y la de sus vecinos se ve sacudida por la aparici\u00f3n de un\u00a0<b>asesino<\/b>\u00a0al que los medios han apodado\u00a0<b>Babysitter<\/b>: ya ha raptado y torturado a seis ni\u00f1os y ha dejado sus cuerpos en la carretera en posturas llamativas, como si durmieran. En una fiesta filantr\u00f3pica de la familia Jarrett, Hannah conoce al Se\u00f1or R__, un hombre extra\u00f1o y oscuramente carism\u00e1tico con el que inicia una peligrosa\u00a0<b>aventura<\/b>. Mientras tanto, el esquivo\u00a0<b>asesino en serie<\/b>, que parece formar parte de la \u00e9lite de Detroit, sigue acumulando v\u00edctimas y llevando a la ciudad a la desesperaci\u00f3n.<\/p>\n<p>Babysitter es una\u00a0<b>exploraci\u00f3n psicol\u00f3gica<\/b>\u00a0de los rincones m\u00e1s oscuros de la psique humana y una\u00a0<b>cr\u00edtica<\/b>\u00a0demoledora del<b>\u00a0racismo<\/b>,\u00a0<b>la violencia sexual<\/b>,\u00a0<b>la homofobia<\/b>\u00a0y la\u00a0<b>misoginia<\/b>\u00a0sobre los que se asientan las sociedades contempor\u00e1neas<\/p>\n","protected":false},"excerpt":{"rendered":"<p>Joyce Carol Oates<\/p>\n<p>504 p\u00e1ginas<\/p>\n","protected":false},"featured_media":5808,"template":"","meta":{"_joinchat":[]},"product_brand":[],"product_cat":[79,78,33,51],"product_tag":[34],"class_list":{"0":"post-5807","1":"product","2":"type-product","3":"status-publish","4":"has-post-thumbnail","6":"product_cat-campana-punto-naranja","7":"product_cat-contemporanea","8":"product_cat-ficcion-general","9":"product_cat-oferta","10":"product_tag-penguin-random-house","12":"first","13":"outofstock","14":"sale","15":"shipping-taxable","16":"purchasable","17":"product-type-simple"},"_links":{"self":[{"href":"https:\/\/libreriahistoriasdebolsillo.com\/index.php\/wp-json\/wp\/v2\/product\/5807","targetHints":{"allow":["GET"]}}],"collection":[{"href":"https:\/\/libreriahistoriasdebolsillo.com\/index.php\/wp-json\/wp\/v2\/product"}],"about":[{"href":"https:\/\/libreriahistoriasdebolsillo.com\/index.php\/wp-json\/wp\/v2\/types\/product"}],"wp:featuredmedia":[{"embeddable":true,"href":"https:\/\/libreriahistoriasdebolsillo.com\/index.php\/wp-json\/wp\/v2\/media\/5808"}],"wp:attachment":[{"href":"https:\/\/libreriahistoriasdebolsillo.com\/index.php\/wp-json\/wp\/v2\/media?parent=5807"}],"wp:term":[{"taxonomy":"product_brand","embeddable":true,"href":"https:\/\/libreriahistoriasdebolsillo.com\/index.php\/wp-json\/wp\/v2\/product_brand?post=5807"},{"taxonomy":"product_cat","embeddable":true,"href":"https:\/\/libreriahistoriasdebolsillo.com\/index.php\/wp-json\/wp\/v2\/product_cat?post=5807"},{"taxonomy":"product_tag","embeddable":true,"href":"https:\/\/libreriahistoriasdebolsillo.com\/index.php\/wp-json\/wp\/v2\/product_tag?post=5807"}],"curies":[{"name":"wp","href":"https:\/\/api.w.org\/{rel}","templated":true}]}}