{"id":5815,"date":"2024-10-30T13:22:13","date_gmt":"2024-10-30T19:22:13","guid":{"rendered":"https:\/\/libreriahistoriasdebolsillo.com\/?post_type=product&#038;p=5815"},"modified":"2025-02-20T16:32:13","modified_gmt":"2025-02-20T22:32:13","slug":"el-regreso","status":"publish","type":"product","link":"https:\/\/libreriahistoriasdebolsillo.com\/index.php\/producto\/el-regreso\/","title":{"rendered":"El regreso"},"content":{"rendered":"<p><b>Trevor Benson no ten\u00eda intenciones de volver a New Bern, Carolina del Norte. Pero una terrible explosi\u00f3n a las afueras del hospital en el que trabajaba como cirujano le obliga a volver a casa desde Afganist\u00e1n con graves heridas. La destartalada caba\u00f1a que hab\u00eda heredado de su abuelo parece el lugar ideal para recuperarse.<\/b><\/p>\n<p>Trevor, que cuida las amadas\u00a0<b>colmenas de abejas<\/b>\u00a0de su abuelo, no est\u00e1 preparado para\u00a0<b>enamorarse<\/b>\u00a0de alguien del pueblo. Sin embargo, desde su primer encuentro, Trevor siente una conexi\u00f3n especial que no puede ignorar con Natalie Masterson, la ayudante del sheriff. Pero incluso cuando ella parec\u00eda corresponder a sus sentimientos, Natalie permanece muy distante, haciendo que Trevor se cuestione qu\u00e9 podr\u00eda estar escondiendo. Para complicar a\u00fan m\u00e1s las cosas en New Bern, de pronto aparece Callie, una adolescente que vive en un estacionamiento de caravanas. Al saber que Callie conoc\u00eda a su abuelo, Trevor espera esclarecer las misteriosas circunstancias de su muerte, pero Callie ofrece muy pocas pistas, hasta que una crisis desencadena una carrera que descubrir\u00e1 la verdadera naturaleza de su pasado, un pasado mucho m\u00e1s entrelazado con la\u00a0<b>muerte<\/b>\u00a0del anciano de lo que Trevor podr\u00eda haber imaginado.<\/p>\n<p>En su b\u00fasqueda por desentra\u00f1ar los secretos de Natalie y Callie, Trevor aprender\u00e1 el\u00a0<b>verdadero significado del amor y del perd\u00f3n\u00a0<\/b>\u2026 y que en la vida, para seguir adelante, a menudo debemos regresar al lugar donde todo comenz\u00f3.<\/p>\n","protected":false},"excerpt":{"rendered":"<p>Nicholas Sparks<\/p>\n<p>382 p\u00e1ginas<\/p>\n","protected":false},"featured_media":5816,"template":"","meta":{"_joinchat":[]},"product_brand":[],"product_cat":[79,51,35],"product_tag":[34],"class_list":{"0":"post-5815","1":"product","2":"type-product","3":"status-publish","4":"has-post-thumbnail","6":"product_cat-campana-punto-naranja","7":"product_cat-oferta","8":"product_cat-romantica","9":"product_tag-penguin-random-house","11":"first","12":"outofstock","13":"sale","14":"shipping-taxable","15":"purchasable","16":"product-type-simple"},"_links":{"self":[{"href":"https:\/\/libreriahistoriasdebolsillo.com\/index.php\/wp-json\/wp\/v2\/product\/5815","targetHints":{"allow":["GET"]}}],"collection":[{"href":"https:\/\/libreriahistoriasdebolsillo.com\/index.php\/wp-json\/wp\/v2\/product"}],"about":[{"href":"https:\/\/libreriahistoriasdebolsillo.com\/index.php\/wp-json\/wp\/v2\/types\/product"}],"wp:featuredmedia":[{"embeddable":true,"href":"https:\/\/libreriahistoriasdebolsillo.com\/index.php\/wp-json\/wp\/v2\/media\/5816"}],"wp:attachment":[{"href":"https:\/\/libreriahistoriasdebolsillo.com\/index.php\/wp-json\/wp\/v2\/media?parent=5815"}],"wp:term":[{"taxonomy":"product_brand","embeddable":true,"href":"https:\/\/libreriahistoriasdebolsillo.com\/index.php\/wp-json\/wp\/v2\/product_brand?post=5815"},{"taxonomy":"product_cat","embeddable":true,"href":"https:\/\/libreriahistoriasdebolsillo.com\/index.php\/wp-json\/wp\/v2\/product_cat?post=5815"},{"taxonomy":"product_tag","embeddable":true,"href":"https:\/\/libreriahistoriasdebolsillo.com\/index.php\/wp-json\/wp\/v2\/product_tag?post=5815"}],"curies":[{"name":"wp","href":"https:\/\/api.w.org\/{rel}","templated":true}]}}