{"id":5817,"date":"2024-10-30T13:25:03","date_gmt":"2024-10-30T19:25:03","guid":{"rendered":"https:\/\/libreriahistoriasdebolsillo.com\/?post_type=product&#038;p=5817"},"modified":"2025-02-20T16:34:14","modified_gmt":"2025-02-20T22:34:14","slug":"magia-angelical","status":"publish","type":"product","link":"https:\/\/libreriahistoriasdebolsillo.com\/index.php\/producto\/magia-angelical\/","title":{"rendered":"Magia angelical"},"content":{"rendered":"<p><b>POR EL INDISCUTIBLE MAESTRO INTERNACIONAL DE LA FANTAS\u00cdA JUVENIL GARTH NIX, NOS LLEGA UNA IMPACTANTE NOVELA LLENA DE \u00c1NGELES, H\u00c9ROES, P\u00d3LVORA Y MAGIA AL M\u00c1S ALTO NIVEL.<\/b><\/p>\n<p>La invocadora de \u00e1ngeles Liliath, a quien se cre\u00eda muerta, ha despertado de un largo letargo que dur\u00f3 m\u00e1s de un siglo. Volvi\u00f3 para continuar su b\u00fasqueda y unirse a su amante, Palleniel, el arc\u00e1ngel de Ystara. Para lograrlo, Liliath recurrir\u00e1 a la magia angelical para reunir a cuatro j\u00f3venes que la ayudar\u00e1n: Agnez, la mosquetera; Simeon, un estudiante de medicina; Dorotea, creadora de iconos y estudiante de la magia angelical, y Henri, uno de los secretarios de la cardenal. Ninguno de ellos sospecha de la importancia de su misi\u00f3n, pero tampoco de c\u00f3mo Liliath planea utilizarlos, sin importar el sacrificio de los dem\u00e1s. Ambientada en un siglo xvii alternativo en el que los \u00e1ngeles pueden ser invocados (y controlados) por aquellos con un talento especial por la magia, la nueva novela del maestro Garth Nix ser\u00e1 el acontecimiento de la fantas\u00eda juvenil de los pr\u00f3ximos a\u00f1os.<\/p>\n","protected":false},"excerpt":{"rendered":"<p>Garth Nix<\/p>\n<p>508 p\u00e1ginas<\/p>\n","protected":false},"featured_media":5818,"template":"","meta":{"_joinchat":[]},"product_brand":[],"product_cat":[79,39,51],"product_tag":[34],"class_list":{"0":"post-5817","1":"product","2":"type-product","3":"status-publish","4":"has-post-thumbnail","6":"product_cat-campana-punto-naranja","7":"product_cat-fantasia","8":"product_cat-oferta","9":"product_tag-penguin-random-house","11":"first","12":"outofstock","13":"sale","14":"shipping-taxable","15":"purchasable","16":"product-type-simple"},"_links":{"self":[{"href":"https:\/\/libreriahistoriasdebolsillo.com\/index.php\/wp-json\/wp\/v2\/product\/5817","targetHints":{"allow":["GET"]}}],"collection":[{"href":"https:\/\/libreriahistoriasdebolsillo.com\/index.php\/wp-json\/wp\/v2\/product"}],"about":[{"href":"https:\/\/libreriahistoriasdebolsillo.com\/index.php\/wp-json\/wp\/v2\/types\/product"}],"wp:featuredmedia":[{"embeddable":true,"href":"https:\/\/libreriahistoriasdebolsillo.com\/index.php\/wp-json\/wp\/v2\/media\/5818"}],"wp:attachment":[{"href":"https:\/\/libreriahistoriasdebolsillo.com\/index.php\/wp-json\/wp\/v2\/media?parent=5817"}],"wp:term":[{"taxonomy":"product_brand","embeddable":true,"href":"https:\/\/libreriahistoriasdebolsillo.com\/index.php\/wp-json\/wp\/v2\/product_brand?post=5817"},{"taxonomy":"product_cat","embeddable":true,"href":"https:\/\/libreriahistoriasdebolsillo.com\/index.php\/wp-json\/wp\/v2\/product_cat?post=5817"},{"taxonomy":"product_tag","embeddable":true,"href":"https:\/\/libreriahistoriasdebolsillo.com\/index.php\/wp-json\/wp\/v2\/product_tag?post=5817"}],"curies":[{"name":"wp","href":"https:\/\/api.w.org\/{rel}","templated":true}]}}