{"id":5819,"date":"2024-10-30T13:39:00","date_gmt":"2024-10-30T19:39:00","guid":{"rendered":"https:\/\/libreriahistoriasdebolsillo.com\/?post_type=product&#038;p=5819"},"modified":"2025-03-03T17:21:21","modified_gmt":"2025-03-03T23:21:21","slug":"gente-nutritiva","status":"publish","type":"product","link":"https:\/\/libreriahistoriasdebolsillo.com\/index.php\/producto\/gente-nutritiva\/","title":{"rendered":"Gente nutritiva"},"content":{"rendered":"<p><b>Gente nutritiva es un punto de inflexi\u00f3n en tu vida.<\/b><\/p>\n<p><b>Te ayudar\u00e1 a alcanzar tu mejor versi\u00f3n y tener v\u00ednculos<\/b>\u00a0<b>m\u00e1s significativos, repletos de respeto, alegr\u00eda y amor.<\/b><\/p>\n<p>Todos los seres humanos nacemos preparados para\u00a0<b>conectarnos con los dem\u00e1s<\/b>. El v\u00ednculo con el otro es fundamental porque somos\u00a0<b>seres gregarios<\/b>. \u00a1Necesitamos de la gente! Seguramente recordar\u00e1s a ese amigo, ese abuelo o ese maestro cuyas acciones o palabras te llenaron de alegr\u00eda.<\/p>\n<p>La\u00a0<b>gente nutritiva<\/b>\u00a0nos motiva, nos alienta, nos ayuda a ser mejores porque despliega actitudes que nos hacen bien.<\/p>\n<p>En este nuevo libro, Bernardo Stamateas presenta las caracter\u00edsticas de esas personas que nos sanan con sus actitudes, nos producen alegr\u00eda, nos traen plenitud y nos nivelan \u201chacia arriba\u201d.<\/p>\n<p>\u00bfQu\u00e9 distingue a una persona nutritiva?<\/p>\n<p>\u2022 Es emp\u00e1tica<\/p>\n<p>\u2022 Vive un apego seguro<\/p>\n<p>\u2022 Tiene una actitud esperanzadora<\/p>\n<p>\u2022 Expresa su alegr\u00eda en el encuentro<\/p>\n<p>\u2022 Considera su propio deseo y el del otro<\/p>\n<p>\u2022 Es congruente con lo que piensa, siente y dice<\/p>\n<p>\u2022 Acepta al otro tal cual es<\/p>\n<p>\u2022 Genera sinton\u00eda emocional<\/p>\n<p>\u2022 Identifica las fortalezas propias y ajenas<\/p>\n","protected":false},"excerpt":{"rendered":"<p>Bernardo Stamateas<\/p>\n<p>192 p\u00e1ginas<\/p>\n","protected":false},"featured_media":5820,"template":"","meta":{"_joinchat":[]},"product_brand":[],"product_cat":[79,58,41,51],"product_tag":[34],"class_list":{"0":"post-5819","1":"product","2":"type-product","3":"status-publish","4":"has-post-thumbnail","6":"product_cat-campana-punto-naranja","7":"product_cat-desarrollo-humano-y-superacion","8":"product_cat-desarrollo-humano","9":"product_cat-oferta","10":"product_tag-penguin-random-house","12":"first","13":"outofstock","14":"sale","15":"shipping-taxable","16":"purchasable","17":"product-type-simple"},"_links":{"self":[{"href":"https:\/\/libreriahistoriasdebolsillo.com\/index.php\/wp-json\/wp\/v2\/product\/5819","targetHints":{"allow":["GET"]}}],"collection":[{"href":"https:\/\/libreriahistoriasdebolsillo.com\/index.php\/wp-json\/wp\/v2\/product"}],"about":[{"href":"https:\/\/libreriahistoriasdebolsillo.com\/index.php\/wp-json\/wp\/v2\/types\/product"}],"wp:featuredmedia":[{"embeddable":true,"href":"https:\/\/libreriahistoriasdebolsillo.com\/index.php\/wp-json\/wp\/v2\/media\/5820"}],"wp:attachment":[{"href":"https:\/\/libreriahistoriasdebolsillo.com\/index.php\/wp-json\/wp\/v2\/media?parent=5819"}],"wp:term":[{"taxonomy":"product_brand","embeddable":true,"href":"https:\/\/libreriahistoriasdebolsillo.com\/index.php\/wp-json\/wp\/v2\/product_brand?post=5819"},{"taxonomy":"product_cat","embeddable":true,"href":"https:\/\/libreriahistoriasdebolsillo.com\/index.php\/wp-json\/wp\/v2\/product_cat?post=5819"},{"taxonomy":"product_tag","embeddable":true,"href":"https:\/\/libreriahistoriasdebolsillo.com\/index.php\/wp-json\/wp\/v2\/product_tag?post=5819"}],"curies":[{"name":"wp","href":"https:\/\/api.w.org\/{rel}","templated":true}]}}