{"id":5825,"date":"2024-10-30T13:50:33","date_gmt":"2024-10-30T19:50:33","guid":{"rendered":"https:\/\/libreriahistoriasdebolsillo.com\/?post_type=product&#038;p=5825"},"modified":"2025-03-03T17:21:14","modified_gmt":"2025-03-03T23:21:14","slug":"la-bestia-que-devora-a-los-ninos","status":"publish","type":"product","link":"https:\/\/libreriahistoriasdebolsillo.com\/index.php\/producto\/la-bestia-que-devora-a-los-ninos\/","title":{"rendered":"La bestia que devora a los ni\u00f1os"},"content":{"rendered":"<div class=\"d-none d-md-block\">\n<div id=\"product-description-short-322983\" class=\"descripCorta\">\n<p><b>Abuso sexual infantil: pornograf\u00eda, delitos sexuales por internet, empresarios y miembros de la Iglesia violadores, y autoridades c\u00f3mplices&#8230;<\/b><\/p>\n<p><b>M\u00e9xico<\/b>\u00a0ocupa uno de\u00a0<b>los primeros lugares en el mundo<\/b>\u00a0en\u00a0<b>abuso sexual infantil<\/b>: \u00bfcu\u00e1ntas vidas destrozadas m\u00e1s deben ocurrir para confrontar con real justicia esta tragedia? El abuso sexual infantil es una\u00a0<b>pr\u00e1ctica condenable<\/b>\u00a0que da\u00f1a profundamente a los seres m\u00e1s vulnerables de nuestra sociedad<b>. Mar\u00eda Antonieta Flores Astorga<\/b>, experta en la materia por\u00a0<b>a\u00f1os de investigaci\u00f3n<\/b>, incluso con\u00a0<b>amenazas severas por su trabajo<\/b>, ofrece en este libro un\u00a0<b>repaso minucioso<\/b>,\u00a0<b>tr\u00e1gico e indignante<\/b>\u00a0de lo que\u00a0<b>la violaci\u00f3n, la pornograf\u00eda, la trata y el acoso<\/b>\u00a0a ni\u00f1as, ni\u00f1os y adolescentes provoca en las v\u00edctimas.<\/p>\n<p><b>La periodista<\/b>\u00a0<b>revela<\/b>\u00a0los<b>\u00a0nombres<\/b>\u00a0y los hechos de\u00a0<b>pederastas y violadores<\/b>\u00a0que van desde empresarios hasta representantes de la iglesia, juezas y abogados que, con las autoridades, encubren estos delitos, as\u00ed como funcionarios, profesores, maestras o directoras de escuelas c\u00f3mplices del abuso sexual infantil. En la investigaci\u00f3n se ofrecen\u00a0<b>testimonios desgarradores de v\u00edctimas<\/b>\u00a0que advierten que la vejaci\u00f3n no concluye con la comisi\u00f3n del delito: ah\u00ed inicia el infierno, pues las secuelas los laceran toda su vida.<\/p>\n<p>El prop\u00f3sito de esta investigaci\u00f3n es\u00a0<b>denunciar estas pr\u00e1cticas<\/b>\u00a0que mutilan la infancia y exigir que no quede impune ning\u00fan ataque a los menores de edad, impulsar de manera radical la\u00a0<b>seguridad cibern\u00e9tica<\/b>\u00a0para que ning\u00fan ni\u00f1o, ni\u00f1a o adolescente sea grabado o fotografiado para ofrecimiento de los demonios que los asedian de forma bestial, en suma, decir basta a todo aquello que lastime a las infancias de M\u00e9xico y el mundo.<\/p>\n<\/div>\n<\/div>\n","protected":false},"excerpt":{"rendered":"<p>Mar\u00eda Antonieta Flores Astorga<\/p>\n<p>232 p\u00e1ginas<\/p>\n","protected":false},"featured_media":5826,"template":"","meta":{"_joinchat":[]},"product_brand":[],"product_cat":[79,41,51],"product_tag":[34],"class_list":{"0":"post-5825","1":"product","2":"type-product","3":"status-publish","4":"has-post-thumbnail","6":"product_cat-campana-punto-naranja","7":"product_cat-desarrollo-humano","8":"product_cat-oferta","9":"product_tag-penguin-random-house","11":"first","12":"outofstock","13":"sale","14":"shipping-taxable","15":"purchasable","16":"product-type-simple"},"_links":{"self":[{"href":"https:\/\/libreriahistoriasdebolsillo.com\/index.php\/wp-json\/wp\/v2\/product\/5825","targetHints":{"allow":["GET"]}}],"collection":[{"href":"https:\/\/libreriahistoriasdebolsillo.com\/index.php\/wp-json\/wp\/v2\/product"}],"about":[{"href":"https:\/\/libreriahistoriasdebolsillo.com\/index.php\/wp-json\/wp\/v2\/types\/product"}],"wp:featuredmedia":[{"embeddable":true,"href":"https:\/\/libreriahistoriasdebolsillo.com\/index.php\/wp-json\/wp\/v2\/media\/5826"}],"wp:attachment":[{"href":"https:\/\/libreriahistoriasdebolsillo.com\/index.php\/wp-json\/wp\/v2\/media?parent=5825"}],"wp:term":[{"taxonomy":"product_brand","embeddable":true,"href":"https:\/\/libreriahistoriasdebolsillo.com\/index.php\/wp-json\/wp\/v2\/product_brand?post=5825"},{"taxonomy":"product_cat","embeddable":true,"href":"https:\/\/libreriahistoriasdebolsillo.com\/index.php\/wp-json\/wp\/v2\/product_cat?post=5825"},{"taxonomy":"product_tag","embeddable":true,"href":"https:\/\/libreriahistoriasdebolsillo.com\/index.php\/wp-json\/wp\/v2\/product_tag?post=5825"}],"curies":[{"name":"wp","href":"https:\/\/api.w.org\/{rel}","templated":true}]}}