{"id":5827,"date":"2024-10-30T13:53:25","date_gmt":"2024-10-30T19:53:25","guid":{"rendered":"https:\/\/libreriahistoriasdebolsillo.com\/?post_type=product&#038;p=5827"},"modified":"2025-03-03T17:21:07","modified_gmt":"2025-03-03T23:21:07","slug":"miseria","status":"publish","type":"product","link":"https:\/\/libreriahistoriasdebolsillo.com\/index.php\/producto\/miseria\/","title":{"rendered":"Miseria"},"content":{"rendered":"<p><b>\u00abSigo acostada. Tampoco tengo qu\u00e9 hacer. Pero no todo de ac\u00e1 es peor que antes. Tambi\u00e9n hay algo bueno: nunca nadie que me diga all\u00e1 descansa el cuerpo de tu madre, ese es tu padre, \u00e9l mat\u00f3; esta es la tierra que te hace ver,<\/b>\u00a0<b>probala. Ac\u00e1 nadie me conoce y eso para m\u00ed es un tesoro.\u00bb<\/b><\/p>\n<p>Entre edificios que tapan el cielo, negocios y carteles que transforman la noche en d\u00eda y multitudes en movimiento, Cometierra va acostumbr\u00e1ndose a la ciudad. Cuando resurge del insomnio y las pesadillas esquiva el reclamo de Miseria, la novia de su hermano Walter: \u00abCometierra, ac\u00e1 desaparece gente todo el tiempo. Ac\u00e1 tu don es oro\u00bb.<\/p>\n<p>Sin embargo, un augurio de muerte, la llegada de un beb\u00e9 y la necesidad de encontrar a las chicas que faltan la fuerzan a revisar su juramento de no volver a probar tierra. Ante peligros aun mayores deber\u00e1 medir una vez m\u00e1s su poder, pero ahora cuenta con un pu\u00f1ado de amigos y una aliada incondicional: Miseria.<\/p>\n<p>En esta nueva novela, Dolores Reyes despliega el riqu\u00edsimo universo de su libro debut, que le valiera el reconocimiento mundial y un\u00e1nime de p\u00fablico y cr\u00edtica.<\/p>\n<p>\u00abUna novela redonda en la que Reyes vuelve a ofrecernos una prosa visceral y po\u00e9tica, unas im\u00e1genes bellas y desgarradoras, una literatura comprometida con la comunidad\u00bb.<\/p>\n","protected":false},"excerpt":{"rendered":"<p>Dolores Reyes<\/p>\n<p>336 p\u00e1ginas<\/p>\n","protected":false},"featured_media":5828,"template":"","meta":{"_joinchat":[]},"product_brand":[],"product_cat":[79,33,51],"product_tag":[34],"class_list":{"0":"post-5827","1":"product","2":"type-product","3":"status-publish","4":"has-post-thumbnail","6":"product_cat-campana-punto-naranja","7":"product_cat-ficcion-general","8":"product_cat-oferta","9":"product_tag-penguin-random-house","11":"first","12":"instock","13":"sale","14":"shipping-taxable","15":"purchasable","16":"product-type-simple"},"_links":{"self":[{"href":"https:\/\/libreriahistoriasdebolsillo.com\/index.php\/wp-json\/wp\/v2\/product\/5827","targetHints":{"allow":["GET"]}}],"collection":[{"href":"https:\/\/libreriahistoriasdebolsillo.com\/index.php\/wp-json\/wp\/v2\/product"}],"about":[{"href":"https:\/\/libreriahistoriasdebolsillo.com\/index.php\/wp-json\/wp\/v2\/types\/product"}],"wp:featuredmedia":[{"embeddable":true,"href":"https:\/\/libreriahistoriasdebolsillo.com\/index.php\/wp-json\/wp\/v2\/media\/5828"}],"wp:attachment":[{"href":"https:\/\/libreriahistoriasdebolsillo.com\/index.php\/wp-json\/wp\/v2\/media?parent=5827"}],"wp:term":[{"taxonomy":"product_brand","embeddable":true,"href":"https:\/\/libreriahistoriasdebolsillo.com\/index.php\/wp-json\/wp\/v2\/product_brand?post=5827"},{"taxonomy":"product_cat","embeddable":true,"href":"https:\/\/libreriahistoriasdebolsillo.com\/index.php\/wp-json\/wp\/v2\/product_cat?post=5827"},{"taxonomy":"product_tag","embeddable":true,"href":"https:\/\/libreriahistoriasdebolsillo.com\/index.php\/wp-json\/wp\/v2\/product_tag?post=5827"}],"curies":[{"name":"wp","href":"https:\/\/api.w.org\/{rel}","templated":true}]}}