{"id":5835,"date":"2024-10-30T14:05:07","date_gmt":"2024-10-30T20:05:07","guid":{"rendered":"https:\/\/libreriahistoriasdebolsillo.com\/?post_type=product&#038;p=5835"},"modified":"2025-02-20T16:32:08","modified_gmt":"2025-02-20T22:32:08","slug":"el-viaje-mas-largo","status":"publish","type":"product","link":"https:\/\/libreriahistoriasdebolsillo.com\/index.php\/producto\/el-viaje-mas-largo\/","title":{"rendered":"El viaje m\u00e1s largo"},"content":{"rendered":"<p><b>Dos parejas cuyas historias de amor se cruzan de la manera m\u00e1s sorprendente&#8230;<\/b><\/p>\n<p><b><i>El viaje m\u00e1s largo<\/i>\u00a0fue adaptada al cine en 2013, tal como otras exitosas novelas del mismo autor:\u00a0<i>Diario de una pasi\u00f3n<\/i>,\u00a0<i>Querido John<\/i>\u00a0y\u00a0<i>La \u00faltima canci\u00f3n<\/i>.<\/b><\/p>\n<p><b>Nicholas Sparks ha vendido a nivel internacional m\u00e1s de 35 millones de ejemplares, y sus libros se han traducido a m\u00e1s de 25 idiomas.<\/b><\/p>\n<p>Un hombre de noventa a\u00f1os se encuentra solo en una carretera nevada despu\u00e9s de haber tenido un accidente en un paraje aislado. Consciente a ratos, aparece ante \u00e9l el amor de su vida, quien muri\u00f3 hace un tiempo. En el espacio que separa la realidad y la imaginaci\u00f3n, juntos recuerdan su vida en pareja y analizan c\u00f3mo superaron el trauma de no poder tener hijos.<\/p>\n<p>La otra historia de amor se da entre una joven estudiante de arte y un cowboy que se enamoran perdidamente, a pesar de proceder de ambientes totalmente dispares. Ambos tienen ambiciones y sue\u00f1os que cumplir pero \u00e9l, adem\u00e1s, se enfrenta a una cruel disyuntiva: poner en peligro su vida al seguir compitiendo en el circuito de los toros o bien perder la granja de su familia.<\/p>\n","protected":false},"excerpt":{"rendered":"<p>Nicholas Sparks<\/p>\n<p>400 p\u00e1ginas<\/p>\n","protected":false},"featured_media":5836,"template":"","meta":{"_joinchat":[]},"product_brand":[],"product_cat":[79,51,35],"product_tag":[34],"class_list":{"0":"post-5835","1":"product","2":"type-product","3":"status-publish","4":"has-post-thumbnail","6":"product_cat-campana-punto-naranja","7":"product_cat-oferta","8":"product_cat-romantica","9":"product_tag-penguin-random-house","11":"first","12":"outofstock","13":"sale","14":"shipping-taxable","15":"purchasable","16":"product-type-simple"},"_links":{"self":[{"href":"https:\/\/libreriahistoriasdebolsillo.com\/index.php\/wp-json\/wp\/v2\/product\/5835","targetHints":{"allow":["GET"]}}],"collection":[{"href":"https:\/\/libreriahistoriasdebolsillo.com\/index.php\/wp-json\/wp\/v2\/product"}],"about":[{"href":"https:\/\/libreriahistoriasdebolsillo.com\/index.php\/wp-json\/wp\/v2\/types\/product"}],"wp:featuredmedia":[{"embeddable":true,"href":"https:\/\/libreriahistoriasdebolsillo.com\/index.php\/wp-json\/wp\/v2\/media\/5836"}],"wp:attachment":[{"href":"https:\/\/libreriahistoriasdebolsillo.com\/index.php\/wp-json\/wp\/v2\/media?parent=5835"}],"wp:term":[{"taxonomy":"product_brand","embeddable":true,"href":"https:\/\/libreriahistoriasdebolsillo.com\/index.php\/wp-json\/wp\/v2\/product_brand?post=5835"},{"taxonomy":"product_cat","embeddable":true,"href":"https:\/\/libreriahistoriasdebolsillo.com\/index.php\/wp-json\/wp\/v2\/product_cat?post=5835"},{"taxonomy":"product_tag","embeddable":true,"href":"https:\/\/libreriahistoriasdebolsillo.com\/index.php\/wp-json\/wp\/v2\/product_tag?post=5835"}],"curies":[{"name":"wp","href":"https:\/\/api.w.org\/{rel}","templated":true}]}}