{"id":5839,"date":"2024-10-30T14:12:37","date_gmt":"2024-10-30T20:12:37","guid":{"rendered":"https:\/\/libreriahistoriasdebolsillo.com\/?post_type=product&#038;p=5839"},"modified":"2025-03-03T17:20:51","modified_gmt":"2025-03-03T23:20:51","slug":"doble-o-nada","status":"publish","type":"product","link":"https:\/\/libreriahistoriasdebolsillo.com\/index.php\/producto\/doble-o-nada\/","title":{"rendered":"Doble o nada"},"content":{"rendered":"<p><b>J<\/b><b>ames<\/b>\u00a0<b>B<\/b><b>ond ha desaparecido<\/b>. 007 ha sido capturado, puede incluso que asesinado, por una siniestra compa\u00f1\u00eda militar privada.\u00a0<b>Conoce a la nueva generaci\u00f3n de esp\u00edas<\/b>. Johanna Harwood, 003. Joseph Dryden, 004. Sid Bashir, 009. Juntos representan lo mejor del MI6. Habilidosos, decididos y con licencia para matar, har\u00e1n cualquier cosa para proteger a su pa\u00eds.\u00a0<b>E<\/b><b>l destino del mundo est\u00e1 en sus manos<\/b>. El multimillonario tecnol\u00f3gico sir Bertram Paradise afirma que puede revertir la crisis clim\u00e1tica y salvar el planeta. Pero \u00bfrealmente puede? Los nuevos esp\u00edas deben descubrir la verdad, porque el futuro de la humanidad pende de un hilo y ya no queda demasiado tiempo.<\/p>\n<p><b>EL TIEMPO SE AGOTA<\/b>.<\/p>\n<p>La cr\u00edtica dice:<\/p>\n<p>\u00abElegante, explosiva, fresca y divertida. Kim Sherwood toma una de las series m\u00e1s queridas del mundo y la hace propia. Fiel pero completamente original, Doble o nada es todo lo que podr\u00edas desear de una novela de esp\u00edas.\u00bb Chris Whitaker<\/p>\n<p>\u00abUn thriller brillante. Doble o nada es una novela inteligente y absolutamente convincente que se suma al canon de Bond. Llena de personajes tan reales que nos hace sentir que los conocemos, la novela corre a trav\u00e9s de sus sorprendentes giros argumentales como un Aston Martin de alta velocidad. Lo le\u00ed de una sentada.\u00bb Jeffery Deaver<\/p>\n<p>\u00abApasionante, vertiginosa, brillante. Esta novela de Sherwood ofrece todo lo que podr\u00eda desear y m\u00e1s de un thriller de esp\u00edas de alto voltaje y alto riesgo. El mundo de Bond est\u00e1 en manos expertas.\u00bb Tim Glister<\/p>\n","protected":false},"excerpt":{"rendered":"<p>Kim Sherwood<\/p>\n<p>400 p\u00e1ginas<\/p>\n","protected":false},"featured_media":5840,"template":"","meta":{"_joinchat":[]},"product_brand":[],"product_cat":[79,37,51],"product_tag":[34],"class_list":{"0":"post-5839","1":"product","2":"type-product","3":"status-publish","4":"has-post-thumbnail","6":"product_cat-campana-punto-naranja","7":"product_cat-misterio-y-thriller","8":"product_cat-oferta","9":"product_tag-penguin-random-house","11":"first","12":"outofstock","13":"sale","14":"shipping-taxable","15":"purchasable","16":"product-type-simple"},"_links":{"self":[{"href":"https:\/\/libreriahistoriasdebolsillo.com\/index.php\/wp-json\/wp\/v2\/product\/5839","targetHints":{"allow":["GET"]}}],"collection":[{"href":"https:\/\/libreriahistoriasdebolsillo.com\/index.php\/wp-json\/wp\/v2\/product"}],"about":[{"href":"https:\/\/libreriahistoriasdebolsillo.com\/index.php\/wp-json\/wp\/v2\/types\/product"}],"wp:featuredmedia":[{"embeddable":true,"href":"https:\/\/libreriahistoriasdebolsillo.com\/index.php\/wp-json\/wp\/v2\/media\/5840"}],"wp:attachment":[{"href":"https:\/\/libreriahistoriasdebolsillo.com\/index.php\/wp-json\/wp\/v2\/media?parent=5839"}],"wp:term":[{"taxonomy":"product_brand","embeddable":true,"href":"https:\/\/libreriahistoriasdebolsillo.com\/index.php\/wp-json\/wp\/v2\/product_brand?post=5839"},{"taxonomy":"product_cat","embeddable":true,"href":"https:\/\/libreriahistoriasdebolsillo.com\/index.php\/wp-json\/wp\/v2\/product_cat?post=5839"},{"taxonomy":"product_tag","embeddable":true,"href":"https:\/\/libreriahistoriasdebolsillo.com\/index.php\/wp-json\/wp\/v2\/product_tag?post=5839"}],"curies":[{"name":"wp","href":"https:\/\/api.w.org\/{rel}","templated":true}]}}