{"id":5841,"date":"2024-10-31T10:57:09","date_gmt":"2024-10-31T16:57:09","guid":{"rendered":"https:\/\/libreriahistoriasdebolsillo.com\/?post_type=product&#038;p=5841"},"modified":"2025-03-03T17:28:19","modified_gmt":"2025-03-03T23:28:19","slug":"otras-cronicas-marcianas-ilustrado","status":"publish","type":"product","link":"https:\/\/libreriahistoriasdebolsillo.com\/index.php\/producto\/otras-cronicas-marcianas-ilustrado\/","title":{"rendered":"Otras cr\u00f3nicas marcianas (ilustrado)"},"content":{"rendered":"<p>Existe una veintena de cuentos marcianos de\u00a0<b>Ray Bradbury<\/b>\u00a0que quedaron fuera de la versi\u00f3n definitiva de la m\u00edtica obra\u00a0<i>Cr\u00f3nicas marcianas.\u00a0<\/i>Diez de esos relatos, algunos traducidos ahora por primera vez al espa\u00f1ol y el resto diseminados en varios libros del autor, se encuentran reunidos en\u00a0<i>Otras cr\u00f3nicas marcianas<\/i>, antolog\u00eda fruto de un apasionado trabajo de Marcial Souto, responsable de la selecci\u00f3n, la traducci\u00f3n y el pr\u00f3logo.<\/p>\n<p>En estos cuentos aparecen las primeras familias que han emigrado a Marte; exploradores solitarios que se rinden a sus visiones; un monstruo que lleva millones de a\u00f1os esperando; colonizadores que empiezan a sentirse cada vez m\u00e1s peligrosamente marcianos.<\/p>\n<p><b>Esta edici\u00f3n cuenta con ilustraciones<\/b>\u00a0realizadas al \u00f3leo sobre papel por David de las Heras, cuya capacidad t\u00e9cnica y enfoque surrealista resulta muy af\u00edn a los relatos del autor norteamericano. Con una particular combinaci\u00f3n de estilo gr\u00e1fico contempor\u00e1neo y tradici\u00f3n pict\u00f3rica cl\u00e1sica, logra retratar el universo de Bradbury y convierte este volumen en una aut\u00e9ntica obra de arte.<\/p>\n","protected":false},"excerpt":{"rendered":"<p>Ray Bradbury<\/p>\n<p>136 p\u00e1ginas<\/p>\n","protected":false},"featured_media":5842,"template":"","meta":{"_joinchat":[]},"product_brand":[],"product_cat":[40],"product_tag":[34],"class_list":{"0":"post-5841","1":"product","2":"type-product","3":"status-publish","4":"has-post-thumbnail","6":"product_cat-ciencia-ficcion","7":"product_tag-penguin-random-house","9":"first","10":"outofstock","11":"shipping-taxable","12":"purchasable","13":"product-type-simple"},"_links":{"self":[{"href":"https:\/\/libreriahistoriasdebolsillo.com\/index.php\/wp-json\/wp\/v2\/product\/5841","targetHints":{"allow":["GET"]}}],"collection":[{"href":"https:\/\/libreriahistoriasdebolsillo.com\/index.php\/wp-json\/wp\/v2\/product"}],"about":[{"href":"https:\/\/libreriahistoriasdebolsillo.com\/index.php\/wp-json\/wp\/v2\/types\/product"}],"wp:featuredmedia":[{"embeddable":true,"href":"https:\/\/libreriahistoriasdebolsillo.com\/index.php\/wp-json\/wp\/v2\/media\/5842"}],"wp:attachment":[{"href":"https:\/\/libreriahistoriasdebolsillo.com\/index.php\/wp-json\/wp\/v2\/media?parent=5841"}],"wp:term":[{"taxonomy":"product_brand","embeddable":true,"href":"https:\/\/libreriahistoriasdebolsillo.com\/index.php\/wp-json\/wp\/v2\/product_brand?post=5841"},{"taxonomy":"product_cat","embeddable":true,"href":"https:\/\/libreriahistoriasdebolsillo.com\/index.php\/wp-json\/wp\/v2\/product_cat?post=5841"},{"taxonomy":"product_tag","embeddable":true,"href":"https:\/\/libreriahistoriasdebolsillo.com\/index.php\/wp-json\/wp\/v2\/product_tag?post=5841"}],"curies":[{"name":"wp","href":"https:\/\/api.w.org\/{rel}","templated":true}]}}