{"id":5845,"date":"2024-10-31T11:09:12","date_gmt":"2024-10-31T17:09:12","guid":{"rendered":"https:\/\/libreriahistoriasdebolsillo.com\/?post_type=product&#038;p=5845"},"modified":"2025-03-03T17:26:24","modified_gmt":"2025-03-03T23:26:24","slug":"toma-el-control-de-tu-vida","status":"publish","type":"product","link":"https:\/\/libreriahistoriasdebolsillo.com\/index.php\/producto\/toma-el-control-de-tu-vida\/","title":{"rendered":"Toma el control de tu vida"},"content":{"rendered":"<p><b>Autor del<\/b>\u00a0<b>bestseller<\/b>\u00a0<i><b>SI LO CREES, LO CREAS<\/b><\/i>\u00a0<b>m\u00e1s de 100,000 ejemplares vendidos.<\/b><\/p>\n<p>Uno de los sellos distintivos de la\u00a0<b>filosof\u00eda de Brian Tracy<\/b>\u00a0es que eres\u00a0<b>100% responsable<\/b>\u00a0de los resultados de tu vida. Aunque hoy en d\u00eda numerosas voces afirman lo contrario, que los desaf\u00edos que enfrentas se deben a otras personas o a condiciones sociales que est\u00e1n\u00a0<b>fuera de tu control<\/b>, como leer\u00e1s en este libro que\u00a0<b>cambiar\u00e1 tu vida<\/b>, la queja constante y \u201cculpar a otros\u201d es, en \u00faltima instancia, un camino sin salida que lleva a una desesperaci\u00f3n paralizante. En\u00a0<i><b>Toma el control de tu vida<\/b><\/i>, Tracy te mostrar\u00e1 c\u00f3mo dirigir tu existencia sin delegar la responsabilidad de tus resultados en otros; te ense\u00f1ar\u00e1 las actitudes, la\u00a0<b>mentalidad<\/b>\u00a0y, lo m\u00e1s importante, las\u00a0<b>habilidades<\/b>\u00a0espec\u00edficas que te permitir\u00e1n superar cualquier obst\u00e1culo que se te presente.<\/p>\n<p>Aqu\u00ed tienes solo algunas de las cosas que aprender\u00e1s:<\/p>\n<p>A trabajar dando tu m\u00e1ximo\u00a0<b>rendimiento<\/b>.<\/p>\n<p>Planificaci\u00f3n\u00a0<b>estrat\u00e9gica personal<\/b>: el \u00e9xito simplemente es inevitable cuando tienes un plan.<\/p>\n<p>Gesti\u00f3n efectiva del\u00a0<b>tiempo<\/b>.<\/p>\n<p>Cuando exudas confianza y energ\u00eda, es contagioso, atraes a otras personas din\u00e1micas y\u00a0<b>exitosas<\/b>.<\/p>\n<p>Una vez que creas un plan personal y luego maximizas tu eficiencia,\u00a0<b>rendimiento<\/b>\u00a0y gesti\u00f3n del tiempo, tus ingresos aumentan autom\u00e1ticamente.<\/p>\n<p>Estrategias probadas y comprobadas para\u00a0<b>comunicarte<\/b>\u00a0de manera efectiva.<\/p>\n<p>Y mucho m\u00e1s, as\u00ed que atr\u00e9vete a tomar el control de tu vida cuanto antes.<\/p>\n","protected":false},"excerpt":{"rendered":"<p>Brian Tracy<\/p>\n<p>336 p\u00e1ginas<\/p>\n","protected":false},"featured_media":5846,"template":"","meta":{"_joinchat":[]},"product_brand":[],"product_cat":[58,41,70],"product_tag":[34],"class_list":{"0":"post-5845","1":"product","2":"type-product","3":"status-publish","4":"has-post-thumbnail","6":"product_cat-desarrollo-humano-y-superacion","7":"product_cat-desarrollo-humano","8":"product_cat-novedades","9":"product_tag-penguin-random-house","11":"first","12":"outofstock","13":"shipping-taxable","14":"purchasable","15":"product-type-simple"},"_links":{"self":[{"href":"https:\/\/libreriahistoriasdebolsillo.com\/index.php\/wp-json\/wp\/v2\/product\/5845","targetHints":{"allow":["GET"]}}],"collection":[{"href":"https:\/\/libreriahistoriasdebolsillo.com\/index.php\/wp-json\/wp\/v2\/product"}],"about":[{"href":"https:\/\/libreriahistoriasdebolsillo.com\/index.php\/wp-json\/wp\/v2\/types\/product"}],"wp:featuredmedia":[{"embeddable":true,"href":"https:\/\/libreriahistoriasdebolsillo.com\/index.php\/wp-json\/wp\/v2\/media\/5846"}],"wp:attachment":[{"href":"https:\/\/libreriahistoriasdebolsillo.com\/index.php\/wp-json\/wp\/v2\/media?parent=5845"}],"wp:term":[{"taxonomy":"product_brand","embeddable":true,"href":"https:\/\/libreriahistoriasdebolsillo.com\/index.php\/wp-json\/wp\/v2\/product_brand?post=5845"},{"taxonomy":"product_cat","embeddable":true,"href":"https:\/\/libreriahistoriasdebolsillo.com\/index.php\/wp-json\/wp\/v2\/product_cat?post=5845"},{"taxonomy":"product_tag","embeddable":true,"href":"https:\/\/libreriahistoriasdebolsillo.com\/index.php\/wp-json\/wp\/v2\/product_tag?post=5845"}],"curies":[{"name":"wp","href":"https:\/\/api.w.org\/{rel}","templated":true}]}}