{"id":5851,"date":"2024-10-31T11:16:35","date_gmt":"2024-10-31T17:16:35","guid":{"rendered":"https:\/\/libreriahistoriasdebolsillo.com\/?post_type=product&#038;p=5851"},"modified":"2025-03-03T17:27:00","modified_gmt":"2025-03-03T23:27:00","slug":"cuentos-breves-y-extraordinarios","status":"publish","type":"product","link":"https:\/\/libreriahistoriasdebolsillo.com\/index.php\/producto\/cuentos-breves-y-extraordinarios\/","title":{"rendered":"Cuentos breves y extraordinarios"},"content":{"rendered":"<p><b>Jorge Luis Borges y Adolfo Bioy Casares, amigos por m\u00e1s de cincuenta a\u00f1os, compartieron a lo largo de sus vidas la pasi\u00f3n por la literatura. La exquisita selecci\u00f3n de ciento diez textos que reunieron en\u00a0<i>Cuentos breves y extraordinarios<\/i>\u00a0celebra su amistad y su amor por la narrativa.<\/b><\/p>\n<p><i>Uno de los muchos agrados que puede suministrar la literatura es el agrado de lo narrativo. Este libro quiere proponer al lector algunos ejemplos del g\u00e9nero, ya referentes a sucesos imaginarios, ya a sucesos hist\u00f3ricos. Hemos interrogado, para ello, textos de diversas naciones y de diversas \u00e9pocas, sin omitir las antiguas y generosas fuentes orientales. La an\u00e9cdota, la par\u00e1bola y el relato hallan aqu\u00ed hospitalidad, a condici\u00f3n de ser breves.<\/i><\/p>\n<p>La relaci\u00f3n que cultivaron por m\u00e1s de medio siglo Jorge Luis Borges y Adolfo Bioy Casares escribi\u00f3 uno de los cap\u00edtulos m\u00e1s singulares de la literatura del siglo XX: la obra en colaboraci\u00f3n que publicaron con los seud\u00f3nimos comunes H. Bustos Domecq y B. Su\u00e1rez Lynch. Del mismo modo, la notoria pasi\u00f3n que compartieron a lo largo de sus vidas por la narrativa encontr\u00f3 expresi\u00f3n en esta antolog\u00eda beneficiada por el privilegio de su selecci\u00f3n exquisita, cuya singularidad se encuentra en la brevedad de las piezas que la componen. Si cada uno de los ciento diez cuentos que forma parte de este libro tiene reservado algo de la diversi\u00f3n que Borges y Bioy encontraron en su lectura, el conjunto puede considerarse al mismo tiempo celebraci\u00f3n de las letras y de su amistad.<\/p>\n","protected":false},"excerpt":{"rendered":"<p>Jorge Luis Borges y Adolfo Bioy Casares<\/p>\n","protected":false},"featured_media":5852,"template":"","meta":{"_joinchat":[]},"product_brand":[],"product_cat":[33,70,51],"product_tag":[34],"class_list":{"0":"post-5851","1":"product","2":"type-product","3":"status-publish","4":"has-post-thumbnail","6":"product_cat-ficcion-general","7":"product_cat-novedades","8":"product_cat-oferta","9":"product_tag-penguin-random-house","11":"first","12":"outofstock","13":"shipping-taxable","14":"purchasable","15":"product-type-simple"},"_links":{"self":[{"href":"https:\/\/libreriahistoriasdebolsillo.com\/index.php\/wp-json\/wp\/v2\/product\/5851","targetHints":{"allow":["GET"]}}],"collection":[{"href":"https:\/\/libreriahistoriasdebolsillo.com\/index.php\/wp-json\/wp\/v2\/product"}],"about":[{"href":"https:\/\/libreriahistoriasdebolsillo.com\/index.php\/wp-json\/wp\/v2\/types\/product"}],"wp:featuredmedia":[{"embeddable":true,"href":"https:\/\/libreriahistoriasdebolsillo.com\/index.php\/wp-json\/wp\/v2\/media\/5852"}],"wp:attachment":[{"href":"https:\/\/libreriahistoriasdebolsillo.com\/index.php\/wp-json\/wp\/v2\/media?parent=5851"}],"wp:term":[{"taxonomy":"product_brand","embeddable":true,"href":"https:\/\/libreriahistoriasdebolsillo.com\/index.php\/wp-json\/wp\/v2\/product_brand?post=5851"},{"taxonomy":"product_cat","embeddable":true,"href":"https:\/\/libreriahistoriasdebolsillo.com\/index.php\/wp-json\/wp\/v2\/product_cat?post=5851"},{"taxonomy":"product_tag","embeddable":true,"href":"https:\/\/libreriahistoriasdebolsillo.com\/index.php\/wp-json\/wp\/v2\/product_tag?post=5851"}],"curies":[{"name":"wp","href":"https:\/\/api.w.org\/{rel}","templated":true}]}}