{"id":5855,"date":"2024-10-31T11:21:25","date_gmt":"2024-10-31T17:21:25","guid":{"rendered":"https:\/\/libreriahistoriasdebolsillo.com\/?post_type=product&#038;p=5855"},"modified":"2025-11-20T13:15:45","modified_gmt":"2025-11-20T19:15:45","slug":"los-juegos-del-hambre-1-ed-especial-ilustrada","status":"publish","type":"product","link":"https:\/\/libreriahistoriasdebolsillo.com\/index.php\/producto\/los-juegos-del-hambre-1-ed-especial-ilustrada\/","title":{"rendered":"Los juegos del hambre 1 (Ed. especial ilustrada)"},"content":{"rendered":"<p>En una oscura versi\u00f3n del futuro pr\u00f3ximo, doce chicos y doce chicas se ven obligados a participar en un\u00a0<i>reality show<\/i>\u00a0llamado Los Juegos del Hambre. Solo hay una regla: matar o morir.<\/p>\n<p>Cuando Katniss Everdeen, una joven de diecis\u00e9is a\u00f1os, se presenta voluntaria para ocupar el lugar de su hermana en los juegos, lo entiende como una condena a muerte. Sin embargo, Katniss ya ha visto la muerte de cerca y la supervivencia forma parte de su naturaleza.<\/p>\n<p><b>Redescubre la ic\u00f3nica primera novela de la saga en esta cuidada edici\u00f3n que acompa\u00f1a la desgarradora historia de Katniss<\/b>\u00a0<b>con las detalladas ilustraciones de Nico Delort<\/b>.<\/p>\n","protected":false},"excerpt":{"rendered":"<p>Suzanne Collins<\/p>\n<p>368 p\u00e1ginas<\/p>\n","protected":false},"featured_media":5856,"template":"","meta":{"_joinchat":[]},"product_brand":[],"product_cat":[40,72,70],"product_tag":[34],"class_list":{"0":"post-5855","1":"product","2":"type-product","3":"status-publish","4":"has-post-thumbnail","6":"product_cat-ciencia-ficcion","7":"product_cat-distopico","8":"product_cat-novedades","9":"product_tag-penguin-random-house","11":"first","12":"outofstock","13":"shipping-taxable","14":"purchasable","15":"product-type-simple"},"_links":{"self":[{"href":"https:\/\/libreriahistoriasdebolsillo.com\/index.php\/wp-json\/wp\/v2\/product\/5855","targetHints":{"allow":["GET"]}}],"collection":[{"href":"https:\/\/libreriahistoriasdebolsillo.com\/index.php\/wp-json\/wp\/v2\/product"}],"about":[{"href":"https:\/\/libreriahistoriasdebolsillo.com\/index.php\/wp-json\/wp\/v2\/types\/product"}],"wp:featuredmedia":[{"embeddable":true,"href":"https:\/\/libreriahistoriasdebolsillo.com\/index.php\/wp-json\/wp\/v2\/media\/5856"}],"wp:attachment":[{"href":"https:\/\/libreriahistoriasdebolsillo.com\/index.php\/wp-json\/wp\/v2\/media?parent=5855"}],"wp:term":[{"taxonomy":"product_brand","embeddable":true,"href":"https:\/\/libreriahistoriasdebolsillo.com\/index.php\/wp-json\/wp\/v2\/product_brand?post=5855"},{"taxonomy":"product_cat","embeddable":true,"href":"https:\/\/libreriahistoriasdebolsillo.com\/index.php\/wp-json\/wp\/v2\/product_cat?post=5855"},{"taxonomy":"product_tag","embeddable":true,"href":"https:\/\/libreriahistoriasdebolsillo.com\/index.php\/wp-json\/wp\/v2\/product_tag?post=5855"}],"curies":[{"name":"wp","href":"https:\/\/api.w.org\/{rel}","templated":true}]}}