{"id":5861,"date":"2024-11-01T13:22:31","date_gmt":"2024-11-01T19:22:31","guid":{"rendered":"https:\/\/libreriahistoriasdebolsillo.com\/?post_type=product&#038;p=5861"},"modified":"2025-08-25T16:14:07","modified_gmt":"2025-08-25T22:14:07","slug":"alicia-en-el-pais-de-las-maravillas-edicion-conmemorativa-del-sesquicentenario-de-su-primera-publicacion","status":"publish","type":"product","link":"https:\/\/libreriahistoriasdebolsillo.com\/index.php\/producto\/alicia-en-el-pais-de-las-maravillas-edicion-conmemorativa-del-sesquicentenario-de-su-primera-publicacion\/","title":{"rendered":"Alicia en el Pa\u00eds de las Maravillas. Edici\u00f3n conmemorativa del sesquicentenario de su primera publicaci\u00f3n"},"content":{"rendered":"<p><i><b>Alicia en el pa\u00eds de las maravillas<\/b><\/i>\u00a0traspasa el umbral que separa la realidad del\u00a0<b>sue\u00f1o<\/b>\u00a0y se adentra en un territorio sin leyes ni normas donde\u00a0<b>todo<\/b>\u00a0<b>es posible<\/b>. Triunfo de la imaginaci\u00f3n y del ingenio, esta narraci\u00f3n recrea un mundo de escenarios y criaturas\u00a0<b>ins\u00f3litos<\/b>, y pone en entredicho todos y cada uno de los postulados l\u00f3gicos del mundo convencional.<\/p>\n<p>Este volumen presenta, junto a la traducci\u00f3n magistral de\u00a0<b>Luis Maristany<\/b>\u00a0y las l\u00e1minas cl\u00e1sicas de\u00a0<b>John<\/b>\u00a0<b>Tenniel<\/b>, una nueva edici\u00f3n de\u00a0<i><b>Las<\/b><\/i>\u00a0<i><b>aventuras subterr\u00e1neas de Alicia<\/b><\/i>, la obra seminal que el reverendo Dodgson \u2013Lewis Carroll era su seud\u00f3nimo\u2013 escribi\u00f3 e ilustr\u00f3 a mano para\u00a0<b>Alice<\/b>\u00a0<b>Liddell<\/b>\u00a0en 1864. Cierra el tomo Alicia para los peque\u00f1os, la adaptaci\u00f3n infantil que el autor hizo de su propia obra en 1890.<\/p>\n","protected":false},"excerpt":{"rendered":"<p>Lewis Carroll<\/p>\n<p>224 p\u00e1ginas<\/p>\n","protected":false},"featured_media":5862,"template":"","meta":{"_joinchat":[]},"product_brand":[],"product_cat":[42,51],"product_tag":[34],"class_list":{"0":"post-5861","1":"product","2":"type-product","3":"status-publish","4":"has-post-thumbnail","6":"product_cat-literatura-clasica","7":"product_cat-oferta","8":"product_tag-penguin-random-house","10":"first","11":"outofstock","12":"shipping-taxable","13":"purchasable","14":"product-type-simple"},"_links":{"self":[{"href":"https:\/\/libreriahistoriasdebolsillo.com\/index.php\/wp-json\/wp\/v2\/product\/5861","targetHints":{"allow":["GET"]}}],"collection":[{"href":"https:\/\/libreriahistoriasdebolsillo.com\/index.php\/wp-json\/wp\/v2\/product"}],"about":[{"href":"https:\/\/libreriahistoriasdebolsillo.com\/index.php\/wp-json\/wp\/v2\/types\/product"}],"wp:featuredmedia":[{"embeddable":true,"href":"https:\/\/libreriahistoriasdebolsillo.com\/index.php\/wp-json\/wp\/v2\/media\/5862"}],"wp:attachment":[{"href":"https:\/\/libreriahistoriasdebolsillo.com\/index.php\/wp-json\/wp\/v2\/media?parent=5861"}],"wp:term":[{"taxonomy":"product_brand","embeddable":true,"href":"https:\/\/libreriahistoriasdebolsillo.com\/index.php\/wp-json\/wp\/v2\/product_brand?post=5861"},{"taxonomy":"product_cat","embeddable":true,"href":"https:\/\/libreriahistoriasdebolsillo.com\/index.php\/wp-json\/wp\/v2\/product_cat?post=5861"},{"taxonomy":"product_tag","embeddable":true,"href":"https:\/\/libreriahistoriasdebolsillo.com\/index.php\/wp-json\/wp\/v2\/product_tag?post=5861"}],"curies":[{"name":"wp","href":"https:\/\/api.w.org\/{rel}","templated":true}]}}