{"id":5865,"date":"2024-11-01T13:28:53","date_gmt":"2024-11-01T19:28:53","guid":{"rendered":"https:\/\/libreriahistoriasdebolsillo.com\/?post_type=product&#038;p=5865"},"modified":"2024-11-07T17:49:51","modified_gmt":"2024-11-07T23:49:51","slug":"los-borgia","status":"publish","type":"product","link":"https:\/\/libreriahistoriasdebolsillo.com\/index.php\/producto\/los-borgia\/","title":{"rendered":"Los borgia"},"content":{"rendered":"<p><b>LA PRIMERA GRAN FAMILIA DEL CRIMEN. UNA HISTORIA DE BRUTALIDAD Y TRAICI\u00d3N. UN JUEGO CUYO PRECIO ES LA MUERTE.<\/b><\/p>\n<p>Del legendario autor de\u00a0<i>El Padrino<\/i>\u00a0llega una novela de la familia criminal italiana original, una historia de corrupci\u00f3n, traici\u00f3n, asesinatos, romance y, por supuesto&#8230; familia.<\/p>\n<p><b>Italia, siglo XV<\/b>. El Renacimiento est\u00e1 en pleno apogeo, anunciando una nueva edad de oro en Europa. Pero donde hay oro, hay poder. Y hay quien est\u00e1 dispuesto a hacer cualquier cosa para hacerse con \u00e9l.<\/p>\n<p>Este es el mundo de Alejandro VI, el Papa Borgia, y su familia, que trama y conspira para sus propios fines. Esta es la historia de su lucha por mantener el control sobre Italia, de su ambici\u00f3n y sed de poder. Esta es la peligrosa vida de los Borgia, crueles y cautivadores, en la que sus enemigos m\u00e1s letales pueden estar mucho m\u00e1s cerca de lo que esperan.<\/p>\n","protected":false},"excerpt":{"rendered":"<p>Mario Puzo<\/p>\n<p>466 p\u00e1ginas<\/p>\n","protected":false},"featured_media":5866,"template":"","meta":{"_joinchat":[]},"product_brand":[],"product_cat":[33,56],"product_tag":[34],"class_list":{"0":"post-5865","1":"product","2":"type-product","3":"status-publish","4":"has-post-thumbnail","6":"product_cat-ficcion-general","7":"product_cat-historica","8":"product_tag-penguin-random-house","10":"first","11":"outofstock","12":"shipping-taxable","13":"purchasable","14":"product-type-simple"},"_links":{"self":[{"href":"https:\/\/libreriahistoriasdebolsillo.com\/index.php\/wp-json\/wp\/v2\/product\/5865","targetHints":{"allow":["GET"]}}],"collection":[{"href":"https:\/\/libreriahistoriasdebolsillo.com\/index.php\/wp-json\/wp\/v2\/product"}],"about":[{"href":"https:\/\/libreriahistoriasdebolsillo.com\/index.php\/wp-json\/wp\/v2\/types\/product"}],"wp:featuredmedia":[{"embeddable":true,"href":"https:\/\/libreriahistoriasdebolsillo.com\/index.php\/wp-json\/wp\/v2\/media\/5866"}],"wp:attachment":[{"href":"https:\/\/libreriahistoriasdebolsillo.com\/index.php\/wp-json\/wp\/v2\/media?parent=5865"}],"wp:term":[{"taxonomy":"product_brand","embeddable":true,"href":"https:\/\/libreriahistoriasdebolsillo.com\/index.php\/wp-json\/wp\/v2\/product_brand?post=5865"},{"taxonomy":"product_cat","embeddable":true,"href":"https:\/\/libreriahistoriasdebolsillo.com\/index.php\/wp-json\/wp\/v2\/product_cat?post=5865"},{"taxonomy":"product_tag","embeddable":true,"href":"https:\/\/libreriahistoriasdebolsillo.com\/index.php\/wp-json\/wp\/v2\/product_tag?post=5865"}],"curies":[{"name":"wp","href":"https:\/\/api.w.org\/{rel}","templated":true}]}}