{"id":5873,"date":"2024-11-01T13:41:05","date_gmt":"2024-11-01T19:41:05","guid":{"rendered":"https:\/\/libreriahistoriasdebolsillo.com\/?post_type=product&#038;p=5873"},"modified":"2026-02-10T16:16:28","modified_gmt":"2026-02-10T22:16:28","slug":"meditaciones-2","status":"publish","type":"product","link":"https:\/\/libreriahistoriasdebolsillo.com\/index.php\/producto\/meditaciones-2\/","title":{"rendered":"Meditaciones"},"content":{"rendered":"<p><b>EDICI\u00d3N ILUSTRADA Y CON<\/b>\u00a0<b>UNA NUEVA TRADUCCI\u00d3N DEL GRIEGO<\/b>\u00a0<b>A CARGO DE \u00d3SCAR MART\u00cdNEZ GARC\u00cdA<\/b><\/p>\n<p><b>UNA INVITACI\u00d3N A<\/b>\u00a0<b>DESPRENDERNOS DE LO<\/b>\u00a0<b>INCONTROLABLE Y TOMAR<\/b>\u00a0<b>LAS RIENDAS DE LO QUE<\/b>\u00a0<b>S\u00cd DEPENDE DE NOSOTROS<\/b>\u00a0<b>PARA CONVERTIRNOS<\/b>\u00a0<b>EN \u00abESCULTORES\u00bb DE<\/b>\u00a0<b>NUESTROS PENSAMIENTOS,<\/b>\u00a0<b>NUESTROS JUICIOS Y<\/b>\u00a0<b>NUESTROS DESEOS.<\/b><\/p>\n<p>Escritas en griego por un\u00a0<b>emperador romano<\/b>\u00a0y fil\u00f3sofo que no ten\u00eda intenci\u00f3n alguna de difundirlas, estas p\u00edldoras de\u00a0<b>sabidur\u00eda pr\u00e1ctica<\/b>, repletas de encanto y expresividad, han sido consultadas y admiradas por estadistas,\u00a0<b>pensadores<\/b>\u00a0y lectores de a pie durante casi dos mil a\u00f1os. Aunque\u00a0<b>Marco Aurelio<\/b>\u00a0compuso estas reflexiones\u00a0<b>espirituales<\/b>\u00a0para comprenderse a s\u00ed mismo y dar sentido a su vida, trascendieron ese fin y se consideran una de las m\u00e1s grandes obras de la historia de la\u00a0<b>filosof\u00eda<\/b>. Pero, adem\u00e1s, esta lectura enormemente placentera nos ayudar\u00e1 a consolidar nuestra fortaleza interior y a protegernos del desorden de nuestras pasiones y de los peligros de nuestros errores.<\/p>\n","protected":false},"excerpt":{"rendered":"<p>Marco Aurelio<\/p>\n<p>187 p\u00e1ginas<\/p>\n","protected":false},"featured_media":5874,"template":"","meta":{"_joinchat":[]},"product_brand":[],"product_cat":[61,70],"product_tag":[34],"class_list":{"0":"post-5873","1":"product","2":"type-product","3":"status-publish","4":"has-post-thumbnail","6":"product_cat-filosofia","7":"product_cat-novedades","8":"product_tag-penguin-random-house","10":"first","11":"outofstock","12":"shipping-taxable","13":"purchasable","14":"product-type-simple"},"_links":{"self":[{"href":"https:\/\/libreriahistoriasdebolsillo.com\/index.php\/wp-json\/wp\/v2\/product\/5873","targetHints":{"allow":["GET"]}}],"collection":[{"href":"https:\/\/libreriahistoriasdebolsillo.com\/index.php\/wp-json\/wp\/v2\/product"}],"about":[{"href":"https:\/\/libreriahistoriasdebolsillo.com\/index.php\/wp-json\/wp\/v2\/types\/product"}],"wp:featuredmedia":[{"embeddable":true,"href":"https:\/\/libreriahistoriasdebolsillo.com\/index.php\/wp-json\/wp\/v2\/media\/5874"}],"wp:attachment":[{"href":"https:\/\/libreriahistoriasdebolsillo.com\/index.php\/wp-json\/wp\/v2\/media?parent=5873"}],"wp:term":[{"taxonomy":"product_brand","embeddable":true,"href":"https:\/\/libreriahistoriasdebolsillo.com\/index.php\/wp-json\/wp\/v2\/product_brand?post=5873"},{"taxonomy":"product_cat","embeddable":true,"href":"https:\/\/libreriahistoriasdebolsillo.com\/index.php\/wp-json\/wp\/v2\/product_cat?post=5873"},{"taxonomy":"product_tag","embeddable":true,"href":"https:\/\/libreriahistoriasdebolsillo.com\/index.php\/wp-json\/wp\/v2\/product_tag?post=5873"}],"curies":[{"name":"wp","href":"https:\/\/api.w.org\/{rel}","templated":true}]}}