{"id":5876,"date":"2024-11-04T14:50:10","date_gmt":"2024-11-04T20:50:10","guid":{"rendered":"https:\/\/libreriahistoriasdebolsillo.com\/?post_type=product&#038;p=5876"},"modified":"2024-11-16T18:22:45","modified_gmt":"2024-11-17T00:22:45","slug":"no-te-creas-todo-lo-que-piensas-tapa-dura","status":"publish","type":"product","link":"https:\/\/libreriahistoriasdebolsillo.com\/index.php\/producto\/no-te-creas-todo-lo-que-piensas-tapa-dura\/","title":{"rendered":"No te creas todo lo que piensas (Tapa dura)"},"content":{"rendered":"<p>\u00bfPor qu\u00e9 creemos lo que creemos? \u00bfQu\u00e9 hace que reaccionemos de cierta manera ante alg\u00fan suceso? Nuestra experiencia en el mundo est\u00e1 delimitada en gran parte por\u00a0<b>nuestros procesos mentales<\/b>, pero los hechos y circunstancias a nuestro alrededor pueden ser solo eso.<\/p>\n<p>Este libro te ayudar\u00e1 a:<\/p>\n<p>\u2022Evitar que lo que piensas te lleve a dudar o\u00a0<b>autosabotearte.<\/b><\/p>\n<p>\u2022Enfrentarte a las circunstancias del d\u00eda a d\u00eda sin\u00a0<b>ansias.<\/b><\/p>\n<p>\u2022Construir una nueva perspectiva de vida que venga desde\u00a0<b>la seguridad y la armon\u00eda<\/b>.<\/p>\n<p>\u2022Entender que\u00a0<b>la incertidumbre y el desconocimiento<\/b>\u00a0pueden jugar a favor de tu crecimiento.<\/p>\n<p>Vuelve a confiar en tu mente<\/p>\n","protected":false},"excerpt":{"rendered":"<p>Joseph Nguyen<\/p>\n<p>272 p\u00e1ginas<\/p>\n","protected":false},"featured_media":5877,"template":"","meta":{"_joinchat":[]},"product_brand":[],"product_cat":[58,41,70],"product_tag":[34],"class_list":{"0":"post-5876","1":"product","2":"type-product","3":"status-publish","4":"has-post-thumbnail","6":"product_cat-desarrollo-humano-y-superacion","7":"product_cat-desarrollo-humano","8":"product_cat-novedades","9":"product_tag-penguin-random-house","11":"first","12":"outofstock","13":"shipping-taxable","14":"purchasable","15":"product-type-simple"},"_links":{"self":[{"href":"https:\/\/libreriahistoriasdebolsillo.com\/index.php\/wp-json\/wp\/v2\/product\/5876","targetHints":{"allow":["GET"]}}],"collection":[{"href":"https:\/\/libreriahistoriasdebolsillo.com\/index.php\/wp-json\/wp\/v2\/product"}],"about":[{"href":"https:\/\/libreriahistoriasdebolsillo.com\/index.php\/wp-json\/wp\/v2\/types\/product"}],"wp:featuredmedia":[{"embeddable":true,"href":"https:\/\/libreriahistoriasdebolsillo.com\/index.php\/wp-json\/wp\/v2\/media\/5877"}],"wp:attachment":[{"href":"https:\/\/libreriahistoriasdebolsillo.com\/index.php\/wp-json\/wp\/v2\/media?parent=5876"}],"wp:term":[{"taxonomy":"product_brand","embeddable":true,"href":"https:\/\/libreriahistoriasdebolsillo.com\/index.php\/wp-json\/wp\/v2\/product_brand?post=5876"},{"taxonomy":"product_cat","embeddable":true,"href":"https:\/\/libreriahistoriasdebolsillo.com\/index.php\/wp-json\/wp\/v2\/product_cat?post=5876"},{"taxonomy":"product_tag","embeddable":true,"href":"https:\/\/libreriahistoriasdebolsillo.com\/index.php\/wp-json\/wp\/v2\/product_tag?post=5876"}],"curies":[{"name":"wp","href":"https:\/\/api.w.org\/{rel}","templated":true}]}}