{"id":5878,"date":"2024-11-04T14:51:53","date_gmt":"2024-11-04T20:51:53","guid":{"rendered":"https:\/\/libreriahistoriasdebolsillo.com\/?post_type=product&#038;p=5878"},"modified":"2024-11-16T18:23:11","modified_gmt":"2024-11-17T00:23:11","slug":"lo-que-los-libros-de-historia-del-arte-no-quieren-que-sepas","status":"publish","type":"product","link":"https:\/\/libreriahistoriasdebolsillo.com\/index.php\/producto\/lo-que-los-libros-de-historia-del-arte-no-quieren-que-sepas\/","title":{"rendered":"Lo que los libros de historia del arte no quieren que sepas"},"content":{"rendered":"<p>\u00bfSabr\u00edas decir qu\u00e9 tienen en com\u00fan Frida Kahlo y Taylor Swift? \u00bfO qu\u00e9 elementos unen al artista prerrafaelita Millais con el tri\u00e1ngulo amoroso de Crep\u00fasculo? \u00bfY si te digo que un inocente bodeg\u00f3n esconde algunos de los autorretratos m\u00e1s alucinantes de la historia del arte? \u00bfTe puedes creer que existen cuadros de Caravaggio que son la confesi\u00f3n de un crimen? \u00bfY que hay un dibujo que confirma el shippeo de Lorca y de Dal\u00ed? \u00bfO que en la mitolog\u00eda griega hubo un Heartstopper tr\u00e1gico? \u00bfY sab\u00edas que existe un perfil de Tinder medieval?<\/p>\n<p><b>\u00a1Descubre las mejores curiosidades, an\u00e9cdotas y simbolismos ocultos de las obras m\u00e1s ic\u00f3nicas, y vibra como nunca con la historia del arte!<\/b><\/p>\n","protected":false},"excerpt":{"rendered":"<p>Blanca Guilera<\/p>\n<p>192 p\u00e1ginas<\/p>\n","protected":false},"featured_media":5879,"template":"","meta":{"_joinchat":[]},"product_brand":[],"product_cat":[41,70],"product_tag":[34],"class_list":{"0":"post-5878","1":"product","2":"type-product","3":"status-publish","4":"has-post-thumbnail","6":"product_cat-desarrollo-humano","7":"product_cat-novedades","8":"product_tag-penguin-random-house","10":"first","11":"outofstock","12":"shipping-taxable","13":"purchasable","14":"product-type-simple"},"_links":{"self":[{"href":"https:\/\/libreriahistoriasdebolsillo.com\/index.php\/wp-json\/wp\/v2\/product\/5878","targetHints":{"allow":["GET"]}}],"collection":[{"href":"https:\/\/libreriahistoriasdebolsillo.com\/index.php\/wp-json\/wp\/v2\/product"}],"about":[{"href":"https:\/\/libreriahistoriasdebolsillo.com\/index.php\/wp-json\/wp\/v2\/types\/product"}],"wp:featuredmedia":[{"embeddable":true,"href":"https:\/\/libreriahistoriasdebolsillo.com\/index.php\/wp-json\/wp\/v2\/media\/5879"}],"wp:attachment":[{"href":"https:\/\/libreriahistoriasdebolsillo.com\/index.php\/wp-json\/wp\/v2\/media?parent=5878"}],"wp:term":[{"taxonomy":"product_brand","embeddable":true,"href":"https:\/\/libreriahistoriasdebolsillo.com\/index.php\/wp-json\/wp\/v2\/product_brand?post=5878"},{"taxonomy":"product_cat","embeddable":true,"href":"https:\/\/libreriahistoriasdebolsillo.com\/index.php\/wp-json\/wp\/v2\/product_cat?post=5878"},{"taxonomy":"product_tag","embeddable":true,"href":"https:\/\/libreriahistoriasdebolsillo.com\/index.php\/wp-json\/wp\/v2\/product_tag?post=5878"}],"curies":[{"name":"wp","href":"https:\/\/api.w.org\/{rel}","templated":true}]}}