{"id":5882,"date":"2024-11-04T14:55:33","date_gmt":"2024-11-04T20:55:33","guid":{"rendered":"https:\/\/libreriahistoriasdebolsillo.com\/?post_type=product&#038;p=5882"},"modified":"2025-10-29T16:07:25","modified_gmt":"2025-10-29T22:07:25","slug":"boyfriends-vol-2","status":"publish","type":"product","link":"https:\/\/libreriahistoriasdebolsillo.com\/index.php\/producto\/boyfriends-vol-2\/","title":{"rendered":"Boyfriends Vol. 2"},"content":{"rendered":"<p><b>B<\/b><b>oyfriends<\/b>. es la historia\u00a0<b>poliamorosa<\/b>\u00a0de un deportista, un nerd, un ni\u00f1o mimado y un g\u00f3tico que est\u00e1n aprendiendo a amarse los unos a los otros mientras intentan con todas sus fuerzas que una\u00a0<b>relaci\u00f3n de cuatro<\/b>\u00a0funcione.<\/p>\n<p>Empieza un nuevo a\u00f1o en la\u00a0<b>universidad<\/b>\u00a0y Prep, Goth, Nerd y Jock tratan de encontrar nuevas formas de mostrar su\u00a0<b>amor mutuo<\/b>. Incluso las\u00a0<b>tareas m\u00e1s cotidianas<\/b>\u00a0como lavar la ropa, hacer el s\u00faper y cocinar adquieren un nuevo significado cuando los novios est\u00e1n juntos.<\/p>\n<p>Adem\u00e1s, los chicos hacen nuevos amigos y se dan cuenta de que no son los \u00fanicos\u00a0<b>estudiantes queer<\/b>\u00a0en el campus cuando\u2026 \u00a1conocen a las\u00a0<b>Girlfriends<\/b>!<\/p>\n<p>El volumen 2 de Boyfriends. recopila los episodios 56 a 100 del encantador c\u00f3mic hom\u00f3nimo de WEBTOON.<\/p>\n","protected":false},"excerpt":{"rendered":"<p>Refrainbow<\/p>\n<p>312 p\u00e1ginas<\/p>\n","protected":false},"featured_media":5883,"template":"","meta":{"_joinchat":[]},"product_brand":[],"product_cat":[38,67,70],"product_tag":[34],"class_list":{"0":"post-5882","1":"product","2":"type-product","3":"status-publish","4":"has-post-thumbnail","6":"product_cat-lgbtq","7":"product_cat-manga","8":"product_cat-novedades","9":"product_tag-penguin-random-house","11":"first","12":"outofstock","13":"shipping-taxable","14":"purchasable","15":"product-type-simple"},"_links":{"self":[{"href":"https:\/\/libreriahistoriasdebolsillo.com\/index.php\/wp-json\/wp\/v2\/product\/5882","targetHints":{"allow":["GET"]}}],"collection":[{"href":"https:\/\/libreriahistoriasdebolsillo.com\/index.php\/wp-json\/wp\/v2\/product"}],"about":[{"href":"https:\/\/libreriahistoriasdebolsillo.com\/index.php\/wp-json\/wp\/v2\/types\/product"}],"wp:featuredmedia":[{"embeddable":true,"href":"https:\/\/libreriahistoriasdebolsillo.com\/index.php\/wp-json\/wp\/v2\/media\/5883"}],"wp:attachment":[{"href":"https:\/\/libreriahistoriasdebolsillo.com\/index.php\/wp-json\/wp\/v2\/media?parent=5882"}],"wp:term":[{"taxonomy":"product_brand","embeddable":true,"href":"https:\/\/libreriahistoriasdebolsillo.com\/index.php\/wp-json\/wp\/v2\/product_brand?post=5882"},{"taxonomy":"product_cat","embeddable":true,"href":"https:\/\/libreriahistoriasdebolsillo.com\/index.php\/wp-json\/wp\/v2\/product_cat?post=5882"},{"taxonomy":"product_tag","embeddable":true,"href":"https:\/\/libreriahistoriasdebolsillo.com\/index.php\/wp-json\/wp\/v2\/product_tag?post=5882"}],"curies":[{"name":"wp","href":"https:\/\/api.w.org\/{rel}","templated":true}]}}