{"id":5888,"date":"2024-11-05T14:54:51","date_gmt":"2024-11-05T20:54:51","guid":{"rendered":"https:\/\/libreriahistoriasdebolsillo.com\/?post_type=product&#038;p=5888"},"modified":"2025-06-27T16:55:12","modified_gmt":"2025-06-27T22:55:12","slug":"arte-para-colorear-buhos","status":"publish","type":"product","link":"https:\/\/libreriahistoriasdebolsillo.com\/index.php\/producto\/arte-para-colorear-buhos\/","title":{"rendered":"Arte para colorear. B\u00fahos"},"content":{"rendered":"<p>Originales dise\u00f1os de b\u00fahos para colorear. En este libro encontrar\u00e1s m\u00e1s de 30 p\u00e1ginas con escenas fant\u00e1sticas, que forman un exuberante tapiz, con la m\u00e1s sabia de las aves. Estos adorables b\u00fahos posan sobre v\u00edvidos fondos con complejos dise\u00f1os cubiertos de flores, estampados cachemira y otros divertidos motivos. Estos libros, especialmente dise\u00f1ados para colorear, ofrecen un escape a un mundo de inspiraci\u00f3n y realizaci\u00f3n art\u00edstica. Cada entrega incluye 30 reproducciones en blanco y negro. Las ilustraciones est\u00e1n impresas de un solo lado, en p\u00e1ginas troqueladas, para que resulte sencillo cortar y exhibir las piezas terminadas.<\/p>\n","protected":false},"excerpt":{"rendered":"<p>Originales dise\u00f1os de b\u00fahos para colorear. En este libro encontrar\u00e1s m\u00e1s de 30 p\u00e1ginas con escenas fant\u00e1sticas, que forman un exuberante tapiz, con la m\u00e1s sabia de las aves. Estos adorables b\u00fahos posan sobre v\u00edvidos fondos con complejos dise\u00f1os cubiertos de flores, estampados cachemira y otros divertidos motivos. Estos libros, especialmente dise\u00f1ados para colorear, ofrecen [&hellip;]<\/p>\n","protected":false},"featured_media":5889,"template":"","meta":{"_joinchat":[]},"product_brand":[],"product_cat":[50],"product_tag":[48],"class_list":{"0":"post-5888","1":"product","2":"type-product","3":"status-publish","4":"has-post-thumbnail","6":"product_cat-mandalas-y-libros-para-colorear","7":"product_tag-vr-editoras","9":"first","10":"outofstock","11":"shipping-taxable","12":"purchasable","13":"product-type-simple"},"_links":{"self":[{"href":"https:\/\/libreriahistoriasdebolsillo.com\/index.php\/wp-json\/wp\/v2\/product\/5888","targetHints":{"allow":["GET"]}}],"collection":[{"href":"https:\/\/libreriahistoriasdebolsillo.com\/index.php\/wp-json\/wp\/v2\/product"}],"about":[{"href":"https:\/\/libreriahistoriasdebolsillo.com\/index.php\/wp-json\/wp\/v2\/types\/product"}],"wp:featuredmedia":[{"embeddable":true,"href":"https:\/\/libreriahistoriasdebolsillo.com\/index.php\/wp-json\/wp\/v2\/media\/5889"}],"wp:attachment":[{"href":"https:\/\/libreriahistoriasdebolsillo.com\/index.php\/wp-json\/wp\/v2\/media?parent=5888"}],"wp:term":[{"taxonomy":"product_brand","embeddable":true,"href":"https:\/\/libreriahistoriasdebolsillo.com\/index.php\/wp-json\/wp\/v2\/product_brand?post=5888"},{"taxonomy":"product_cat","embeddable":true,"href":"https:\/\/libreriahistoriasdebolsillo.com\/index.php\/wp-json\/wp\/v2\/product_cat?post=5888"},{"taxonomy":"product_tag","embeddable":true,"href":"https:\/\/libreriahistoriasdebolsillo.com\/index.php\/wp-json\/wp\/v2\/product_tag?post=5888"}],"curies":[{"name":"wp","href":"https:\/\/api.w.org\/{rel}","templated":true}]}}