{"id":5894,"date":"2024-11-05T15:02:34","date_gmt":"2024-11-05T21:02:34","guid":{"rendered":"https:\/\/libreriahistoriasdebolsillo.com\/?post_type=product&#038;p=5894"},"modified":"2025-06-28T11:44:48","modified_gmt":"2025-06-28T17:44:48","slug":"la-parte-que-falta-tapa-dura","status":"publish","type":"product","link":"https:\/\/libreriahistoriasdebolsillo.com\/index.php\/producto\/la-parte-que-falta-tapa-dura\/","title":{"rendered":"La parte que falta (Tapa dura)"},"content":{"rendered":"<p>Al igual que las siluetas de l\u00edneas negras sutiles sobre fondo blanco que constituyen todo el material visual del libro, el argumento es muy sencillo. A una criatura de forma circular le falta un trozo de s\u00ed misma en forma de cu\u00f1a. Se siente incompleta y se pone a buscar la parte que le falta mientras canta y disfruta del paisaje. Pero cuando el c\u00edrculo encuentra por fin la cu\u00f1a del tama\u00f1o exacto que le corresponde, empieza a darse cuenta de que ya no puede hacer las cosas que antes le gustaban, como cantar o rodar lo bastante despacio como para disfrutar de la compa\u00f1\u00eda de un gusano o una mariposa. Decide que era m\u00e1s feliz buscando la pieza que le faltaba que teni\u00e9ndola. As\u00ed que deja suavemente la pieza en el suelo y contin\u00faa buscando alegremente. Esta historia en apariencia tan simple tiene una fuerte carga simb\u00f3lica. En nuestras vidas, a menudo sentimos que encontrar nuestra \u201cparte que falta\u201d -sea cual sea- nos har\u00e1 felices. Sin embargo, despu\u00e9s de encontrarla, vemos surgir una nueva serie de deseos y problemas. Toda la vida es una b\u00fasqueda interminable de una parte ilusoria. Seg\u00fan el libro, la verdadera satisfacci\u00f3n reside en rechazar la idea de que existe algo m\u00e1gico que nos har\u00e1 felices. Al final de la historia, el protagonista se da cuenta y abandona la parte perfecta que ha cre\u00eddo encontrar. Inmediatamente despu\u00e9s, retoma la b\u00fasqueda de \u201cla parte que falta\u201d, ahora con la certeza de que es la b\u00fasqueda la que le proporciona la satisfacci\u00f3n y no el hallazgo en s\u00ed.<\/p>\n","protected":false},"excerpt":{"rendered":"<p>Shel Silverstein<\/p>\n","protected":false},"featured_media":5895,"template":"","meta":{"_joinchat":[]},"product_brand":[],"product_cat":[70],"product_tag":[48],"class_list":{"0":"post-5894","1":"product","2":"type-product","3":"status-publish","4":"has-post-thumbnail","6":"product_cat-novedades","7":"product_tag-vr-editoras","9":"first","10":"outofstock","11":"shipping-taxable","12":"purchasable","13":"product-type-simple"},"_links":{"self":[{"href":"https:\/\/libreriahistoriasdebolsillo.com\/index.php\/wp-json\/wp\/v2\/product\/5894","targetHints":{"allow":["GET"]}}],"collection":[{"href":"https:\/\/libreriahistoriasdebolsillo.com\/index.php\/wp-json\/wp\/v2\/product"}],"about":[{"href":"https:\/\/libreriahistoriasdebolsillo.com\/index.php\/wp-json\/wp\/v2\/types\/product"}],"wp:featuredmedia":[{"embeddable":true,"href":"https:\/\/libreriahistoriasdebolsillo.com\/index.php\/wp-json\/wp\/v2\/media\/5895"}],"wp:attachment":[{"href":"https:\/\/libreriahistoriasdebolsillo.com\/index.php\/wp-json\/wp\/v2\/media?parent=5894"}],"wp:term":[{"taxonomy":"product_brand","embeddable":true,"href":"https:\/\/libreriahistoriasdebolsillo.com\/index.php\/wp-json\/wp\/v2\/product_brand?post=5894"},{"taxonomy":"product_cat","embeddable":true,"href":"https:\/\/libreriahistoriasdebolsillo.com\/index.php\/wp-json\/wp\/v2\/product_cat?post=5894"},{"taxonomy":"product_tag","embeddable":true,"href":"https:\/\/libreriahistoriasdebolsillo.com\/index.php\/wp-json\/wp\/v2\/product_tag?post=5894"}],"curies":[{"name":"wp","href":"https:\/\/api.w.org\/{rel}","templated":true}]}}