{"id":5908,"date":"2024-11-05T15:17:52","date_gmt":"2024-11-05T21:17:52","guid":{"rendered":"https:\/\/libreriahistoriasdebolsillo.com\/?post_type=product&#038;p=5908"},"modified":"2025-06-28T11:39:20","modified_gmt":"2025-06-28T17:39:20","slug":"la-magia-de-la-numerologia","status":"publish","type":"product","link":"https:\/\/libreriahistoriasdebolsillo.com\/index.php\/producto\/la-magia-de-la-numerologia\/","title":{"rendered":"La magia de la numerolog\u00eda"},"content":{"rendered":"<p>Aprovecha el poder oculto de lo n\u00fameros para interpretar los mensajes que el universo tiene reservados para ti. Con ayuda de estos ejercicios reflexivos, matras y consejos, deja que los detalles a tu alrededor se revelen, ejerciten tu intuici\u00f3n y trasformen tu realidad, carrera y bienestar a trav\u00e9s de la sabidur\u00eda ancestral de la numerolog\u00eda.<\/p>\n","protected":false},"excerpt":{"rendered":"<p>Carolyne Faulkner<\/p>\n<p>128 p\u00e1ginas<\/p>\n","protected":false},"featured_media":5909,"template":"","meta":{"_joinchat":[]},"product_brand":[],"product_cat":[59,41,70],"product_tag":[48],"class_list":{"0":"post-5908","1":"product","2":"type-product","3":"status-publish","4":"has-post-thumbnail","6":"product_cat-esoterismo","7":"product_cat-desarrollo-humano","8":"product_cat-novedades","9":"product_tag-vr-editoras","11":"first","12":"outofstock","13":"shipping-taxable","14":"purchasable","15":"product-type-simple"},"_links":{"self":[{"href":"https:\/\/libreriahistoriasdebolsillo.com\/index.php\/wp-json\/wp\/v2\/product\/5908","targetHints":{"allow":["GET"]}}],"collection":[{"href":"https:\/\/libreriahistoriasdebolsillo.com\/index.php\/wp-json\/wp\/v2\/product"}],"about":[{"href":"https:\/\/libreriahistoriasdebolsillo.com\/index.php\/wp-json\/wp\/v2\/types\/product"}],"wp:featuredmedia":[{"embeddable":true,"href":"https:\/\/libreriahistoriasdebolsillo.com\/index.php\/wp-json\/wp\/v2\/media\/5909"}],"wp:attachment":[{"href":"https:\/\/libreriahistoriasdebolsillo.com\/index.php\/wp-json\/wp\/v2\/media?parent=5908"}],"wp:term":[{"taxonomy":"product_brand","embeddable":true,"href":"https:\/\/libreriahistoriasdebolsillo.com\/index.php\/wp-json\/wp\/v2\/product_brand?post=5908"},{"taxonomy":"product_cat","embeddable":true,"href":"https:\/\/libreriahistoriasdebolsillo.com\/index.php\/wp-json\/wp\/v2\/product_cat?post=5908"},{"taxonomy":"product_tag","embeddable":true,"href":"https:\/\/libreriahistoriasdebolsillo.com\/index.php\/wp-json\/wp\/v2\/product_tag?post=5908"}],"curies":[{"name":"wp","href":"https:\/\/api.w.org\/{rel}","templated":true}]}}