{"id":5910,"date":"2024-11-05T15:20:45","date_gmt":"2024-11-05T21:20:45","guid":{"rendered":"https:\/\/libreriahistoriasdebolsillo.com\/?post_type=product&#038;p=5910"},"modified":"2025-06-28T16:07:40","modified_gmt":"2025-06-28T22:07:40","slug":"una-vez-en-la-vida-tal-vez-dos","status":"publish","type":"product","link":"https:\/\/libreriahistoriasdebolsillo.com\/index.php\/producto\/una-vez-en-la-vida-tal-vez-dos\/","title":{"rendered":"Una vez en la vida, \u00bfTal vez dos?"},"content":{"rendered":"<p>Llena del romance y la angustia que definen los a\u00f1os en los que llegas a conocerte a ti misma. Una novela sobre segundas oportunidades y c\u00f3mo encontrar tu propio camino. \u00bfConoces el viejo dicho \u00abSi seguimos siendo solteros a los 35, deber\u00edamos casarnos? Pues bien, Maggie Vine hizo esa promesa con dos personas diferentes en dos etapas muy distintas de su vida. Y ambas aparecieron. Ahora Maggie est\u00e1 persiguiendo sus sue\u00f1os de ser cantante y madre, pero no le est\u00e1 yendo muy bien. Por eso, cuando Garret Scholl-un estresado inversionista de d\u00eda pero apasionado aspirante a cantante de rock de noche-llega a su fiesta de cumplea\u00f1os n\u00famero 35, cree que ha ido para cumplir la promesa. Pero \u00e9l est\u00e1 comprometido con otra persona. Y en eso entra en escena Asher Reyes, su primer novio de la adolescencia. Convertido ahora en un actor famoso, le gusta mantener su vida privada alejada de la prensa. Y cuando a ella se le presenta una oportunidad de cambiar de carrera despu\u00e9s de su reencuentro con Asher, pareciera que todo-la m\u00fasica, el amor y la familia-por fin encajar\u00e1&#8230;<\/p>\n","protected":false},"excerpt":{"rendered":"<p>Alison Rose Greenberg<\/p>\n<p>512 p\u00e1ginas<\/p>\n","protected":false},"featured_media":5911,"template":"","meta":{"_joinchat":[]},"product_brand":[],"product_cat":[70,35],"product_tag":[48],"class_list":{"0":"post-5910","1":"product","2":"type-product","3":"status-publish","4":"has-post-thumbnail","6":"product_cat-novedades","7":"product_cat-romantica","8":"product_tag-vr-editoras","10":"first","11":"instock","12":"shipping-taxable","13":"purchasable","14":"product-type-simple"},"_links":{"self":[{"href":"https:\/\/libreriahistoriasdebolsillo.com\/index.php\/wp-json\/wp\/v2\/product\/5910","targetHints":{"allow":["GET"]}}],"collection":[{"href":"https:\/\/libreriahistoriasdebolsillo.com\/index.php\/wp-json\/wp\/v2\/product"}],"about":[{"href":"https:\/\/libreriahistoriasdebolsillo.com\/index.php\/wp-json\/wp\/v2\/types\/product"}],"wp:featuredmedia":[{"embeddable":true,"href":"https:\/\/libreriahistoriasdebolsillo.com\/index.php\/wp-json\/wp\/v2\/media\/5911"}],"wp:attachment":[{"href":"https:\/\/libreriahistoriasdebolsillo.com\/index.php\/wp-json\/wp\/v2\/media?parent=5910"}],"wp:term":[{"taxonomy":"product_brand","embeddable":true,"href":"https:\/\/libreriahistoriasdebolsillo.com\/index.php\/wp-json\/wp\/v2\/product_brand?post=5910"},{"taxonomy":"product_cat","embeddable":true,"href":"https:\/\/libreriahistoriasdebolsillo.com\/index.php\/wp-json\/wp\/v2\/product_cat?post=5910"},{"taxonomy":"product_tag","embeddable":true,"href":"https:\/\/libreriahistoriasdebolsillo.com\/index.php\/wp-json\/wp\/v2\/product_tag?post=5910"}],"curies":[{"name":"wp","href":"https:\/\/api.w.org\/{rel}","templated":true}]}}