{"id":5916,"date":"2024-11-11T14:43:47","date_gmt":"2024-11-11T20:43:47","guid":{"rendered":"https:\/\/libreriahistoriasdebolsillo.com\/?post_type=product&#038;p=5916"},"modified":"2025-03-10T10:15:01","modified_gmt":"2025-03-10T16:15:01","slug":"medea-2","status":"publish","type":"product","link":"https:\/\/libreriahistoriasdebolsillo.com\/index.php\/producto\/medea-2\/","title":{"rendered":"Medea"},"content":{"rendered":"<p>Tras regresar de la\u00a0<b>C\u00f3lquide<\/b>\u00a0con el vellocino de oro,\u00a0<b>Jas\u00f3n<\/b>\u00a0seduce a la hija del rey\u00a0<b>Eetes<\/b>, Medea, y contrae\u00a0<b>matrimonio<\/b>\u00a0con ella. Sin embargo, cuando recalan en Corinto y la abandona por la\u00a0<b>hija del<\/b>\u00a0<b>rey Creonte<\/b>, Medea urde una de las venganzas m\u00e1s terribles de la literatura. Seg\u00fan los coet\u00e1neos del autor, Eur\u00edpides prefer\u00eda representar \u00ablas cosas como son y no como debieran\u00bb, y quiz\u00e1 sea eso lo que nos sigue atrayendo de esta obra: su cruda realidad, su representaci\u00f3n de las\u00a0<b>pasiones<\/b>\u00a0y su osado compromiso con la sangre.<\/p>\n<p>La versi\u00f3n que ofrecemos, escrita en verso libre, es especialmente apta para el escenario, y viene acompa\u00f1ada de una introducci\u00f3n panor\u00e1mica. Cierra el volumen un moderno an\u00e1lisis de Medea como arquetipo de la literatura y el cine.<\/p>\n","protected":false},"excerpt":{"rendered":"<p>Eur\u00edpides<\/p>\n<p>152 p\u00e1ginas<\/p>\n","protected":false},"featured_media":5917,"template":"","meta":{"_joinchat":[]},"product_brand":[],"product_cat":[42,51],"product_tag":[34],"class_list":{"0":"post-5916","1":"product","2":"type-product","3":"status-publish","4":"has-post-thumbnail","6":"product_cat-literatura-clasica","7":"product_cat-oferta","8":"product_tag-penguin-random-house","10":"first","11":"outofstock","12":"shipping-taxable","13":"purchasable","14":"product-type-simple"},"_links":{"self":[{"href":"https:\/\/libreriahistoriasdebolsillo.com\/index.php\/wp-json\/wp\/v2\/product\/5916","targetHints":{"allow":["GET"]}}],"collection":[{"href":"https:\/\/libreriahistoriasdebolsillo.com\/index.php\/wp-json\/wp\/v2\/product"}],"about":[{"href":"https:\/\/libreriahistoriasdebolsillo.com\/index.php\/wp-json\/wp\/v2\/types\/product"}],"wp:featuredmedia":[{"embeddable":true,"href":"https:\/\/libreriahistoriasdebolsillo.com\/index.php\/wp-json\/wp\/v2\/media\/5917"}],"wp:attachment":[{"href":"https:\/\/libreriahistoriasdebolsillo.com\/index.php\/wp-json\/wp\/v2\/media?parent=5916"}],"wp:term":[{"taxonomy":"product_brand","embeddable":true,"href":"https:\/\/libreriahistoriasdebolsillo.com\/index.php\/wp-json\/wp\/v2\/product_brand?post=5916"},{"taxonomy":"product_cat","embeddable":true,"href":"https:\/\/libreriahistoriasdebolsillo.com\/index.php\/wp-json\/wp\/v2\/product_cat?post=5916"},{"taxonomy":"product_tag","embeddable":true,"href":"https:\/\/libreriahistoriasdebolsillo.com\/index.php\/wp-json\/wp\/v2\/product_tag?post=5916"}],"curies":[{"name":"wp","href":"https:\/\/api.w.org\/{rel}","templated":true}]}}