{"id":5918,"date":"2024-11-11T14:46:05","date_gmt":"2024-11-11T20:46:05","guid":{"rendered":"https:\/\/libreriahistoriasdebolsillo.com\/?post_type=product&#038;p=5918"},"modified":"2025-03-10T10:15:12","modified_gmt":"2025-03-10T16:15:12","slug":"los-documentos-de-aspern","status":"publish","type":"product","link":"https:\/\/libreriahistoriasdebolsillo.com\/index.php\/producto\/los-documentos-de-aspern\/","title":{"rendered":"Los documentos de Aspern"},"content":{"rendered":"<p><b>Una obra maestra sobre las complejas relaciones que pueden entablar la literatura y la vida privada.<\/b><\/p>\n<p><b>Traducci\u00f3n de Jackie DeMartino, Francisco L\u00f3pez Mart\u00edn y Carlos Manzano.<\/b><\/p>\n<p><b>Pr\u00f3logo de Teresa G\u00f3mez Reus, catedr\u00e1tica de Filolog\u00eda Inglesa en la Universidad de Alicante.<\/b><\/p>\n<p>A finales del siglo XIX, un cr\u00edtico estadounidense llega a Venecia para conocer a Juliana Bordereau, la antigua amante del c\u00e9lebre poeta rom\u00e1ntico Jeffrey Aspern, muerto d\u00e9cadas atr\u00e1s. Seg\u00fan los rumores, en el\u00a0<i>palazzo\u00a0<\/i>medio derruido de la anciana se conservan valiosos documentos del poeta, y el estudioso est\u00e1 dispuesto a cualquier cosa, incluida la seducci\u00f3n de una desdichada sobrina, para apoderarse de ese \u00abbot\u00edn\u00bb. Sin embargo, \u00e9l mismo se ver\u00e1 envuelto en una trama de sospechas y deseos ocultos aversos a sus ambiciones. En esta novela maestra sobre la herencia, el fervor intelectual y los espectros del pasado, Henry James estudia como nunca antes las complejas relaciones entre la vida y el arte.<\/p>\n<p>Con la brillante traducci\u00f3n de Jackie DeMartino, Francisco L\u00f3pez Mart\u00edn y Carlos Manzano, nos acercamos a esta obra de la manera m\u00e1s fiel posible. Adem\u00e1s, la l\u00facida introducci\u00f3n de Teresa G\u00f3mez Reus, catedr\u00e1tica de Filolog\u00eda Inglesa en la Universidad de Alicante, pone al lector en situaci\u00f3n para introducirse en el maravilloso mundo de Henry James.<\/p>\n","protected":false},"excerpt":{"rendered":"<p>Henry James<\/p>\n<p>176 p\u00e1ginas<\/p>\n","protected":false},"featured_media":5919,"template":"","meta":{"_joinchat":[]},"product_brand":[],"product_cat":[42,51],"product_tag":[34],"class_list":{"0":"post-5918","1":"product","2":"type-product","3":"status-publish","4":"has-post-thumbnail","6":"product_cat-literatura-clasica","7":"product_cat-oferta","8":"product_tag-penguin-random-house","10":"first","11":"outofstock","12":"shipping-taxable","13":"purchasable","14":"product-type-simple"},"_links":{"self":[{"href":"https:\/\/libreriahistoriasdebolsillo.com\/index.php\/wp-json\/wp\/v2\/product\/5918","targetHints":{"allow":["GET"]}}],"collection":[{"href":"https:\/\/libreriahistoriasdebolsillo.com\/index.php\/wp-json\/wp\/v2\/product"}],"about":[{"href":"https:\/\/libreriahistoriasdebolsillo.com\/index.php\/wp-json\/wp\/v2\/types\/product"}],"wp:featuredmedia":[{"embeddable":true,"href":"https:\/\/libreriahistoriasdebolsillo.com\/index.php\/wp-json\/wp\/v2\/media\/5919"}],"wp:attachment":[{"href":"https:\/\/libreriahistoriasdebolsillo.com\/index.php\/wp-json\/wp\/v2\/media?parent=5918"}],"wp:term":[{"taxonomy":"product_brand","embeddable":true,"href":"https:\/\/libreriahistoriasdebolsillo.com\/index.php\/wp-json\/wp\/v2\/product_brand?post=5918"},{"taxonomy":"product_cat","embeddable":true,"href":"https:\/\/libreriahistoriasdebolsillo.com\/index.php\/wp-json\/wp\/v2\/product_cat?post=5918"},{"taxonomy":"product_tag","embeddable":true,"href":"https:\/\/libreriahistoriasdebolsillo.com\/index.php\/wp-json\/wp\/v2\/product_tag?post=5918"}],"curies":[{"name":"wp","href":"https:\/\/api.w.org\/{rel}","templated":true}]}}