{"id":5920,"date":"2024-11-11T14:48:18","date_gmt":"2024-11-11T20:48:18","guid":{"rendered":"https:\/\/libreriahistoriasdebolsillo.com\/?post_type=product&#038;p=5920"},"modified":"2025-06-09T17:43:58","modified_gmt":"2025-06-09T23:43:58","slug":"vindicacion-de-los-derechos-de-la-mujer","status":"publish","type":"product","link":"https:\/\/libreriahistoriasdebolsillo.com\/index.php\/producto\/vindicacion-de-los-derechos-de-la-mujer\/","title":{"rendered":"Vindicaci\u00f3n de los derechos de la mujer"},"content":{"rendered":"<p><b>\u00abNo deseo que las mujeres tengan poder sobre los hombres, sino sobre s\u00ed mismas.\u00bb<\/b><\/p>\n<p>El t\u00e9rmino<b>\u00a0feminismo<\/b>\u00a0no exist\u00eda cuando Mary Wollstonecraft escribi\u00f3 este libro, que fue, sin embargo, la primera gran obra de la literatura feminista. En una \u00e9poca en la que la defensa de los derechos humanos hab\u00eda llevado la revoluci\u00f3n a Am\u00e9rica y a Francia, Mary Wollstonecraft produjo su propia\u00a0<b>declaraci\u00f3n de independencia<\/b>\u00a0en 1792.\u00a0<i>Vindicaci\u00f3n de los derechos de la mujer<\/i>\u00a0atac\u00f3 la idea dominante de una<b>\u00a0feminidad d\u00f3cil y decorativ<\/b>a, y sent\u00f3 los principios de la emancipaci\u00f3n femenina.<\/p>\n<p>En estas p\u00e1ginas encontrar\u00e1s la esencia de sus ideas, a favor de la\u00a0<b>educaci\u00f3n de las mujeres<\/b>\u00a0y de su contribuci\u00f3n a la sociedad. Racionalista y revolucionaria a la vez, y sin m\u00e1s poder que su pluma, Mary Wollstonecraft puso en marcha el movimiento que cambiar\u00eda el mundo para siempre y que, m\u00e1s de dos siglos despu\u00e9s, contin\u00faa transform\u00e1ndolo.<\/p>\n<p>Pr\u00f3logo de NURIA VARELA<\/p>\n<p>Traducci\u00f3n de MARTA LOIS GONZ\u00c1LEZ<\/p>\n","protected":false},"excerpt":{"rendered":"<p>Mary Wollstonecraft<\/p>\n<p>168 p\u00e1ginas<\/p>\n","protected":false},"featured_media":5921,"template":"","meta":{"_joinchat":[]},"product_brand":[],"product_cat":[42,51],"product_tag":[34],"class_list":{"0":"post-5920","1":"product","2":"type-product","3":"status-publish","4":"has-post-thumbnail","6":"product_cat-literatura-clasica","7":"product_cat-oferta","8":"product_tag-penguin-random-house","10":"first","11":"outofstock","12":"shipping-taxable","13":"purchasable","14":"product-type-simple"},"_links":{"self":[{"href":"https:\/\/libreriahistoriasdebolsillo.com\/index.php\/wp-json\/wp\/v2\/product\/5920","targetHints":{"allow":["GET"]}}],"collection":[{"href":"https:\/\/libreriahistoriasdebolsillo.com\/index.php\/wp-json\/wp\/v2\/product"}],"about":[{"href":"https:\/\/libreriahistoriasdebolsillo.com\/index.php\/wp-json\/wp\/v2\/types\/product"}],"wp:featuredmedia":[{"embeddable":true,"href":"https:\/\/libreriahistoriasdebolsillo.com\/index.php\/wp-json\/wp\/v2\/media\/5921"}],"wp:attachment":[{"href":"https:\/\/libreriahistoriasdebolsillo.com\/index.php\/wp-json\/wp\/v2\/media?parent=5920"}],"wp:term":[{"taxonomy":"product_brand","embeddable":true,"href":"https:\/\/libreriahistoriasdebolsillo.com\/index.php\/wp-json\/wp\/v2\/product_brand?post=5920"},{"taxonomy":"product_cat","embeddable":true,"href":"https:\/\/libreriahistoriasdebolsillo.com\/index.php\/wp-json\/wp\/v2\/product_cat?post=5920"},{"taxonomy":"product_tag","embeddable":true,"href":"https:\/\/libreriahistoriasdebolsillo.com\/index.php\/wp-json\/wp\/v2\/product_tag?post=5920"}],"curies":[{"name":"wp","href":"https:\/\/api.w.org\/{rel}","templated":true}]}}