{"id":5924,"date":"2024-11-11T14:53:03","date_gmt":"2024-11-11T20:53:03","guid":{"rendered":"https:\/\/libreriahistoriasdebolsillo.com\/?post_type=product&#038;p=5924"},"modified":"2025-06-28T16:45:39","modified_gmt":"2025-06-28T22:45:39","slug":"como-agua-para-chocolate","status":"publish","type":"product","link":"https:\/\/libreriahistoriasdebolsillo.com\/index.php\/producto\/como-agua-para-chocolate\/","title":{"rendered":"Como agua para chocolate"},"content":{"rendered":"<p><b>Con una voz conmovedora y, al mismo tiempo, poderosa, la autora logr\u00f3 reunir los ingredientes precisos que han conquistado a distintas generaciones en todo el mundo.<\/b><\/p>\n<p><b>Laura Esquivel conquist\u00f3 al mundo literario hace veinticinco a\u00f1os a trav\u00e9s de esta alegor\u00eda que vincula con arte los sentimientos y la gastronom\u00eda.<\/b><\/p>\n<p><b>Bestseller internacional, cuya adaptaci\u00f3n al cine es considerada una de las diez pel\u00edculas extranjeras m\u00e1s taquilleras en Estados Unidos.<\/b><\/p>\n<p>La novela narra la historia de Tita de la Garza a manera de recetario, donde cada cap\u00edtulo es una receta que relata las aventuras de la protagonista en una casa donde la tradici\u00f3n la obliga a quedarse a cuidar a su madre, y por lo tanto, sin poderse casar nunca.<\/p>\n<p>Tita, excelente cocinera, expresa su enojo y rebeld\u00eda a trav\u00e9s de sus recetas, creando situaciones extraordinarias que involucrar\u00e1n tambi\u00e9n a los dem\u00e1s miembros de su familia. Al final, todos estos acontecimientos provocar\u00e1n que se enciendan \u00abtodos los cerillos que llevamos en nuestro interior de un solo golpe\u00bb.<\/p>\n","protected":false},"excerpt":{"rendered":"<p>Laura Esquivel<\/p>\n<p>264 p\u00e1ginas<\/p>\n","protected":false},"featured_media":5925,"template":"","meta":{"_joinchat":[]},"product_brand":[],"product_cat":[33],"product_tag":[34],"class_list":{"0":"post-5924","1":"product","2":"type-product","3":"status-publish","4":"has-post-thumbnail","6":"product_cat-ficcion-general","7":"product_tag-penguin-random-house","9":"first","10":"outofstock","11":"shipping-taxable","12":"purchasable","13":"product-type-simple"},"_links":{"self":[{"href":"https:\/\/libreriahistoriasdebolsillo.com\/index.php\/wp-json\/wp\/v2\/product\/5924","targetHints":{"allow":["GET"]}}],"collection":[{"href":"https:\/\/libreriahistoriasdebolsillo.com\/index.php\/wp-json\/wp\/v2\/product"}],"about":[{"href":"https:\/\/libreriahistoriasdebolsillo.com\/index.php\/wp-json\/wp\/v2\/types\/product"}],"wp:featuredmedia":[{"embeddable":true,"href":"https:\/\/libreriahistoriasdebolsillo.com\/index.php\/wp-json\/wp\/v2\/media\/5925"}],"wp:attachment":[{"href":"https:\/\/libreriahistoriasdebolsillo.com\/index.php\/wp-json\/wp\/v2\/media?parent=5924"}],"wp:term":[{"taxonomy":"product_brand","embeddable":true,"href":"https:\/\/libreriahistoriasdebolsillo.com\/index.php\/wp-json\/wp\/v2\/product_brand?post=5924"},{"taxonomy":"product_cat","embeddable":true,"href":"https:\/\/libreriahistoriasdebolsillo.com\/index.php\/wp-json\/wp\/v2\/product_cat?post=5924"},{"taxonomy":"product_tag","embeddable":true,"href":"https:\/\/libreriahistoriasdebolsillo.com\/index.php\/wp-json\/wp\/v2\/product_tag?post=5924"}],"curies":[{"name":"wp","href":"https:\/\/api.w.org\/{rel}","templated":true}]}}