{"id":5926,"date":"2024-11-11T14:55:34","date_gmt":"2024-11-11T20:55:34","guid":{"rendered":"https:\/\/libreriahistoriasdebolsillo.com\/?post_type=product&#038;p=5926"},"modified":"2025-09-24T13:45:54","modified_gmt":"2025-09-24T19:45:54","slug":"blackwater-3-la-casa","status":"publish","type":"product","link":"https:\/\/libreriahistoriasdebolsillo.com\/index.php\/producto\/blackwater-3-la-casa\/","title":{"rendered":"Blackwater 3. La casa"},"content":{"rendered":"<p>Perdido, 1928. El clan\u00a0<b>Caskey<\/b>\u00a0se desmorona con la cruenta guerra personal entre Mary-Love y Elinor. En los recovecos del caser\u00f3n donde viven\u00a0<b>Elinor<\/b><b>\u00a0y Oscar<\/b>\u00a0se esconden crisis conyugales y existenciales con repercusiones que desaf\u00edan la imaginaci\u00f3n, mientras los peores recuerdos, aquellos que uno se esfuerza por mantener ocultos, acechan para tejer sus mort\u00edferas redes y salir a flote.<\/p>\n","protected":false},"excerpt":{"rendered":"<p>Michael McDowell<\/p>\n<p>272 p\u00e1ginas<\/p>\n","protected":false},"featured_media":5927,"template":"","meta":{"_joinchat":[]},"product_brand":[],"product_cat":[39,70,36],"product_tag":[34],"class_list":{"0":"post-5926","1":"product","2":"type-product","3":"status-publish","4":"has-post-thumbnail","6":"product_cat-fantasia","7":"product_cat-novedades","8":"product_cat-terror-y-paranormal","9":"product_tag-penguin-random-house","11":"first","12":"instock","13":"shipping-taxable","14":"purchasable","15":"product-type-simple"},"_links":{"self":[{"href":"https:\/\/libreriahistoriasdebolsillo.com\/index.php\/wp-json\/wp\/v2\/product\/5926","targetHints":{"allow":["GET"]}}],"collection":[{"href":"https:\/\/libreriahistoriasdebolsillo.com\/index.php\/wp-json\/wp\/v2\/product"}],"about":[{"href":"https:\/\/libreriahistoriasdebolsillo.com\/index.php\/wp-json\/wp\/v2\/types\/product"}],"wp:featuredmedia":[{"embeddable":true,"href":"https:\/\/libreriahistoriasdebolsillo.com\/index.php\/wp-json\/wp\/v2\/media\/5927"}],"wp:attachment":[{"href":"https:\/\/libreriahistoriasdebolsillo.com\/index.php\/wp-json\/wp\/v2\/media?parent=5926"}],"wp:term":[{"taxonomy":"product_brand","embeddable":true,"href":"https:\/\/libreriahistoriasdebolsillo.com\/index.php\/wp-json\/wp\/v2\/product_brand?post=5926"},{"taxonomy":"product_cat","embeddable":true,"href":"https:\/\/libreriahistoriasdebolsillo.com\/index.php\/wp-json\/wp\/v2\/product_cat?post=5926"},{"taxonomy":"product_tag","embeddable":true,"href":"https:\/\/libreriahistoriasdebolsillo.com\/index.php\/wp-json\/wp\/v2\/product_tag?post=5926"}],"curies":[{"name":"wp","href":"https:\/\/api.w.org\/{rel}","templated":true}]}}