{"id":5930,"date":"2024-11-11T14:59:29","date_gmt":"2024-11-11T20:59:29","guid":{"rendered":"https:\/\/libreriahistoriasdebolsillo.com\/?post_type=product&#038;p=5930"},"modified":"2025-03-10T10:17:07","modified_gmt":"2025-03-10T16:17:07","slug":"overol-apuntes-sobre-la-narrativa-mexicana-reciente","status":"publish","type":"product","link":"https:\/\/libreriahistoriasdebolsillo.com\/index.php\/producto\/overol-apuntes-sobre-la-narrativa-mexicana-reciente\/","title":{"rendered":"Overol. Apuntes sobre la narrativa mexicana reciente"},"content":{"rendered":"<p>Los\u00a0<b>ensayos<\/b>\u00a0de este libro fueron escritos entre 2019 y 2024. Su objeto principal, mas no \u00fanico, es la\u00a0<b>narrativa mexicana<\/b>\u00a0publicada durante la \u00faltima d\u00e9cada. El marco de referencia es adrede caprichoso: cada. m\u00e1s que reiterar\u00a0<b>est\u00e1ndares acad\u00e9micos<\/b>, me interesa interrogar al\u00a0<b>fen\u00f3meno literario<\/b>\u00a0contempor\u00e1neo sin sucumbir a la obviedad, la uniformidad y el aburrimiento. miento.\u00a0<i><b>Overol<\/b><\/i>\u00a0est\u00e1 dividido en tres partes: \u201c<b>Contexto<\/b>\u201d, que incluye ensayos extensos sobre t\u00e9cnica y ambiente cultural; \u201c<b>Lecturas<\/b>\u201d, que compila art\u00edculos m\u00e1s breves, dedicados a un solo autor; y \u201c<b>Relecturas<\/b>\u201d, con tres ensayos sobre\u00a0<b>autores o libros<\/b>\u00a0de d\u00e9cadas anteriores, y sobre el modo en que esos materiales platican con el presente. Los llamo \u201c\u00a0<b>apuntes\u201d<\/b>\u00a0no les por su falta de profundidad, sino por el predominio de lo\u00a0<b>casual<\/b>\u00a0en la elecci\u00f3n de los relatos sobre los que discurro. El lector constatar\u00e1 la ausencia de algunos de los t\u00edtulos m\u00e1s vendidos y\u00a0<b>pol\u00e9micos<\/b>\u00a0de la actualidad. Este es un truco que le aprend\u00ed a\u00a0<b>George Steiner<\/b>: la convicci\u00f3n de que escribir sobre libros que te gustan y sobre las razones por las que te gustan vuelve m\u00e1s interesante y menos amargo el\u00a0<b>trayecto de la cr\u00edtica<\/b>. Casi siempre.<\/p>\n<p>Juli\u00e1n Herbert<\/p>\n","protected":false},"excerpt":{"rendered":"<p>Juli\u00e1n Herbert<\/p>\n<p>256 p\u00e1ginas<\/p>\n","protected":false},"featured_media":5931,"template":"","meta":{"_joinchat":[]},"product_brand":[],"product_cat":[41,70],"product_tag":[34],"class_list":{"0":"post-5930","1":"product","2":"type-product","3":"status-publish","4":"has-post-thumbnail","6":"product_cat-desarrollo-humano","7":"product_cat-novedades","8":"product_tag-penguin-random-house","10":"first","11":"outofstock","12":"shipping-taxable","13":"purchasable","14":"product-type-simple"},"_links":{"self":[{"href":"https:\/\/libreriahistoriasdebolsillo.com\/index.php\/wp-json\/wp\/v2\/product\/5930","targetHints":{"allow":["GET"]}}],"collection":[{"href":"https:\/\/libreriahistoriasdebolsillo.com\/index.php\/wp-json\/wp\/v2\/product"}],"about":[{"href":"https:\/\/libreriahistoriasdebolsillo.com\/index.php\/wp-json\/wp\/v2\/types\/product"}],"wp:featuredmedia":[{"embeddable":true,"href":"https:\/\/libreriahistoriasdebolsillo.com\/index.php\/wp-json\/wp\/v2\/media\/5931"}],"wp:attachment":[{"href":"https:\/\/libreriahistoriasdebolsillo.com\/index.php\/wp-json\/wp\/v2\/media?parent=5930"}],"wp:term":[{"taxonomy":"product_brand","embeddable":true,"href":"https:\/\/libreriahistoriasdebolsillo.com\/index.php\/wp-json\/wp\/v2\/product_brand?post=5930"},{"taxonomy":"product_cat","embeddable":true,"href":"https:\/\/libreriahistoriasdebolsillo.com\/index.php\/wp-json\/wp\/v2\/product_cat?post=5930"},{"taxonomy":"product_tag","embeddable":true,"href":"https:\/\/libreriahistoriasdebolsillo.com\/index.php\/wp-json\/wp\/v2\/product_tag?post=5930"}],"curies":[{"name":"wp","href":"https:\/\/api.w.org\/{rel}","templated":true}]}}