{"id":5943,"date":"2024-11-13T14:36:14","date_gmt":"2024-11-13T20:36:14","guid":{"rendered":"https:\/\/libreriahistoriasdebolsillo.com\/?post_type=product&#038;p=5943"},"modified":"2025-03-10T10:18:25","modified_gmt":"2025-03-10T16:18:25","slug":"los-murmuradores-1-el-laberinto-de-lo-perdido-y-lo-encontrado","status":"publish","type":"product","link":"https:\/\/libreriahistoriasdebolsillo.com\/index.php\/producto\/los-murmuradores-1-el-laberinto-de-lo-perdido-y-lo-encontrado\/","title":{"rendered":"Los murmuradores 1. El laberinto de lo perdido y lo encontrado"},"content":{"rendered":"<p><b>Todo empez\u00f3 con la grieta en la pared&#8230;<\/b><\/p>\n<p>El pueblecito de\u00a0<b>Wyvern-on-the-Water<\/b>\u00a0no tiene nada de m\u00e1gico, pero eso no es problema para\u00a0<b>Benjamiah<\/b><b>\u00a0Creek<\/b>. \u00c9l no cree en la magia; solo en la l\u00f3gica y la ciencia. Sin embargo, todo cambia el d\u00eda en que un misterioso regalo lo lleva a un\u00a0<b>mundo imposible<\/b>&#8230;<\/p>\n<p>La\u00a0<b>Tierra Enroscada<\/b>\u00a0es una mara\u00f1a de calles sin fin que esconde muchos secretos y peligros. Cuando su camino se cruza con el de la\u00a0<b>valiente<\/b>\u00a0<b>Elizabella<\/b>, no le queda m\u00e1s remedio que acompa\u00f1arla en una arriesgada misi\u00f3n con la que Benjamiah espera encontrar la salida de ese\u00a0<b>laberinto<\/b>. \u00bfSer\u00e1 capaz de regresar a casa sano y salvo? Bienvenidos a la Tierra Enroscada \u00bfQu\u00e9 encontrar\u00e1s en este libro?<\/p>\n","protected":false},"excerpt":{"rendered":"<p>Jordan Lees<\/p>\n<p>448 p\u00e1ginas<\/p>\n","protected":false},"featured_media":5944,"template":"","meta":{"_joinchat":[]},"product_brand":[],"product_cat":[39,54,52,70],"product_tag":[34],"class_list":{"0":"post-5943","1":"product","2":"type-product","3":"status-publish","4":"has-post-thumbnail","6":"product_cat-fantasia","7":"product_cat-infantil","8":"product_cat-juvenil","9":"product_cat-novedades","10":"product_tag-penguin-random-house","12":"first","13":"outofstock","14":"shipping-taxable","15":"purchasable","16":"product-type-simple"},"_links":{"self":[{"href":"https:\/\/libreriahistoriasdebolsillo.com\/index.php\/wp-json\/wp\/v2\/product\/5943","targetHints":{"allow":["GET"]}}],"collection":[{"href":"https:\/\/libreriahistoriasdebolsillo.com\/index.php\/wp-json\/wp\/v2\/product"}],"about":[{"href":"https:\/\/libreriahistoriasdebolsillo.com\/index.php\/wp-json\/wp\/v2\/types\/product"}],"wp:featuredmedia":[{"embeddable":true,"href":"https:\/\/libreriahistoriasdebolsillo.com\/index.php\/wp-json\/wp\/v2\/media\/5944"}],"wp:attachment":[{"href":"https:\/\/libreriahistoriasdebolsillo.com\/index.php\/wp-json\/wp\/v2\/media?parent=5943"}],"wp:term":[{"taxonomy":"product_brand","embeddable":true,"href":"https:\/\/libreriahistoriasdebolsillo.com\/index.php\/wp-json\/wp\/v2\/product_brand?post=5943"},{"taxonomy":"product_cat","embeddable":true,"href":"https:\/\/libreriahistoriasdebolsillo.com\/index.php\/wp-json\/wp\/v2\/product_cat?post=5943"},{"taxonomy":"product_tag","embeddable":true,"href":"https:\/\/libreriahistoriasdebolsillo.com\/index.php\/wp-json\/wp\/v2\/product_tag?post=5943"}],"curies":[{"name":"wp","href":"https:\/\/api.w.org\/{rel}","templated":true}]}}