{"id":5947,"date":"2024-11-13T14:45:22","date_gmt":"2024-11-13T20:45:22","guid":{"rendered":"https:\/\/libreriahistoriasdebolsillo.com\/?post_type=product&#038;p=5947"},"modified":"2025-03-10T10:18:52","modified_gmt":"2025-03-10T16:18:52","slug":"tierra-sonambula","status":"publish","type":"product","link":"https:\/\/libreriahistoriasdebolsillo.com\/index.php\/producto\/tierra-sonambula\/","title":{"rendered":"Tierra son\u00e1mbula"},"content":{"rendered":"<p><b>En\u00a0<i>Tierra son\u00e1mbula,\u00a0<\/i>considerada como una de las diez mejores novelas africanas del siglo XX, Mia Couto denuncia el terrible sufrimiento que conlleva cualquier conflicto b\u00e9lico.<\/b><\/p>\n<p>La guerra civil se recrudece en Mozambique en los a\u00f1os ochenta y la poblaci\u00f3n huye de sus casas. El anciano Tuahir y Muidinga, un ni\u00f1o que fue rescatado de la fosa donde iba a ser enterrado, buscan refugio en un autob\u00fas calcinado. Entre los efectos personales de uno de los pasajeros muertos, encuentran unos cuadernos que narran su vida. A medida que Muidinga los lee, esa historia y la suya propia parecen desarrollarse de manera paralela y discurrir entre la realidad y el sue\u00f1o.<\/p>\n","protected":false},"excerpt":{"rendered":"<p>Mia Couto<\/p>\n<p>296 p\u00e1ginas<\/p>\n","protected":false},"featured_media":5948,"template":"","meta":{"_joinchat":[]},"product_brand":[],"product_cat":[78,70],"product_tag":[34],"class_list":{"0":"post-5947","1":"product","2":"type-product","3":"status-publish","4":"has-post-thumbnail","6":"product_cat-contemporanea","7":"product_cat-novedades","8":"product_tag-penguin-random-house","10":"first","11":"outofstock","12":"shipping-taxable","13":"purchasable","14":"product-type-simple"},"_links":{"self":[{"href":"https:\/\/libreriahistoriasdebolsillo.com\/index.php\/wp-json\/wp\/v2\/product\/5947","targetHints":{"allow":["GET"]}}],"collection":[{"href":"https:\/\/libreriahistoriasdebolsillo.com\/index.php\/wp-json\/wp\/v2\/product"}],"about":[{"href":"https:\/\/libreriahistoriasdebolsillo.com\/index.php\/wp-json\/wp\/v2\/types\/product"}],"wp:featuredmedia":[{"embeddable":true,"href":"https:\/\/libreriahistoriasdebolsillo.com\/index.php\/wp-json\/wp\/v2\/media\/5948"}],"wp:attachment":[{"href":"https:\/\/libreriahistoriasdebolsillo.com\/index.php\/wp-json\/wp\/v2\/media?parent=5947"}],"wp:term":[{"taxonomy":"product_brand","embeddable":true,"href":"https:\/\/libreriahistoriasdebolsillo.com\/index.php\/wp-json\/wp\/v2\/product_brand?post=5947"},{"taxonomy":"product_cat","embeddable":true,"href":"https:\/\/libreriahistoriasdebolsillo.com\/index.php\/wp-json\/wp\/v2\/product_cat?post=5947"},{"taxonomy":"product_tag","embeddable":true,"href":"https:\/\/libreriahistoriasdebolsillo.com\/index.php\/wp-json\/wp\/v2\/product_tag?post=5947"}],"curies":[{"name":"wp","href":"https:\/\/api.w.org\/{rel}","templated":true}]}}