{"id":5949,"date":"2024-11-13T14:49:33","date_gmt":"2024-11-13T20:49:33","guid":{"rendered":"https:\/\/libreriahistoriasdebolsillo.com\/?post_type=product&#038;p=5949"},"modified":"2026-01-29T12:26:23","modified_gmt":"2026-01-29T18:26:23","slug":"blackwater-5-la-fortuna","status":"publish","type":"product","link":"https:\/\/libreriahistoriasdebolsillo.com\/index.php\/producto\/blackwater-5-la-fortuna\/","title":{"rendered":"Blackwater 5. La fortuna"},"content":{"rendered":"<p>Como un organismo vivo, el\u00a0<b>clan<\/b>\u00a0<b>Caskey<\/b>\u00a0crece y se transforma. Mientras unos tendr\u00e1n que enfrentarse a la muerte, otros ser\u00e1n bendecidos con la vida. A trav\u00e9s de acercamientos inesperados cambiar\u00e1n las relaciones y\u00a0<b>el odio<\/b>, finalmente, quedar\u00e1 enterrado. Miriam dirige ahora el\u00a0<b>ASERRADERO FAMILIAR<\/b>\u00a0y saca buen r\u00e9dito de sus gestiones. Todo Perdido celebrar\u00e1 un sorprendente y milagroso\u00a0<b>descubrimiento<\/b>. Pero \u00bfservir\u00e1 de algo la repentina fortuna cuando la naturaleza empiece a reclamar lo que es suyo?<\/p>\n","protected":false},"excerpt":{"rendered":"<p>Michael McDowell<\/p>\n<p>272 p\u00e1ginas<\/p>\n","protected":false},"featured_media":5950,"template":"","meta":{"_joinchat":[]},"product_brand":[],"product_cat":[39,70,36],"product_tag":[34],"class_list":{"0":"post-5949","1":"product","2":"type-product","3":"status-publish","4":"has-post-thumbnail","6":"product_cat-fantasia","7":"product_cat-novedades","8":"product_cat-terror-y-paranormal","9":"product_tag-penguin-random-house","11":"first","12":"instock","13":"shipping-taxable","14":"purchasable","15":"product-type-simple"},"_links":{"self":[{"href":"https:\/\/libreriahistoriasdebolsillo.com\/index.php\/wp-json\/wp\/v2\/product\/5949","targetHints":{"allow":["GET"]}}],"collection":[{"href":"https:\/\/libreriahistoriasdebolsillo.com\/index.php\/wp-json\/wp\/v2\/product"}],"about":[{"href":"https:\/\/libreriahistoriasdebolsillo.com\/index.php\/wp-json\/wp\/v2\/types\/product"}],"wp:featuredmedia":[{"embeddable":true,"href":"https:\/\/libreriahistoriasdebolsillo.com\/index.php\/wp-json\/wp\/v2\/media\/5950"}],"wp:attachment":[{"href":"https:\/\/libreriahistoriasdebolsillo.com\/index.php\/wp-json\/wp\/v2\/media?parent=5949"}],"wp:term":[{"taxonomy":"product_brand","embeddable":true,"href":"https:\/\/libreriahistoriasdebolsillo.com\/index.php\/wp-json\/wp\/v2\/product_brand?post=5949"},{"taxonomy":"product_cat","embeddable":true,"href":"https:\/\/libreriahistoriasdebolsillo.com\/index.php\/wp-json\/wp\/v2\/product_cat?post=5949"},{"taxonomy":"product_tag","embeddable":true,"href":"https:\/\/libreriahistoriasdebolsillo.com\/index.php\/wp-json\/wp\/v2\/product_tag?post=5949"}],"curies":[{"name":"wp","href":"https:\/\/api.w.org\/{rel}","templated":true}]}}